{"id":29116,"date":"2024-07-09T13:50:57","date_gmt":"2024-07-09T13:50:57","guid":{"rendered":"https:\/\/coolrent.pl\/?page_id=29116"},"modified":"2024-08-08T15:19:19","modified_gmt":"2024-08-08T15:19:19","slug":"dostavka-i-poluchenie","status":"publish","type":"page","link":"https:\/\/coolrent.pl\/ru\/dostavka-i-poluchenie\/","title":{"rendered":"\u0414\u043e\u0441\u0442\u0430\u0432\u043a\u0430 \u0438 \u043f\u043e\u043b\u0443\u0447\u0435\u043d\u0438\u0435"},"content":{"rendered":"<div data-elementor-type=\"wp-page\" data-elementor-id=\"29116\" class=\"elementor elementor-29116\">\n\t\t\t\t<div class=\"wd-negative-gap elementor-element elementor-element-8e17f23 e-flex e-con-boxed e-con e-parent\" data-id=\"8e17f23\" data-element_type=\"container\">\n\t\t\t\t\t<div class=\"e-con-inner\">\n\t\t<div class=\"elementor-element elementor-element-4893e12 e-con-full e-flex e-con e-child\" data-id=\"4893e12\" data-element_type=\"container\">\n\t\t\t\t<\/div>\n\t\t<div class=\"elementor-element elementor-element-d53c4a2 e-con-full e-flex e-con e-child\" data-id=\"d53c4a2\" data-element_type=\"container\" data-settings=\"{&quot;background_background&quot;:&quot;classic&quot;}\">\n\t\t\t\t<div class=\"elementor-element elementor-element-313604e elementor-position-left elementor-view-default elementor-mobile-position-top elementor-widget elementor-widget-icon-box\" data-id=\"313604e\" data-element_type=\"widget\" data-widget_type=\"icon-box.default\">\n\t\t\t\t\t\t\t<div class=\"elementor-icon-box-wrapper\">\n\n\t\t\t\t\t\t<div class=\"elementor-icon-box-icon\">\n\t\t\t\t<span  class=\"elementor-icon\">\n\t\t\t\t<svg aria-hidden=\"true\" class=\"e-font-icon-svg e-fas-money-bill-wave\" viewbox=\"0 0 640 512\" xmlns=\"http:\/\/www.w3.org\/2000\/svg\"><path d=\"M621.16 54.46C582.37 38.19 543.55 32 504.75 32c-123.17-.01-246.33 62.34-369.5 62.34-30.89 0-61.76-3.92-92.65-13.72-3.47-1.1-6.95-1.62-10.35-1.62C15.04 79 0 92.32 0 110.81v317.26c0 12.63 7.23 24.6 18.84 29.46C57.63 473.81 96.45 480 135.25 480c123.17 0 246.34-62.35 369.51-62.35 30.89 0 61.76 3.92 92.65 13.72 3.47 1.1 6.95 1.62 10.35 1.62 17.21 0 32.25-13.32 32.25-31.81V83.93c-.01-12.64-7.24-24.6-18.85-29.47zM48 132.22c20.12 5.04 41.12 7.57 62.72 8.93C104.84 170.54 79 192.69 48 192.69v-60.47zm0 285v-47.78c34.37 0 62.18 27.27 63.71 61.4-22.53-1.81-43.59-6.31-63.71-13.62zM320 352c-44.19 0-80-42.99-80-96 0-53.02 35.82-96 80-96s80 42.98 80 96c0 53.03-35.83 96-80 96zm272 27.78c-17.52-4.39-35.71-6.85-54.32-8.44 5.87-26.08 27.5-45.88 54.32-49.28v57.72zm0-236.11c-30.89-3.91-54.86-29.7-55.81-61.55 19.54 2.17 38.09 6.23 55.81 12.66v48.89z\"><\/path><\/svg>\t\t\t\t<\/span>\n\t\t\t<\/div>\n\t\t\t\n\t\t\t\t\t\t<div class=\"elementor-icon-box-content\">\n\n\t\t\t\t\t\t\t\t\t<h3 class=\"elementor-icon-box-title\">\n\t\t\t\t\t\t<span  >\n\t\t\t\t\t\t\t \u0421\u0442\u043e\u0438\u043c\u043e\u0441\u0442\u044c \u0443\u0441\u043b\u0443\u0433\u0438 \u0434\u043e\u0441\u0442\u0430\u0432\u043a\u0438 \u0438\u043b\u0438 \u0432\u043e\u0437\u0432\u0440\u0430\u0442\u0430\t\t\t\t\t\t<\/span>\n\t\t\t\t\t<\/h3>\n\t\t\t\t\n\t\t\t\t\n\t\t\t<\/div>\n\t\t\t\n\t\t<\/div>\n\t\t\t\t\t\t<\/div>\n\t\t\t\t<div class=\"elementor-element elementor-element-c5f5501 text-center color-scheme-inherit elementor-widget elementor-widget-text-editor\" data-id=\"c5f5501\" data-element_type=\"widget\" data-widget_type=\"text-editor.default\">\n\t\t\t\t\t\t\t\t\t<p style=\"text-align: left;\"><strong>\u0421\u0442\u043e\u0438\u043c\u043e\u0441\u0442\u044c \u0443\u0441\u043b\u0443\u0433\u0438 \u0434\u043e\u0441\u0442\u0430\u0432\u043a\u0438 \u0438\u043b\u0438 \u0432\u043e\u0437\u0432\u0440\u0430\u0442\u0430 \u0443\u043a\u0430\u0437\u0430\u043d\u0430 \u0432 \u043e\u043f\u0438\u0441\u0430\u043d\u0438\u0438 \u043a\u0430\u0436\u0434\u043e\u0433\u043e \u0438\u043d\u0441\u0442\u0440\u0443\u043c\u0435\u043d\u0442\u0430. <\/strong><\/p><p style=\"text-align: left;\"><strong>\u0426\u0435\u043d\u0430 \u0437\u0430\u0432\u0438\u0441\u0438\u0442 \u043e\u0442 \u0433\u0430\u0431\u0430\u0440\u0438\u0442\u043e\u0432 \u0438 \u0432\u0435\u0441\u0430 \u0438\u043d\u0441\u0442\u0440\u0443\u043c\u0435\u043d\u0442\u0430.<\/strong><\/p><p style=\"text-align: left;\" class=\"translation-block\"><span style=\"text-decoration: underline\">\u041f\u0440\u0438 \u0430\u0440\u0435\u043d\u0434\u0435 \u043d\u0435\u0441\u043a\u043e\u043b\u044c\u043a\u0438\u0445 \u0438\u043d\u0441\u0442\u0440\u0443\u043c\u0435\u043d\u0442\u043e\u0432, \u0441\u0442\u043e\u0438\u043c\u043e\u0441\u0442\u044c \u0434\u043e\u0441\u0442\u0430\u0432\u043a\u0438\/\u0432\u043e\u0437\u0432\u0440\u0430\u0442\u0430 \u043a\u043e\u0442\u043e\u0440\u044b\u0445 \u0440\u0430\u0437\u043b\u0438\u0447\u0430\u0435\u0442\u0441\u044f, \u0438\u0441\u043f\u043e\u043b\u044c\u0437\u0443\u0435\u0442\u0441\u044f \u0441\u0442\u043e\u0438\u043c\u043e\u0441\u0442\u044c, \u0431\u043e\u043b\u044c\u0448\u0430\u044f \u0438\u0437 \u0434\u0432\u0443\u0445 \u0438\u043d\u0441\u0442\u0440\u0443\u043c\u0435\u043d\u0442\u043e\u0432 <strong> <\/span>(\u043d\u0430\u043f\u0440\u0438\u043c\u0435\u0440, \u0435\u0441\u043b\u0438 \u0446\u0435\u043d\u0430 \u0434\u043e\u0441\u0442\u0430\u0432\u043a\u0438 \u043e\u0434\u043d\u043e\u0433\u043e \u0438\u043d\u0441\u0442\u0440\u0443\u043c\u0435\u043d\u0442\u0430 \u0441\u043e\u0441\u0442\u0430\u0432\u043b\u044f\u0435\u0442 20 \u0437\u043b\u043e\u0442\u044b\u0445, \u0430 \u0432\u0442\u043e\u0440\u043e\u0439 40 \u0437\u043b\u043e\u0442\u044b\u0445 - \u043e\u043a\u043e\u043d\u0447\u0430\u0442\u0435\u043b\u044c\u043d\u0430\u044f \u0446\u0435\u043d\u0430 \u0434\u043e\u0441\u0442\u0430\u0432\u043a\u0438 2 \u0438\u043d\u0441\u0442\u0440\u0443\u043c\u0435\u043d\u0442\u043e\u0432 40 \u0437\u043b\u043e\u0442\u044b\u0445).<\/p><p style=\"text-align: left;\"><em><span style=\"text-decoration: underline;\"><strong>\u0412 \u0441\u0442\u043e\u0438\u043c\u043e\u0441\u0442\u044c \u0434\u043e\u0441\u0442\u0430\u0432\u043a\u0438 \u043d\u0435 \u0432\u0445\u043e\u0434\u0438\u0442 \u043f\u043e\u0434\u044a\u0435\u043c \u0438\u043d\u0441\u0442\u0440\u0443\u043c\u0435\u043d\u0442\u0430 \u043f\u043e \u043b\u0435\u0441\u0442\u043d\u0438\u0446\u0435.<\/strong><\/span><\/em><\/p>\t\t\t\t\t\t\t\t<\/div>\n\t\t\t\t<\/div>\n\t\t<div class=\"elementor-element elementor-element-5847db8 e-con-full e-flex e-con e-child\" data-id=\"5847db8\" data-element_type=\"container\">\n\t\t\t\t<\/div>\n\t\t\t\t\t<\/div>\n\t\t\t\t<\/div>\n\t\t\t\t<\/div>","protected":false},"excerpt":{"rendered":"<p>Cena us\u0142ugi dostawy lub zwrotu Cena us\u0142ugi dostawy lub zwrotu jest podana w opisie ka\u017cdego narz\u0119dzia. Cena ta zale\u017cy od<\/p>","protected":false},"author":1,"featured_media":0,"parent":0,"menu_order":0,"comment_status":"closed","ping_status":"closed","template":"elementor_header_footer","meta":{"_monsterinsights_skip_tracking":false,"_monsterinsights_sitenote_active":false,"_monsterinsights_sitenote_note":"","_monsterinsights_sitenote_category":0,"footnotes":""},"class_list":["post-29116","page","type-page","status-publish","hentry"],"_links":{"self":[{"href":"https:\/\/coolrent.pl\/ru\/wp-json\/wp\/v2\/pages\/29116","targetHints":{"allow":["GET"]}}],"collection":[{"href":"https:\/\/coolrent.pl\/ru\/wp-json\/wp\/v2\/pages"}],"about":[{"href":"https:\/\/coolrent.pl\/ru\/wp-json\/wp\/v2\/types\/page"}],"author":[{"embeddable":true,"href":"https:\/\/coolrent.pl\/ru\/wp-json\/wp\/v2\/users\/1"}],"replies":[{"embeddable":true,"href":"https:\/\/coolrent.pl\/ru\/wp-json\/wp\/v2\/comments?post=29116"}],"version-history":[{"count":4,"href":"https:\/\/coolrent.pl\/ru\/wp-json\/wp\/v2\/pages\/29116\/revisions"}],"predecessor-version":[{"id":29121,"href":"https:\/\/coolrent.pl\/ru\/wp-json\/wp\/v2\/pages\/29116\/revisions\/29121"}],"wp:attachment":[{"href":"https:\/\/coolrent.pl\/ru\/wp-json\/wp\/v2\/media?parent=29116"}],"curies":[{"name":"wp","href":"https:\/\/api.w.org\/{rel}","templated":true}]}}