{"id":29164,"date":"2024-07-09T15:36:32","date_gmt":"2024-07-09T15:36:32","guid":{"rendered":"https:\/\/coolrent.pl\/?page_id=29164"},"modified":"2024-08-09T09:20:16","modified_gmt":"2024-08-09T09:20:16","slug":"polityka-cookies","status":"publish","type":"page","link":"https:\/\/coolrent.pl\/ru\/polityka-cookies\/","title":{"rendered":"\u041f\u043e\u043b\u0438\u0442\u0438\u043a\u0430 cookies"},"content":{"rendered":"<div data-elementor-type=\"wp-page\" data-elementor-id=\"29164\" class=\"elementor elementor-29164\">\n\t\t\t\t<div class=\"wd-negative-gap elementor-element elementor-element-4742cf6 e-flex e-con-boxed e-con e-parent\" data-id=\"4742cf6\" data-element_type=\"container\">\n\t\t\t\t\t<div class=\"e-con-inner\">\n\t\t\t\t<div class=\"elementor-element elementor-element-6f2852d color-scheme-inherit text-left elementor-widget elementor-widget-text-editor\" data-id=\"6f2852d\" data-element_type=\"widget\" data-widget_type=\"text-editor.default\">\n\t\t\t\t\t\t\t\t\t<h3 style=\"text-align: center;\"><strong>Polityka cookies Cool Rent<\/strong><\/h3>\n<ol>\n<li>Cool Rent \u043d\u0435 \u0441\u043e\u0431\u0438\u0440\u0430\u0435\u0442 \u043d\u0438\u043a\u0430\u043a\u043e\u0439 \u0438\u043d\u0444\u043e\u0440\u043c\u0430\u0446\u0438\u0438 \u0430\u0432\u0442\u043e\u043c\u0430\u0442\u0438\u0447\u0435\u0441\u043a\u0438, \u0437\u0430 \u0438\u0441\u043a\u043b\u044e\u0447\u0435\u043d\u0438\u0435\u043c \u0434\u0430\u043d\u043d\u044b\u0445, \u0441\u043e\u0434\u0435\u0440\u0436\u0430\u0449\u0438\u0445\u0441\u044f \u0432 \u0444\u0430\u0439\u043b\u0430\u0445 cookie.<\/li>\n<li>\u0424\u0430\u0439\u043b\u044b cookie (\u0442\u0430\u043a \u043d\u0430\u0437\u044b\u0432\u0430\u0435\u043c\u044b\u0435 \u00ab\u043a\u0443\u043a\u0438\u00bb) \u043f\u0440\u0435\u0434\u0441\u0442\u0430\u0432\u043b\u044f\u044e\u0442 \u0441\u043e\u0431\u043e\u0439 \u0434\u0430\u043d\u043d\u044b\u0435, \u0432 \u0447\u0430\u0441\u0442\u043d\u043e\u0441\u0442\u0438 \u0442\u0435\u043a\u0441\u0442\u043e\u0432\u044b\u0435 \u0444\u0430\u0439\u043b\u044b, \u043a\u043e\u0442\u043e\u0440\u044b\u0435 \u0441\u043e\u0445\u0440\u0430\u043d\u044f\u044e\u0442\u0441\u044f \u043d\u0430 \u043a\u043e\u043d\u0435\u0447\u043d\u043e\u043c \u0443\u0441\u0442\u0440\u043e\u0439\u0441\u0442\u0432\u0435 \u041f\u043e\u043b\u044c\u0437\u043e\u0432\u0430\u0442\u0435\u043b\u044f Cool Rent \u0438 \u043f\u0440\u0435\u0434\u043d\u0430\u0437\u043d\u0430\u0447\u0435\u043d\u044b \u0434\u043b\u044f \u0438\u0441\u043f\u043e\u043b\u044c\u0437\u043e\u0432\u0430\u043d\u0438\u044f \u043d\u0430 \u0441\u0430\u0439\u0442\u0430\u0445 Cool Rent. \u0424\u0430\u0439\u043b\u044b cookie \u043e\u0431\u044b\u0447\u043d\u043e \u0441\u043e\u0434\u0435\u0440\u0436\u0430\u0442 \u043d\u0430\u0437\u0432\u0430\u043d\u0438\u0435 \u0432\u0435\u0431-\u0441\u0430\u0439\u0442\u0430, \u0441 \u043a\u043e\u0442\u043e\u0440\u043e\u0433\u043e \u043e\u043d\u0438 \u0431\u044b\u043b\u0438 \u043f\u043e\u043b\u0443\u0447\u0435\u043d\u044b, \u0432\u0440\u0435\u043c\u044f \u0438\u0445 \u0445\u0440\u0430\u043d\u0435\u043d\u0438\u044f \u043d\u0430 \u043a\u043e\u043d\u0435\u0447\u043d\u043e\u043c \u0443\u0441\u0442\u0440\u043e\u0439\u0441\u0442\u0432\u0435 \u0438 \u0443\u043d\u0438\u043a\u0430\u043b\u044c\u043d\u044b\u0439 \u043d\u043e\u043c\u0435\u0440.<\/li>\n<li>\u0421\u0443\u0431\u044a\u0435\u043a\u0442\u043e\u043c, \u0440\u0430\u0437\u043c\u0435\u0449\u0430\u044e\u0449\u0438\u043c \u0444\u0430\u0439\u043b\u044b cookie \u043d\u0430 \u043a\u043e\u043d\u0435\u0447\u043d\u043e\u043c \u0443\u0441\u0442\u0440\u043e\u0439\u0441\u0442\u0432\u0435 \u041f\u043e\u043b\u044c\u0437\u043e\u0432\u0430\u0442\u0435\u043b\u044f Cool Rent \u0438 \u043f\u043e\u043b\u0443\u0447\u0430\u044e\u0449\u0438\u043c \u043a \u043d\u0438\u043c \u0434\u043e\u0441\u0442\u0443\u043f, \u044f\u0432\u043b\u044f\u0435\u0442\u0441\u044f \u043e\u043f\u0435\u0440\u0430\u0442\u043e\u0440 \u0441\u0430\u0439\u0442\u0430 coolrent.pl.<\/li>\n<li class=\"translation-block\">\u0424\u0430\u0439\u043b\u044b cookie \u0438\u0441\u043f\u043e\u043b\u044c\u0437\u0443\u044e\u0442\u0441\u044f \u0434\u043b\u044f:<br>\u2022 \u043d\u0430\u0441\u0442\u0440\u043e\u0439\u043a\u0438 \u0441\u043e\u0434\u0435\u0440\u0436\u0430\u043d\u0438\u044f \u0432\u0435\u0431-\u0441\u0442\u0440\u0430\u043d\u0438\u0446 Cool Rent \u0432 \u0441\u043e\u043e\u0442\u0432\u0435\u0442\u0441\u0442\u0432\u0438\u0438 \u0441 \u043f\u0440\u0435\u0434\u043f\u043e\u0447\u0442\u0435\u043d\u0438\u044f\u043c\u0438 \u041f\u043e\u043b\u044c\u0437\u043e\u0432\u0430\u0442\u0435\u043b\u044f \u0438 \u043e\u043f\u0442\u0438\u043c\u0438\u0437\u0430\u0446\u0438\u0438 \u0438\u0441\u043f\u043e\u043b\u044c\u0437\u043e\u0432\u0430\u043d\u0438\u044f \u0432\u0435\u0431-\u0441\u0430\u0439\u0442\u043e\u0432, \u0432 \u0447\u0430\u0441\u0442\u043d\u043e\u0441\u0442\u0438, \u044d\u0442\u0438 \u0444\u0430\u0439\u043b\u044b \u043f\u043e\u0437\u0432\u043e\u043b\u044f\u044e\u0442 \u0440\u0430\u0441\u043f\u043e\u0437\u043d\u0430\u0442\u044c \u0443\u0441\u0442\u0440\u043e\u0439\u0441\u0442\u0432\u043e \u041f\u043e\u043b\u044c\u0437\u043e\u0432\u0430\u0442\u0435\u043b\u044f Cool Rent \u0438 \u043a\u043e\u0440\u0440\u0435\u043a\u0442\u043d\u043e \u043e\u0442\u043e\u0431\u0440\u0430\u0437\u0438\u0442\u044c \u0432\u0435\u0431-\u0441\u0442\u0440\u0430\u043d\u0438\u0446\u0443, \u0430\u0434\u0430\u043f\u0442\u0438\u0440\u043e\u0432\u0430\u043d\u043d\u0443\u044e \u043a \u0435\u0433\u043e \u0438\u043d\u0434\u0438\u0432\u0438\u0434\u0443\u0430\u043b\u044c\u043d\u044b\u043c \u043f\u043e\u0442\u0440\u0435\u0431\u043d\u043e\u0441\u0442\u044f\u043c;<br>\u2022 \u0441\u043e\u0437\u0434\u0430\u043d\u0438\u044f \u0441\u0442\u0430\u0442\u0438\u0441\u0442\u0438\u043a\u0438, \u043a\u043e\u0442\u043e\u0440\u0430\u044f \u043f\u043e\u043c\u043e\u0433\u0430\u0435\u0442 \u043f\u043e\u043d\u044f\u0442\u044c, \u043a\u0430\u043a \u041f\u043e\u043b\u044c\u0437\u043e\u0432\u0430\u0442\u0435\u043b\u0438 Cool Rent \u0438\u0441\u043f\u043e\u043b\u044c\u0437\u0443\u044e\u0442 \u0432\u0435\u0431-\u0441\u0430\u0439\u0442\u044b, \u0447\u0442\u043e \u043f\u043e\u0437\u0432\u043e\u043b\u044f\u0435\u0442 \u0443\u043b\u0443\u0447\u0448\u0430\u0442\u044c \u0438\u0445 \u0441\u0442\u0440\u0443\u043a\u0442\u0443\u0440\u0443 \u0438 \u0441\u043e\u0434\u0435\u0440\u0436\u0430\u043d\u0438\u0435;<br>\u2022 \u043f\u043e\u0434\u0434\u0435\u0440\u0436\u0430\u043d\u0438\u044f \u0441\u0435\u0441\u0441\u0438\u0438 \u041f\u043e\u043b\u044c\u0437\u043e\u0432\u0430\u0442\u0435\u043b\u044f Cool Rent (\u043f\u043e\u0441\u043b\u0435 \u0432\u0445\u043e\u0434\u0430 \u0432 \u0441\u0438\u0441\u0442\u0435\u043c\u0443), \u0431\u043b\u0430\u0433\u043e\u0434\u0430\u0440\u044f \u0447\u0435\u043c\u0443 \u041f\u043e\u043b\u044c\u0437\u043e\u0432\u0430\u0442\u0435\u043b\u044e \u043d\u0435 \u043d\u0443\u0436\u043d\u043e \u0432\u0432\u043e\u0434\u0438\u0442\u044c \u043b\u043e\u0433\u0438\u043d \u0438 \u043f\u0430\u0440\u043e\u043b\u044c \u043d\u0430 \u043a\u0430\u0436\u0434\u043e\u0439 \u043f\u043e\u0434\u0441\u0442\u0440\u0430\u043d\u0438\u0446\u0435 Cool Rent;<br>\u2022 \u043d\u0430\u0441\u0442\u0440\u043e\u0439\u043a\u0438 \u0440\u0435\u043a\u043b\u0430\u043c\u043d\u043e\u0433\u043e \u043a\u043e\u043d\u0442\u0435\u043d\u0442\u0430 \u0432 \u0433\u0440\u0430\u0444\u0438\u0447\u0435\u0441\u043a\u043e\u0439 \u0444\u043e\u0440\u043c\u0435 (\u0433\u0440\u0430\u0444\u0438\u0447\u0435\u0441\u043a\u0438\u0435 \u043e\u0431\u044a\u044f\u0432\u043b\u0435\u043d\u0438\u044f) \u0441 \u0438\u0441\u043f\u043e\u043b\u044c\u0437\u043e\u0432\u0430\u043d\u0438\u0435\u043c \u0440\u0435\u043c\u0430\u0440\u043a\u0435\u0442\u0438\u043d\u0433\u0430 Google Analytics.<\/li>\n<li>\u0412 \u0440\u0430\u043c\u043a\u0430\u0445 Cool Rent \u0438\u0441\u043f\u043e\u043b\u044c\u0437\u0443\u044e\u0442\u0441\u044f \u0434\u0432\u0430 \u043e\u0441\u043d\u043e\u0432\u043d\u044b\u0445 \u0442\u0438\u043f\u0430 \u0444\u0430\u0439\u043b\u043e\u0432 cookie: \u00ab\u0441\u0435\u0441\u0441\u0438\u043e\u043d\u043d\u044b\u0435\u00bb (session cookies) \u0438 \u00ab\u043f\u043e\u0441\u0442\u043e\u044f\u043d\u043d\u044b\u0435\u00bb (persistent cookies). \u00ab\u0421\u0435\u0441\u0441\u0438\u043e\u043d\u043d\u044b\u0435\u00bb \u0444\u0430\u0439\u043b\u044b cookie \u044f\u0432\u043b\u044f\u044e\u0442\u0441\u044f \u0432\u0440\u0435\u043c\u0435\u043d\u043d\u044b\u043c\u0438 \u0444\u0430\u0439\u043b\u0430\u043c\u0438, \u043a\u043e\u0442\u043e\u0440\u044b\u0435 \u0441\u043e\u0445\u0440\u0430\u043d\u044f\u044e\u0442\u0441\u044f \u043d\u0430 \u043a\u043e\u043d\u0435\u0447\u043d\u043e\u043c \u0443\u0441\u0442\u0440\u043e\u0439\u0441\u0442\u0432\u0435 \u041f\u043e\u043b\u044c\u0437\u043e\u0432\u0430\u0442\u0435\u043b\u044f \u0434\u043e \u043c\u043e\u043c\u0435\u043d\u0442\u0430 \u0432\u044b\u0445\u043e\u0434\u0430 \u0438\u0437 \u0441\u0438\u0441\u0442\u0435\u043c\u044b, \u0437\u0430\u043a\u0440\u044b\u0442\u0438\u044f \u0432\u0435\u0431-\u0441\u0430\u0439\u0442\u0430 \u0438\u043b\u0438 \u043e\u0442\u043a\u043b\u044e\u0447\u0435\u043d\u0438\u044f \u043f\u0440\u043e\u0433\u0440\u0430\u043c\u043c\u043d\u043e\u0433\u043e \u043e\u0431\u0435\u0441\u043f\u0435\u0447\u0435\u043d\u0438\u044f (\u0432\u0435\u0431-\u0431\u0440\u0430\u0443\u0437\u0435\u0440\u0430). \u00ab\u041f\u043e\u0441\u0442\u043e\u044f\u043d\u043d\u044b\u0435\u00bb \u0444\u0430\u0439\u043b\u044b cookie \u0445\u0440\u0430\u043d\u044f\u0442\u0441\u044f \u043d\u0430 \u043a\u043e\u043d\u0435\u0447\u043d\u043e\u043c \u0443\u0441\u0442\u0440\u043e\u0439\u0441\u0442\u0432\u0435 \u041f\u043e\u043b\u044c\u0437\u043e\u0432\u0430\u0442\u0435\u043b\u044f \u0432 \u0442\u0435\u0447\u0435\u043d\u0438\u0435 \u0432\u0440\u0435\u043c\u0435\u043d\u0438, \u0443\u043a\u0430\u0437\u0430\u043d\u043d\u043e\u0433\u043e \u0432 \u043f\u0430\u0440\u0430\u043c\u0435\u0442\u0440\u0430\u0445 \u0444\u0430\u0439\u043b\u043e\u0432 cookie, \u0438\u043b\u0438 \u0434\u043e \u043c\u043e\u043c\u0435\u043d\u0442\u0430 \u0438\u0445 \u0443\u0434\u0430\u043b\u0435\u043d\u0438\u044f \u041f\u043e\u043b\u044c\u0437\u043e\u0432\u0430\u0442\u0435\u043b\u0435\u043c.<\/li>\n<li class=\"translation-block\">\u0412 \u0440\u0430\u043c\u043a\u0430\u0445 Cool Rent \u0438\u0441\u043f\u043e\u043b\u044c\u0437\u0443\u044e\u0442\u0441\u044f \u0441\u043b\u0435\u0434\u0443\u044e\u0449\u0438\u0435 \u0442\u0438\u043f\u044b \u0444\u0430\u0439\u043b\u043e\u0432 cookie:<br>\u2022 \u00ab\u043d\u0435\u043e\u0431\u0445\u043e\u0434\u0438\u043c\u044b\u0435\u00bb \u0444\u0430\u0439\u043b\u044b cookie, \u043a\u043e\u0442\u043e\u0440\u044b\u0435 \u043f\u043e\u0437\u0432\u043e\u043b\u044f\u044e\u0442 \u0438\u0441\u043f\u043e\u043b\u044c\u0437\u043e\u0432\u0430\u0442\u044c \u0443\u0441\u043b\u0443\u0433\u0438, \u0434\u043e\u0441\u0442\u0443\u043f\u043d\u044b\u0435 \u043d\u0430 Cool Rent, \u043d\u0430\u043f\u0440\u0438\u043c\u0435\u0440, \u0444\u0430\u0439\u043b\u044b cookie \u0434\u043b\u044f \u0430\u0443\u0442\u0435\u043d\u0442\u0438\u0444\u0438\u043a\u0430\u0446\u0438\u0438, \u0438\u0441\u043f\u043e\u043b\u044c\u0437\u0443\u0435\u043c\u044b\u0435 \u0434\u043b\u044f \u0443\u0441\u043b\u0443\u0433, \u0442\u0440\u0435\u0431\u0443\u044e\u0449\u0438\u0445 \u0430\u0443\u0442\u0435\u043d\u0442\u0438\u0444\u0438\u043a\u0430\u0446\u0438\u0438 \u043d\u0430 Cool Rent;<br>\u2022 \u0444\u0430\u0439\u043b\u044b cookie \u0434\u043b\u044f \u043e\u0431\u0435\u0441\u043f\u0435\u0447\u0435\u043d\u0438\u044f \u0431\u0435\u0437\u043e\u043f\u0430\u0441\u043d\u043e\u0441\u0442\u0438, \u043d\u0430\u043f\u0440\u0438\u043c\u0435\u0440, \u0438\u0441\u043f\u043e\u043b\u044c\u0437\u0443\u0435\u043c\u044b\u0435 \u0434\u043b\u044f \u043e\u0431\u043d\u0430\u0440\u0443\u0436\u0435\u043d\u0438\u044f \u0437\u043b\u043e\u0443\u043f\u043e\u0442\u0440\u0435\u0431\u043b\u0435\u043d\u0438\u0439 \u0432 \u043e\u0431\u043b\u0430\u0441\u0442\u0438 \u0430\u0443\u0442\u0435\u043d\u0442\u0438\u0444\u0438\u043a\u0430\u0446\u0438\u0438 \u043d\u0430 Cool Rent;<br>\u2022 \u00ab\u043f\u0440\u043e\u0438\u0437\u0432\u043e\u0434\u0438\u0442\u0435\u043b\u044c\u043d\u044b\u0435\u00bb \u0444\u0430\u0439\u043b\u044b cookie, \u043a\u043e\u0442\u043e\u0440\u044b\u0435 \u0441\u043e\u0431\u0438\u0440\u0430\u044e\u0442 \u0438\u043d\u0444\u043e\u0440\u043c\u0430\u0446\u0438\u044e \u043e \u0442\u043e\u043c, \u043a\u0430\u043a \u043f\u043e\u043b\u044c\u0437\u043e\u0432\u0430\u0442\u0435\u043b\u0438 \u0438\u0441\u043f\u043e\u043b\u044c\u0437\u0443\u044e\u0442 \u0432\u0435\u0431-\u0441\u0442\u0440\u0430\u043d\u0438\u0446\u044b Cool Rent;<br>\u2022 \u00ab\u0444\u0443\u043d\u043a\u0446\u0438\u043e\u043d\u0430\u043b\u044c\u043d\u044b\u0435\u00bb \u0444\u0430\u0439\u043b\u044b cookie, \u043a\u043e\u0442\u043e\u0440\u044b\u0435 \u043f\u043e\u0437\u0432\u043e\u043b\u044f\u044e\u0442 \u00ab\u0437\u0430\u043f\u043e\u043c\u0438\u043d\u0430\u0442\u044c\u00bb \u0432\u044b\u0431\u0440\u0430\u043d\u043d\u044b\u0435 \u043f\u043e\u043b\u044c\u0437\u043e\u0432\u0430\u0442\u0435\u043b\u0435\u043c \u043d\u0430\u0441\u0442\u0440\u043e\u0439\u043a\u0438 \u0438 \u043f\u0435\u0440\u0441\u043e\u043d\u0430\u043b\u0438\u0437\u0438\u0440\u043e\u0432\u0430\u0442\u044c \u0438\u043d\u0442\u0435\u0440\u0444\u0435\u0439\u0441 \u043f\u043e\u043b\u044c\u0437\u043e\u0432\u0430\u0442\u0435\u043b\u044f, \u043d\u0430\u043f\u0440\u0438\u043c\u0435\u0440, \u0432 \u043e\u0442\u043d\u043e\u0448\u0435\u043d\u0438\u0438 \u0432\u044b\u0431\u0440\u0430\u043d\u043d\u043e\u0433\u043e \u044f\u0437\u044b\u043a\u0430 \u0438\u043b\u0438 \u0440\u0435\u0433\u0438\u043e\u043d\u0430, \u043e\u0442\u043a\u0443\u0434\u0430 \u043f\u043e\u043b\u044c\u0437\u043e\u0432\u0430\u0442\u0435\u043b\u044c, \u0440\u0430\u0437\u043c\u0435\u0440\u0430 \u0448\u0440\u0438\u0444\u0442\u0430, \u0432\u043d\u0435\u0448\u043d\u0435\u0433\u043e \u0432\u0438\u0434\u0430 \u0432\u0435\u0431-\u0441\u0442\u0440\u0430\u043d\u0438\u0446\u044b \u0438 \u0442. \u0434.;<br>\u2022 \u00ab\u0440\u0435\u043a\u043b\u0430\u043c\u043d\u044b\u0435\u00bb \u0444\u0430\u0439\u043b\u044b cookie, \u043a\u043e\u0442\u043e\u0440\u044b\u0435 \u043f\u043e\u0437\u0432\u043e\u043b\u044f\u044e\u0442 \u043f\u0440\u0435\u0434\u043e\u0441\u0442\u0430\u0432\u043b\u044f\u0442\u044c \u043f\u043e\u043b\u044c\u0437\u043e\u0432\u0430\u0442\u0435\u043b\u044f\u043c \u0440\u0435\u043a\u043b\u0430\u043c\u043d\u044b\u0435 \u043c\u0430\u0442\u0435\u0440\u0438\u0430\u043b\u044b, \u0431\u043e\u043b\u0435\u0435 \u0441\u043e\u043e\u0442\u0432\u0435\u0442\u0441\u0442\u0432\u0443\u044e\u0449\u0438\u0435 \u0438\u0445 \u0438\u043d\u0442\u0435\u0440\u0435\u0441\u0430\u043c.<\/li>\n<li>\u0412 \u0431\u043e\u043b\u044c\u0448\u0438\u043d\u0441\u0442\u0432\u0435 \u0441\u043b\u0443\u0447\u0430\u0435\u0432 \u043f\u0440\u043e\u0433\u0440\u0430\u043c\u043c\u043d\u043e\u0435 \u043e\u0431\u0435\u0441\u043f\u0435\u0447\u0435\u043d\u0438\u0435, \u0438\u0441\u043f\u043e\u043b\u044c\u0437\u0443\u0435\u043c\u043e\u0435 \u0434\u043b\u044f \u043f\u0440\u043e\u0441\u043c\u043e\u0442\u0440\u0430 \u0432\u0435\u0431-\u0441\u0442\u0440\u0430\u043d\u0438\u0446 (\u0432\u0435\u0431-\u0431\u0440\u0430\u0443\u0437\u0435\u0440), \u043f\u043e \u0443\u043c\u043e\u043b\u0447\u0430\u043d\u0438\u044e \u0440\u0430\u0437\u0440\u0435\u0448\u0430\u0435\u0442 \u0441\u043e\u0445\u0440\u0430\u043d\u0435\u043d\u0438\u0435 \u0444\u0430\u0439\u043b\u043e\u0432 cookie \u043d\u0430 \u043a\u043e\u043d\u0435\u0447\u043d\u043e\u043c \u0443\u0441\u0442\u0440\u043e\u0439\u0441\u0442\u0432\u0435 \u043f\u043e\u043b\u044c\u0437\u043e\u0432\u0430\u0442\u0435\u043b\u044f. \u041f\u043e\u043b\u044c\u0437\u043e\u0432\u0430\u0442\u0435\u043b\u0438 Cool Rent \u043c\u043e\u0433\u0443\u0442 \u0432 \u043b\u044e\u0431\u043e\u0439 \u043c\u043e\u043c\u0435\u043d\u0442 \u0438\u0437\u043c\u0435\u043d\u0438\u0442\u044c \u043d\u0430\u0441\u0442\u0440\u043e\u0439\u043a\u0438 \u0444\u0430\u0439\u043b\u043e\u0432 cookie. \u042d\u0442\u0438 \u043d\u0430\u0441\u0442\u0440\u043e\u0439\u043a\u0438 \u043c\u043e\u0436\u043d\u043e \u0438\u0437\u043c\u0435\u043d\u0438\u0442\u044c, \u043d\u0430\u043f\u0440\u0438\u043c\u0435\u0440, \u0447\u0442\u043e\u0431\u044b \u0437\u0430\u0431\u043b\u043e\u043a\u0438\u0440\u043e\u0432\u0430\u0442\u044c \u0430\u0432\u0442\u043e\u043c\u0430\u0442\u0438\u0447\u0435\u0441\u043a\u0443\u044e \u043e\u0431\u0440\u0430\u0431\u043e\u0442\u043a\u0443 \u0444\u0430\u0439\u043b\u043e\u0432 cookie \u0432 \u043d\u0430\u0441\u0442\u0440\u043e\u0439\u043a\u0430\u0445 \u0432\u0435\u0431-\u0431\u0440\u0430\u0443\u0437\u0435\u0440\u0430 \u0438\u043b\u0438 \u043f\u043e\u043b\u0443\u0447\u0430\u0442\u044c \u0443\u0432\u0435\u0434\u043e\u043c\u043b\u0435\u043d\u0438\u044f \u043e \u043a\u0430\u0436\u0434\u043e\u043c \u0440\u0430\u0437\u043c\u0435\u0449\u0435\u043d\u0438\u0438 \u0444\u0430\u0439\u043b\u043e\u0432 cookie \u043d\u0430 \u0443\u0441\u0442\u0440\u043e\u0439\u0441\u0442\u0432\u0435 \u043f\u043e\u043b\u044c\u0437\u043e\u0432\u0430\u0442\u0435\u043b\u044f Cool Rent. \u041f\u043e\u0434\u0440\u043e\u0431\u043d\u0443\u044e \u0438\u043d\u0444\u043e\u0440\u043c\u0430\u0446\u0438\u044e \u043e \u0432\u043e\u0437\u043c\u043e\u0436\u043d\u043e\u0441\u0442\u044f\u0445 \u0438 \u0441\u043f\u043e\u0441\u043e\u0431\u0430\u0445 \u0443\u043f\u0440\u0430\u0432\u043b\u0435\u043d\u0438\u044f \u0444\u0430\u0439\u043b\u0430\u043c\u0438 cookie \u043c\u043e\u0436\u043d\u043e \u043d\u0430\u0439\u0442\u0438 \u0432 \u043d\u0430\u0441\u0442\u0440\u043e\u0439\u043a\u0430\u0445 \u043f\u0440\u043e\u0433\u0440\u0430\u043c\u043c\u043d\u043e\u0433\u043e \u043e\u0431\u0435\u0441\u043f\u0435\u0447\u0435\u043d\u0438\u044f (\u0432\u0435\u0431-\u0431\u0440\u0430\u0443\u0437\u0435\u0440\u0430). \u041f\u043e\u043b\u044c\u0437\u043e\u0432\u0430\u0442\u0435\u043b\u0438 \u043c\u043e\u0433\u0443\u0442 \u0437\u0430\u0431\u043b\u043e\u043a\u0438\u0440\u043e\u0432\u0430\u0442\u044c \u0441\u043b\u0443\u0436\u0431\u0443 Analytics \u0434\u043b\u044f \u0440\u0435\u043a\u043b\u0430\u043c\u043d\u044b\u0445 \u0434\u0438\u0441\u043f\u043b\u0435\u0435\u0432 \u0438 \u043d\u0430\u0441\u0442\u0440\u043e\u0438\u0442\u044c \u0440\u0435\u043a\u043b\u0430\u043c\u0443 \u0432 \u0440\u0435\u043a\u043b\u0430\u043c\u043d\u043e\u0439 \u0441\u0435\u0442\u0438 Google \u0432 \u041c\u0435\u043d\u0435\u0434\u0436\u0435\u0440\u0435 \u043f\u0440\u0435\u0434\u043f\u043e\u0447\u0442\u0435\u043d\u0438\u0439 \u0440\u0435\u043a\u043b\u0430\u043c\u044b. \u0422\u0430\u043a\u0436\u0435 \u043c\u043e\u0436\u043d\u043e \u0441\u043a\u0430\u0447\u0430\u0442\u044c \u043f\u0440\u043e\u0433\u0440\u0430\u043c\u043c\u0443 \u0434\u043b\u044f \u0431\u043b\u043e\u043a\u0438\u0440\u043e\u0432\u043a\u0438 Google Analytics \u0441 \u0441\u0430\u0439\u0442\u0430 https:\/\/tools.google.com\/dlpage\/gaoptout\/<\/li>\n<li>\u041e\u043f\u0435\u0440\u0430\u0442\u043e\u0440 Cool Rent \u0438\u043d\u0444\u043e\u0440\u043c\u0438\u0440\u0443\u0435\u0442, \u0447\u0442\u043e \u043e\u0433\u0440\u0430\u043d\u0438\u0447\u0435\u043d\u0438\u044f \u043d\u0430 \u0438\u0441\u043f\u043e\u043b\u044c\u0437\u043e\u0432\u0430\u043d\u0438\u0435 \u0444\u0430\u0439\u043b\u043e\u0432 cookie \u043c\u043e\u0433\u0443\u0442 \u043f\u043e\u0432\u043b\u0438\u044f\u0442\u044c \u043d\u0430 \u043d\u0435\u043a\u043e\u0442\u043e\u0440\u044b\u0435 \u0444\u0443\u043d\u043a\u0446\u0438\u0438, \u0434\u043e\u0441\u0442\u0443\u043f\u043d\u044b\u0435 \u043d\u0430 \u0432\u0435\u0431-\u0441\u0430\u0439\u0442\u0430\u0445 Cool Rent.<\/li>\n<li>\u0424\u0430\u0439\u043b\u044b cookie, \u0440\u0430\u0437\u043c\u0435\u0449\u0430\u0435\u043c\u044b\u0435 \u043d\u0430 \u043a\u043e\u043d\u0435\u0447\u043d\u043e\u043c \u0443\u0441\u0442\u0440\u043e\u0439\u0441\u0442\u0432\u0435 \u043f\u043e\u043b\u044c\u0437\u043e\u0432\u0430\u0442\u0435\u043b\u044f Cool Rent, \u043c\u043e\u0433\u0443\u0442 \u0442\u0430\u043a\u0436\u0435 \u0440\u0430\u0437\u043c\u0435\u0449\u0430\u0442\u044c\u0441\u044f \u0438 \u0438\u0441\u043f\u043e\u043b\u044c\u0437\u043e\u0432\u0430\u0442\u044c\u0441\u044f \u0440\u0435\u043a\u043b\u0430\u043c\u043e\u0434\u0430\u0442\u0435\u043b\u044f\u043c\u0438 \u0438 \u043f\u0430\u0440\u0442\u043d\u0435\u0440\u0430\u043c\u0438, \u0441\u043e\u0442\u0440\u0443\u0434\u043d\u0438\u0447\u0430\u044e\u0449\u0438\u043c\u0438 \u0441 \u043e\u043f\u0435\u0440\u0430\u0442\u043e\u0440\u043e\u043c \u0441\u0430\u0439\u0442\u0430.<\/li>\n<\/ol>\t\t\t\t\t\t\t\t<\/div>\n\t\t\t\t\t<\/div>\n\t\t\t\t<\/div>\n\t\t\t\t<\/div>","protected":false},"excerpt":{"rendered":"<p>Polityka cookies Cool Rent Cool Rent nie zbiera w spos\u00f3b automatyczny \u017cadnych informacji, z wyj\u0105tkiem informacji zawartych w plikach cookies.<\/p>","protected":false},"author":1,"featured_media":0,"parent":0,"menu_order":0,"comment_status":"closed","ping_status":"closed","template":"elementor_header_footer","meta":{"_monsterinsights_skip_tracking":false,"_monsterinsights_sitenote_active":false,"_monsterinsights_sitenote_note":"","_monsterinsights_sitenote_category":0,"footnotes":""},"class_list":["post-29164","page","type-page","status-publish","hentry"],"_links":{"self":[{"href":"https:\/\/coolrent.pl\/ru\/wp-json\/wp\/v2\/pages\/29164","targetHints":{"allow":["GET"]}}],"collection":[{"href":"https:\/\/coolrent.pl\/ru\/wp-json\/wp\/v2\/pages"}],"about":[{"href":"https:\/\/coolrent.pl\/ru\/wp-json\/wp\/v2\/types\/page"}],"author":[{"embeddable":true,"href":"https:\/\/coolrent.pl\/ru\/wp-json\/wp\/v2\/users\/1"}],"replies":[{"embeddable":true,"href":"https:\/\/coolrent.pl\/ru\/wp-json\/wp\/v2\/comments?post=29164"}],"version-history":[{"count":11,"href":"https:\/\/coolrent.pl\/ru\/wp-json\/wp\/v2\/pages\/29164\/revisions"}],"predecessor-version":[{"id":29424,"href":"https:\/\/coolrent.pl\/ru\/wp-json\/wp\/v2\/pages\/29164\/revisions\/29424"}],"wp:attachment":[{"href":"https:\/\/coolrent.pl\/ru\/wp-json\/wp\/v2\/media?parent=29164"}],"curies":[{"name":"wp","href":"https:\/\/api.w.org\/{rel}","templated":true}]}}