{"id":29175,"date":"2024-07-09T15:46:51","date_gmt":"2024-07-09T15:46:51","guid":{"rendered":"https:\/\/coolrent.pl\/?page_id=29175"},"modified":"2024-08-08T15:20:31","modified_gmt":"2024-08-08T15:20:31","slug":"faq","status":"publish","type":"page","link":"https:\/\/coolrent.pl\/ru\/faq\/","title":{"rendered":"FAQ"},"content":{"rendered":"<div data-elementor-type=\"wp-page\" data-elementor-id=\"29175\" class=\"elementor elementor-29175\">\n\t\t\t\t<div class=\"wd-negative-gap elementor-element elementor-element-4742cf6 e-flex e-con-boxed e-con e-parent\" data-id=\"4742cf6\" data-element_type=\"container\">\n\t\t\t\t\t<div class=\"e-con-inner\">\n\t\t\t\t<div class=\"elementor-element elementor-element-a861cb8 wd-accordion-theme-style elementor-widget elementor-widget-accordion\" data-id=\"a861cb8\" data-element_type=\"widget\" data-widget_type=\"accordion.default\">\n\t\t\t\t\t\t\t<div class=\"elementor-accordion\">\n\t\t\t\t\t\t\t<div class=\"elementor-accordion-item\">\n\t\t\t\t\t<div id=\"elementor-tab-title-1761\" class=\"elementor-tab-title\" data-tab=\"1\" role=\"button\" aria-controls=\"elementor-tab-content-1761\" aria-expanded=\"false\">\n\t\t\t\t\t\t\t\t\t\t\t\t\t<span class=\"elementor-accordion-icon elementor-accordion-icon-left\" aria-hidden=\"true\">\n\t\t\t\t\t\t\t\t\t\t\t\t\t\t\t<span class=\"elementor-accordion-icon-closed\"><svg class=\"e-font-icon-svg e-fas-chevron-down\" viewbox=\"0 0 448 512\" xmlns=\"http:\/\/www.w3.org\/2000\/svg\"><path d=\"M207.029 381.476L12.686 187.132c-9.373-9.373-9.373-24.569 0-33.941l22.667-22.667c9.357-9.357 24.522-9.375 33.901-.04L224 284.505l154.745-154.021c9.379-9.335 24.544-9.317 33.901.04l22.667 22.667c9.373 9.373 9.373 24.569 0 33.941L240.971 381.476c-9.373 9.372-24.569 9.372-33.942 0z\"><\/path><\/svg><\/span>\n\t\t\t\t\t\t\t\t<span class=\"elementor-accordion-icon-opened\"><svg class=\"e-font-icon-svg e-fas-chevron-up\" viewbox=\"0 0 448 512\" xmlns=\"http:\/\/www.w3.org\/2000\/svg\"><path d=\"M240.971 130.524l194.343 194.343c9.373 9.373 9.373 24.569 0 33.941l-22.667 22.667c-9.357 9.357-24.522 9.375-33.901.04L224 227.495 69.255 381.516c-9.379 9.335-24.544 9.317-33.901-.04l-22.667-22.667c-9.373-9.373-9.373-24.569 0-33.941L207.03 130.525c9.372-9.373 24.568-9.373 33.941-.001z\"><\/path><\/svg><\/span>\n\t\t\t\t\t\t\t\t\t\t\t\t\t\t<\/span>\n\t\t\t\t\t\t\t\t\t\t\t\t<a class=\"elementor-accordion-title\" tabindex=\"0\">\u041a\u0410\u041a \u0410\u0420\u0415\u041d\u0414\u041e\u0412\u0410\u0422\u042c?<\/a>\n\t\t\t\t\t<\/div>\n\t\t\t\t\t<div id=\"elementor-tab-content-1761\" class=\"elementor-tab-content elementor-clearfix\" data-tab=\"1\" role=\"region\" aria-labelledby=\"elementor-tab-title-1761\"><div data-id=\"0701d1c\" data-element_type=\"widget\" data-widget_type=\"wd_title.default\">\n<div>\n<div>\n<div>\n<h4>4 \u043f\u0440\u043e\u0441\u0442\u044b\u0445 \u0448\u0430\u0433\u0430!<\/h4>\n<\/div>\n<\/div>\n<\/div>\n<\/div>\n<div data-id=\"c114c5c\" data-element_type=\"widget\" data-widget_type=\"icon-list.default\">\n<div>\n<ul>\n<li><strong>01.&nbsp;<\/strong>\u0412\u042b\u0411\u0415\u0420\u0418\u0422\u0415 \u0418\u041d\u0422\u0415\u0420\u0415\u0421\u0423\u042e\u0429\u0418\u0419 \u0418\u041d\u0421\u0422\u0420\u0423\u041c\u0415\u041d\u0422<\/li>\n<li><strong>02.&nbsp;<\/strong>\u041f\u041e\u0417\u0412\u041e\u041d\u0418\u0422\u0415 \u0418\u041b\u0418 \u041d\u0410\u041f\u0418\u0428\u0418\u0422\u0415 \u041d\u0410\u041c \u0418 \u041c\u042b \u041f\u0420\u041e\u0412\u0415\u0420\u0418\u041c \u041d\u0410\u041b\u0418\u0427\u0418\u0415<\/li>\n<li><strong>03.&nbsp;<\/strong>\u0417\u0410\u041a\u041b\u042e\u0427\u0410\u0415\u041c \u0414\u041e\u0413\u041e\u0412\u041e\u0420 \u0410\u0420\u0415\u041d\u0414\u042b (5 \u041c\u0418\u041d\u0423\u0422)<\/li>\n<li><strong>04.&nbsp;<\/strong>\u0414\u041e\u0421\u0422\u0410\u0412\u041a\u0410 \u0418\u041b\u0418 \u0421\u0410\u041c\u041e\u0412\u042b\u0412\u041e\u0417<\/li>\n<li><strong>\u041f\u041e\u041b\u042c\u0417\u0423\u0419\u0422\u0415\u0421\u042c \u041d\u0423\u0416\u041d\u042b\u041c \u0418\u041d\u0421\u0422\u0420\u0423\u041c\u0415\u041d\u0422\u041e\u041c !<\/strong><\/li>\n<\/ul>\n<\/div>\n<\/div><\/div>\n\t\t\t\t<\/div>\n\t\t\t\t\t\t\t<div class=\"elementor-accordion-item\">\n\t\t\t\t\t<div id=\"elementor-tab-title-1762\" class=\"elementor-tab-title\" data-tab=\"2\" role=\"button\" aria-controls=\"elementor-tab-content-1762\" aria-expanded=\"false\">\n\t\t\t\t\t\t\t\t\t\t\t\t\t<span class=\"elementor-accordion-icon elementor-accordion-icon-left\" aria-hidden=\"true\">\n\t\t\t\t\t\t\t\t\t\t\t\t\t\t\t<span class=\"elementor-accordion-icon-closed\"><svg class=\"e-font-icon-svg e-fas-chevron-down\" viewbox=\"0 0 448 512\" xmlns=\"http:\/\/www.w3.org\/2000\/svg\"><path d=\"M207.029 381.476L12.686 187.132c-9.373-9.373-9.373-24.569 0-33.941l22.667-22.667c9.357-9.357 24.522-9.375 33.901-.04L224 284.505l154.745-154.021c9.379-9.335 24.544-9.317 33.901.04l22.667 22.667c9.373 9.373 9.373 24.569 0 33.941L240.971 381.476c-9.373 9.372-24.569 9.372-33.942 0z\"><\/path><\/svg><\/span>\n\t\t\t\t\t\t\t\t<span class=\"elementor-accordion-icon-opened\"><svg class=\"e-font-icon-svg e-fas-chevron-up\" viewbox=\"0 0 448 512\" xmlns=\"http:\/\/www.w3.org\/2000\/svg\"><path d=\"M240.971 130.524l194.343 194.343c9.373 9.373 9.373 24.569 0 33.941l-22.667 22.667c-9.357 9.357-24.522 9.375-33.901.04L224 227.495 69.255 381.516c-9.379 9.335-24.544 9.317-33.901-.04l-22.667-22.667c-9.373-9.373-9.373-24.569 0-33.941L207.03 130.525c9.372-9.373 24.568-9.373 33.941-.001z\"><\/path><\/svg><\/span>\n\t\t\t\t\t\t\t\t\t\t\t\t\t\t<\/span>\n\t\t\t\t\t\t\t\t\t\t\t\t<a class=\"elementor-accordion-title\" tabindex=\"0\">\u041a\u0430\u043a\u0438\u0435 \u0434\u043e\u043a\u0443\u043c\u0435\u043d\u0442\u044b \u043d\u0435\u043e\u0431\u0445\u043e\u0434\u0438\u043c\u044b?<\/a>\n\t\t\t\t\t<\/div>\n\t\t\t\t\t<div id=\"elementor-tab-content-1762\" class=\"elementor-tab-content elementor-clearfix\" data-tab=\"2\" role=\"region\" aria-labelledby=\"elementor-tab-title-1762\"><p><strong>\u041d\u0435\u043e\u0431\u0445\u043e\u0434\u0438\u043c\u044b\u0435 \u0434\u043e\u043a\u0443\u043c\u0435\u043d\u0442\u044b \u0438 \u0447\u0430\u0441\u0442\u043e \u0437\u0430\u0434\u0430\u0432\u0430\u0435\u043c\u044b\u0435 \u0432\u043e\u043f\u0440\u043e\u0441\u044b - \u0410\u0440\u0435\u043d\u0434\u0430 \u0432 \u0412\u0430\u0440\u0448\u0430\u0432\u0435 Cool Rent<\/strong><\/p><ul><li>\u0414\u043e\u043a\u0443\u043c\u0435\u043d\u0442 \u043e \u043f\u0440\u0438\u0441\u0432\u043e\u0435\u043d\u0438\u0438 NIP \u0438 REGON<\/li><li>\u0420\u0430\u0441\u043f\u0435\u0447\u0430\u0442\u043a\u0430 \u0438\u0437 CEIDG \u0438\u043b\u0438 KRS<\/li><li>\u0414\u043e\u0432\u0435\u0440\u0435\u043d\u043d\u043e\u0441\u0442\u044c \u043d\u0430 \u043f\u043e\u043b\u0443\u0447\u0435\u043d\u0438\u0435 \u043e\u0442 \u0432\u0430\u0448\u0435\u0439 \u043a\u043e\u043c\u043f\u0430\u043d\u0438\u0438<\/li><li>\u0414\u043e\u043a\u0443\u043c\u0435\u043d\u0442, \u0443\u0434\u043e\u0441\u0442\u043e\u0432\u0435\u0440\u044f\u044e\u0449\u0438\u0439 \u043b\u0438\u0447\u043d\u043e\u0441\u0442\u044c, \u0441 \u0444\u043e\u0442\u043e\u0433\u0440\u0430\u0444\u0438\u0435\u0439<\/li><\/ul><p>\u0412 \u0441\u043b\u0443\u0447\u0430\u0435 \u043f\u043e\u0441\u0442\u043e\u044f\u043d\u043d\u043e\u0433\u043e \u0441\u043e\u0442\u0440\u0443\u0434\u043d\u0438\u0447\u0435\u0441\u0442\u0432\u0430 \u0441 \u043a\u043e\u043c\u043f\u0430\u043d\u0438\u044f\u043c\u0438, \u0432 \u043a\u043e\u043d\u0446\u0435 \u0440\u0430\u0441\u0447\u0435\u0442\u043d\u043e\u0433\u043e \u043c\u0435\u0441\u044f\u0446\u0430 \u043c\u044b \u0441\u0443\u043c\u043c\u0438\u0440\u0443\u0435\u043c \u0441\u0443\u043c\u043c\u0443 \u0430\u0440\u0435\u043d\u0434\u044b \u0438 \u0432\u044b\u0441\u0442\u0430\u0432\u043b\u044f\u0435\u043c \u0441\u0447\u0435\u0442 \u0441 \u043e\u0442\u0441\u0440\u043e\u0447\u043a\u043e\u0439 \u043f\u043b\u0430\u0442\u0435\u0436\u0430.<\/p><p><strong>\u041d\u0435\u043e\u0431\u0445\u043e\u0434\u0438\u043c\u044b\u0435 \u0434\u043e\u043a\u0443\u043c\u0435\u043d\u0442\u044b \u0434\u043b\u044f \u0438\u043d\u0434\u0438\u0432\u0438\u0434\u0443\u0430\u043b\u044c\u043d\u044b\u0445 \u043a\u043b\u0438\u0435\u043d\u0442\u043e\u0432:<\/strong><\/p><ul><li>\u0414\u0432\u0430 \u0434\u043e\u043a\u0443\u043c\u0435\u043d\u0442\u0430, \u0443\u0434\u043e\u0441\u0442\u043e\u0432\u0435\u0440\u044f\u044e\u0449\u0438\u0435 \u043b\u0438\u0447\u043d\u043e\u0441\u0442\u044c \u043d\u0430 \u043f\u043e\u043b\u044c\u0441\u043a\u043e\u043c \u044f\u0437\u044b\u043a\u0435 \u0441 \u0444\u043e\u0442\u043e\u0433\u0440\u0430\u0444\u0438\u0435\u0439 (\u043f\u0430\u0441\u043f\u043e\u0440\u0442, ID-\u043a\u0430\u0440\u0442\u0430, \u0432\u043e\u0434\u0438\u0442\u0435\u043b\u044c\u0441\u043a\u0438\u0435 \u043f\u0440\u0430\u0432\u0430)<\/li><li>\u041a\u0430\u0440\u0442\u0430 \u043f\u043e\u0431\u044b\u0442\u0430 \u0434\u043b\u044f \u0438\u043d\u043e\u0441\u0442\u0440\u0430\u043d\u0446\u0435\u0432<\/li><li style=\"list-style-type: none;\">\u00a0<\/li><\/ul><\/div>\n\t\t\t\t<\/div>\n\t\t\t\t\t\t\t<div class=\"elementor-accordion-item\">\n\t\t\t\t\t<div id=\"elementor-tab-title-1763\" class=\"elementor-tab-title\" data-tab=\"3\" role=\"button\" aria-controls=\"elementor-tab-content-1763\" aria-expanded=\"false\">\n\t\t\t\t\t\t\t\t\t\t\t\t\t<span class=\"elementor-accordion-icon elementor-accordion-icon-left\" aria-hidden=\"true\">\n\t\t\t\t\t\t\t\t\t\t\t\t\t\t\t<span class=\"elementor-accordion-icon-closed\"><svg class=\"e-font-icon-svg e-fas-chevron-down\" viewbox=\"0 0 448 512\" xmlns=\"http:\/\/www.w3.org\/2000\/svg\"><path d=\"M207.029 381.476L12.686 187.132c-9.373-9.373-9.373-24.569 0-33.941l22.667-22.667c9.357-9.357 24.522-9.375 33.901-.04L224 284.505l154.745-154.021c9.379-9.335 24.544-9.317 33.901.04l22.667 22.667c9.373 9.373 9.373 24.569 0 33.941L240.971 381.476c-9.373 9.372-24.569 9.372-33.942 0z\"><\/path><\/svg><\/span>\n\t\t\t\t\t\t\t\t<span class=\"elementor-accordion-icon-opened\"><svg class=\"e-font-icon-svg e-fas-chevron-up\" viewbox=\"0 0 448 512\" xmlns=\"http:\/\/www.w3.org\/2000\/svg\"><path d=\"M240.971 130.524l194.343 194.343c9.373 9.373 9.373 24.569 0 33.941l-22.667 22.667c-9.357 9.357-24.522 9.375-33.901.04L224 227.495 69.255 381.516c-9.379 9.335-24.544 9.317-33.901-.04l-22.667-22.667c-9.373-9.373-9.373-24.569 0-33.941L207.03 130.525c9.372-9.373 24.568-9.373 33.941-.001z\"><\/path><\/svg><\/span>\n\t\t\t\t\t\t\t\t\t\t\t\t\t\t<\/span>\n\t\t\t\t\t\t\t\t\t\t\t\t<a class=\"elementor-accordion-title\" tabindex=\"0\">\u041a\u0430\u043a \u0432\u0435\u0440\u043d\u0443\u0442\u044c \u0430\u0440\u0435\u043d\u0434\u043e\u0432\u0430\u043d\u043d\u044b\u0439 \u0438\u043d\u0441\u0442\u0440\u0443\u043c\u0435\u043d\u0442?<\/a>\n\t\t\t\t\t<\/div>\n\t\t\t\t\t<div id=\"elementor-tab-content-1763\" class=\"elementor-tab-content elementor-clearfix\" data-tab=\"3\" role=\"region\" aria-labelledby=\"elementor-tab-title-1763\"><ul><li>\u0421\u0430\u043c\u043e\u0441\u0442\u043e\u044f\u0442\u0435\u043b\u044c\u043d\u043e<\/li><li>\u0417\u0430\u043a\u0430\u0436\u0438\u0442\u0435 \u0434\u043e\u0441\u0442\u0430\u0432\u043a\u0443 \u0438\u043d\u0441\u0442\u0440\u0443\u043c\u0435\u043d\u0442\u0430 \u043a\u0443\u0440\u044c\u0435\u0440\u043e\u043c<\/li><\/ul><p>\u0410\u0440\u0435\u043d\u0434\u043e\u0432\u0430\u043d\u043d\u043e\u0435 \u043e\u0431\u043e\u0440\u0443\u0434\u043e\u0432\u0430\u043d\u0438\u0435 \u0438 \u0438\u043d\u0441\u0442\u0440\u0443\u043c\u0435\u043d\u0442\u044b \u0434\u043e\u043b\u0436\u043d\u044b \u0431\u044b\u0442\u044c \u0432\u043e\u0437\u0432\u0440\u0430\u0449\u0435\u043d\u044b \u0432 \u0442\u043e\u043c \u0441\u043e\u0441\u0442\u043e\u044f\u043d\u0438\u0438, \u0432 \u043a\u043e\u0442\u043e\u0440\u043e\u043c \u043e\u043d\u0438 \u0431\u044b\u043b\u0438 \u0432\u044b\u0434\u0430\u043d\u044b.<\/p><p>\u0415\u0441\u043b\u0438 \u0432\u044b \u0432\u0435\u0440\u043d\u0435\u0442\u0435 \u0433\u0440\u044f\u0437\u043d\u044b\u0435 \u0438\u043d\u0441\u0442\u0440\u0443\u043c\u0435\u043d\u0442\u044b, \u0432\u0430\u043c \u043f\u0440\u0438\u0434\u0435\u0442\u0441\u044f \u0437\u0430\u043f\u043b\u0430\u0442\u0438\u0442\u044c \u0448\u0442\u0440\u0430\u0444.\u00a0<strong>25 \u0437\u043b\u043e\u0442\u044b\u0445 \u0437\u0430 \u043a\u0430\u0436\u0434\u044b\u0439 \u0437\u0430\u0433\u0440\u044f\u0437\u043d\u0435\u043d\u043d\u044b\u0439 \u0438\u043d\u0441\u0442\u0440\u0443\u043c\u0435\u043d\u0442<\/strong>.<\/p><\/div>\n\t\t\t\t<\/div>\n\t\t\t\t\t\t\t<div class=\"elementor-accordion-item\">\n\t\t\t\t\t<div id=\"elementor-tab-title-1764\" class=\"elementor-tab-title\" data-tab=\"4\" role=\"button\" aria-controls=\"elementor-tab-content-1764\" aria-expanded=\"false\">\n\t\t\t\t\t\t\t\t\t\t\t\t\t<span class=\"elementor-accordion-icon elementor-accordion-icon-left\" aria-hidden=\"true\">\n\t\t\t\t\t\t\t\t\t\t\t\t\t\t\t<span class=\"elementor-accordion-icon-closed\"><svg class=\"e-font-icon-svg e-fas-chevron-down\" viewbox=\"0 0 448 512\" xmlns=\"http:\/\/www.w3.org\/2000\/svg\"><path d=\"M207.029 381.476L12.686 187.132c-9.373-9.373-9.373-24.569 0-33.941l22.667-22.667c9.357-9.357 24.522-9.375 33.901-.04L224 284.505l154.745-154.021c9.379-9.335 24.544-9.317 33.901.04l22.667 22.667c9.373 9.373 9.373 24.569 0 33.941L240.971 381.476c-9.373 9.372-24.569 9.372-33.942 0z\"><\/path><\/svg><\/span>\n\t\t\t\t\t\t\t\t<span class=\"elementor-accordion-icon-opened\"><svg class=\"e-font-icon-svg e-fas-chevron-up\" viewbox=\"0 0 448 512\" xmlns=\"http:\/\/www.w3.org\/2000\/svg\"><path d=\"M240.971 130.524l194.343 194.343c9.373 9.373 9.373 24.569 0 33.941l-22.667 22.667c-9.357 9.357-24.522 9.375-33.901.04L224 227.495 69.255 381.516c-9.379 9.335-24.544 9.317-33.901-.04l-22.667-22.667c-9.373-9.373-9.373-24.569 0-33.941L207.03 130.525c9.372-9.373 24.568-9.373 33.941-.001z\"><\/path><\/svg><\/span>\n\t\t\t\t\t\t\t\t\t\t\t\t\t\t<\/span>\n\t\t\t\t\t\t\t\t\t\t\t\t<a class=\"elementor-accordion-title\" tabindex=\"0\">\u0421\u043a\u043e\u043b\u044c\u043a\u043e \u0441\u0442\u043e\u0438\u0442 \u0434\u043e\u0441\u0442\u0430\u0432\u043a\u0430 \u0438\u043b\u0438 \u0432\u043e\u0437\u0432\u0440\u0430\u0442?<\/a>\n\t\t\t\t\t<\/div>\n\t\t\t\t\t<div id=\"elementor-tab-content-1764\" class=\"elementor-tab-content elementor-clearfix\" data-tab=\"4\" role=\"region\" aria-labelledby=\"elementor-tab-title-1764\"><p><strong>\u0421\u0442\u043e\u0438\u043c\u043e\u0441\u0442\u044c \u0443\u0441\u043b\u0443\u0433\u0438 \u0434\u043e\u0441\u0442\u0430\u0432\u043a\u0438 \u0438\u043b\u0438 \u0432\u043e\u0437\u0432\u0440\u0430\u0442\u0430 \u0443\u043a\u0430\u0437\u0430\u043d\u0430 \u0432 \u043e\u043f\u0438\u0441\u0430\u043d\u0438\u0438 \u043a\u0430\u0436\u0434\u043e\u0433\u043e \u0438\u043d\u0441\u0442\u0440\u0443\u043c\u0435\u043d\u0442\u0430.<\/strong><\/p><p><strong>\u0426\u0435\u043d\u0430 \u0437\u0430\u0432\u0438\u0441\u0438\u0442 \u043e\u0442 \u0433\u0430\u0431\u0430\u0440\u0438\u0442\u043e\u0432 \u0438 \u0432\u0435\u0441\u0430 \u0438\u043d\u0441\u0442\u0440\u0443\u043c\u0435\u043d\u0442\u0430.<\/strong><\/p><p class=\"translation-block\">\u041f\u0440\u0438 \u0430\u0440\u0435\u043d\u0434\u0435 \u043d\u0435\u0441\u043a\u043e\u043b\u044c\u043a\u0438\u0445 \u0438\u043d\u0441\u0442\u0440\u0443\u043c\u0435\u043d\u0442\u043e\u0432, \u0446\u0435\u043d\u0430 \u0434\u043e\u0441\u0442\u0430\u0432\u043a\u0438\/\u0432\u043e\u0437\u0432\u0440\u0430\u0442\u0430 \u043a\u043e\u0442\u043e\u0440\u044b\u0445 \u0440\u0430\u0437\u043b\u0438\u0447\u043d\u0430, \u0438\u0441\u043f\u043e\u043b\u044c\u0437\u0443\u0435\u0442\u0441\u044f \u0431\u043e\u043b\u044c\u0448\u0430\u044f \u0438\u0437 \u0434\u0432\u0443\u0445 \u0438\u043d\u0441\u0442\u0440\u0443\u043c\u0435\u043d\u0442\u043e\u0432 (\u043d\u0430\u043f\u0440\u0438\u043c\u0435\u0440, \u0435\u0441\u043b\u0438 \u0446\u0435\u043d\u0430 \u0434\u043e\u0441\u0442\u0430\u0432\u043a\u0438 \u043e\u0434\u043d\u043e\u0433\u043e \u0438\u043d\u0441\u0442\u0440\u0443\u043c\u0435\u043d\u0442\u0430 \u0441\u043e\u0441\u0442\u0430\u0432\u043b\u044f\u0435\u0442 20 \u0437\u043b\u043e\u0442\u044b\u0445, \u0430 \u0434\u0440\u0443\u0433\u043e\u0433\u043e - 40 \u0437\u043b\u043e\u0442\u044b\u0445, \u043e\u043a\u043e\u043d\u0447\u0430\u0442\u0435\u043b\u044c\u043d\u0430\u044f \u0446\u0435\u043d\u0430 \u0434\u043e\u0441\u0442\u0430\u0432\u043a\u0438 \u0434\u0432\u0443\u0445 \u0438\u043d\u0441\u0442\u0440\u0443\u043c\u0435\u043d\u0442\u043e\u0432 \u0441\u043e\u0441\u0442\u0430\u0432\u043b\u044f\u0435\u0442 40 z\u0142).<\/p><p><em><strong>\u0412 \u0441\u0442\u043e\u0438\u043c\u043e\u0441\u0442\u044c \u0434\u043e\u0441\u0442\u0430\u0432\u043a\u0438 \u043d\u0435 \u0432\u0445\u043e\u0434\u0438\u0442 \u043f\u043e\u0434\u044a\u0435\u043c \u0438\u043d\u0441\u0442\u0440\u0443\u043c\u0435\u043d\u0442\u0430 \u043f\u043e \u043b\u0435\u0441\u0442\u043d\u0438\u0446\u0435.<\/strong><\/em><\/p><\/div>\n\t\t\t\t<\/div>\n\t\t\t\t\t\t\t<div class=\"elementor-accordion-item\">\n\t\t\t\t\t<div id=\"elementor-tab-title-1765\" class=\"elementor-tab-title\" data-tab=\"5\" role=\"button\" aria-controls=\"elementor-tab-content-1765\" aria-expanded=\"false\">\n\t\t\t\t\t\t\t\t\t\t\t\t\t<span class=\"elementor-accordion-icon elementor-accordion-icon-left\" aria-hidden=\"true\">\n\t\t\t\t\t\t\t\t\t\t\t\t\t\t\t<span class=\"elementor-accordion-icon-closed\"><svg class=\"e-font-icon-svg e-fas-chevron-down\" viewbox=\"0 0 448 512\" xmlns=\"http:\/\/www.w3.org\/2000\/svg\"><path d=\"M207.029 381.476L12.686 187.132c-9.373-9.373-9.373-24.569 0-33.941l22.667-22.667c9.357-9.357 24.522-9.375 33.901-.04L224 284.505l154.745-154.021c9.379-9.335 24.544-9.317 33.901.04l22.667 22.667c9.373 9.373 9.373 24.569 0 33.941L240.971 381.476c-9.373 9.372-24.569 9.372-33.942 0z\"><\/path><\/svg><\/span>\n\t\t\t\t\t\t\t\t<span class=\"elementor-accordion-icon-opened\"><svg class=\"e-font-icon-svg e-fas-chevron-up\" viewbox=\"0 0 448 512\" xmlns=\"http:\/\/www.w3.org\/2000\/svg\"><path d=\"M240.971 130.524l194.343 194.343c9.373 9.373 9.373 24.569 0 33.941l-22.667 22.667c-9.357 9.357-24.522 9.375-33.901.04L224 227.495 69.255 381.516c-9.379 9.335-24.544 9.317-33.901-.04l-22.667-22.667c-9.373-9.373-9.373-24.569 0-33.941L207.03 130.525c9.372-9.373 24.568-9.373 33.941-.001z\"><\/path><\/svg><\/span>\n\t\t\t\t\t\t\t\t\t\t\t\t\t\t<\/span>\n\t\t\t\t\t\t\t\t\t\t\t\t<a class=\"elementor-accordion-title\" tabindex=\"0\">\u041a\u0430\u043a\u0438\u0435 \u0443\u0441\u043b\u043e\u0432\u0438\u044f \u0434\u043b\u044f \u043a\u043e\u043c\u043f\u0430\u043d\u0438\u0439?<\/a>\n\t\t\t\t\t<\/div>\n\t\t\t\t\t<div id=\"elementor-tab-content-1765\" class=\"elementor-tab-content elementor-clearfix\" data-tab=\"5\" role=\"region\" aria-labelledby=\"elementor-tab-title-1765\">\t\t\t<h5 style=\"text-align: left;\" class=\"translation-block\"><strong>1. <\/strong>\u0418\u043d\u0441\u0442\u0440\u0443\u043c\u0435\u043d\u0442\u044b \u0441\u0442\u043e\u044f\u0442<strong><span style=\"color: #ff5e2b\"> \u043d\u0430 10 % \u0434\u0435\u0448\u0435\u0432\u043b\u0435 \u043f\u0440\u0438 \u043f\u0435\u0440\u0432\u043e\u0439 \u0430\u0440\u0435\u043d\u0434\u0435<\/span>. <\/strong><\/h5><h4 style=\"text-align: left;\"><strong>\u0410 \u043f\u043e\u0442\u043e\u043c \u0435\u0449\u0451 \u0434\u0435\u0448\u0435\u0432\u043b\u0435!<\/strong><\/h4><h5 style=\"text-align: left;\"><strong>2. <\/strong>\u0423\u0434\u043e\u0431\u043d\u044b\u0439 \u0433\u0440\u0430\u0444\u0438\u043a \u043e\u043f\u043b\u0430\u0442\u044b.<\/h5><h5 style=\"text-align: left;\" class=\"translation-block\"><strong>3. <span style=\"color: #ff5e2b\">\u041d\u0443\u0436\u0435\u043d \u0434\u043e\u0440\u043e\u0433\u043e\u0439 \u0438\u043d\u0441\u0442\u0440\u0443\u043c\u0435\u043d\u0442 <\/span><\/strong>\u0434\u043b\u044f \u043f\u0435\u0440\u0438\u043e\u0434\u0438\u0447\u0435\u0441\u043a\u0438\u0445 \u0440\u0430\u0431\u043e\u0442?<\/h5><h4 style=\"text-align: left;\"><span style=\"text-decoration: underline;\"><strong>\u041a\u0443\u043f\u0438\u043c \u0438 \u0441\u0434\u0430\u0434\u0438\u043c \u0432 \u0430\u0440\u0435\u043d\u0434\u0443 \u0434\u043b\u044f \u0432\u0430\u0448\u0435\u0439 \u043a\u043e\u043c\u043f\u0430\u043d\u0438\u0438!<\/strong><\/span><\/h4>\t\t\t\t\t\t<\/div>\n\t\t\t\t<\/div>\n\t\t\t\t\t\t\t\t<\/div>\n\t\t\t\t\t\t<\/div>\n\t\t\t\t\t<\/div>\n\t\t\t\t<\/div>\n\t\t\t\t<\/div>","protected":false},"excerpt":{"rendered":"<p>JAK WYNAJ\u0104\u0106 ? 4 proste kroki ! 01.&nbsp;WYBIERZ INTERESUJ\u0104CE NARZ\u0118DZIE 02.&nbsp;ZADZWO\u0143 LUB NAPISZ DO NAS, SPRAWDZIMY DOST\u0118PNO\u015a\u0106 03.&nbsp;ZAWIERAMY UMOW\u0118 NAJMU<\/p>","protected":false},"author":1,"featured_media":0,"parent":0,"menu_order":0,"comment_status":"closed","ping_status":"closed","template":"elementor_header_footer","meta":{"_monsterinsights_skip_tracking":false,"_monsterinsights_sitenote_active":false,"_monsterinsights_sitenote_note":"","_monsterinsights_sitenote_category":0,"footnotes":""},"class_list":["post-29175","page","type-page","status-publish","hentry"],"_links":{"self":[{"href":"https:\/\/coolrent.pl\/ru\/wp-json\/wp\/v2\/pages\/29175","targetHints":{"allow":["GET"]}}],"collection":[{"href":"https:\/\/coolrent.pl\/ru\/wp-json\/wp\/v2\/pages"}],"about":[{"href":"https:\/\/coolrent.pl\/ru\/wp-json\/wp\/v2\/types\/page"}],"author":[{"embeddable":true,"href":"https:\/\/coolrent.pl\/ru\/wp-json\/wp\/v2\/users\/1"}],"replies":[{"embeddable":true,"href":"https:\/\/coolrent.pl\/ru\/wp-json\/wp\/v2\/comments?post=29175"}],"version-history":[{"count":22,"href":"https:\/\/coolrent.pl\/ru\/wp-json\/wp\/v2\/pages\/29175\/revisions"}],"predecessor-version":[{"id":29434,"href":"https:\/\/coolrent.pl\/ru\/wp-json\/wp\/v2\/pages\/29175\/revisions\/29434"}],"wp:attachment":[{"href":"https:\/\/coolrent.pl\/ru\/wp-json\/wp\/v2\/media?parent=29175"}],"curies":[{"name":"wp","href":"https:\/\/api.w.org\/{rel}","templated":true}]}}