{"id":30044,"date":"2025-03-17T10:41:34","date_gmt":"2025-03-17T10:41:34","guid":{"rendered":"https:\/\/coolrent.pl\/?page_id=30044"},"modified":"2025-03-17T10:44:41","modified_gmt":"2025-03-17T10:44:41","slug":"blog","status":"publish","type":"page","link":"https:\/\/coolrent.pl\/ru\/blog\/","title":{"rendered":"\u0411\u043b\u043e\u0433"},"content":{"rendered":"<div data-elementor-type=\"wp-page\" data-elementor-id=\"30044\" class=\"elementor elementor-30044\">\n\t\t\t\t<div class=\"wd-negative-gap elementor-element elementor-element-45d3afb e-flex e-con-boxed e-con e-parent\" data-id=\"45d3afb\" data-element_type=\"container\">\n\t\t\t\t\t<div class=\"e-con-inner\">\n\t\t<div class=\"elementor-element elementor-element-370750e e-con-full e-flex e-con e-child\" data-id=\"370750e\" data-element_type=\"container\">\n\t\t\t\t<div class=\"elementor-element elementor-element-4054ba4 wd-width-100 elementor-widget elementor-widget-wd_blog\" data-id=\"4054ba4\" data-element_type=\"widget\" data-widget_type=\"wd_blog.default\">\n\t\t\t\t<div class=\"elementor-widget-container\">\n\t\t\t\t\t\t\t\t\t\t\t\t<div class=\"wd-blog-element\">\n\t\t\t\t\t\t\t\t\t\t\t\n\t\t\t\t\t<div class=\"wd-posts wd-blog-holder wd-grid-g\" id=\"69f19d48c6ee2\" data-paged=\"1\" data-atts=\"{&quot;post_type&quot;:&quot;post&quot;,&quot;items_per_page&quot;:12,&quot;include&quot;:null,&quot;taxonomies&quot;:&quot;&quot;,&quot;offset&quot;:&quot;&quot;,&quot;orderby&quot;:&quot;&quot;,&quot;order&quot;:&quot;DESC&quot;,&quot;meta_key&quot;:null,&quot;exclude&quot;:&quot;&quot;,&quot;element_title&quot;:&quot;&quot;,&quot;element_title_tag&quot;:&quot;h4&quot;,&quot;parts_media&quot;:true,&quot;parts_title&quot;:&quot;1&quot;,&quot;parts_meta&quot;:&quot;&quot;,&quot;parts_text&quot;:&quot;1&quot;,&quot;parts_btn&quot;:&quot;1&quot;,&quot;parts_published_date&quot;:&quot;1&quot;,&quot;img_size&quot;:&quot;large&quot;,&quot;blog_design&quot;:&quot;small-images&quot;,&quot;blog_carousel_design&quot;:null,&quot;blog_masonry&quot;:null,&quot;blog_columns&quot;:null,&quot;blog_columns_tablet&quot;:{&quot;size&quot;:&quot;&quot;},&quot;blog_columns_mobile&quot;:{&quot;size&quot;:&quot;&quot;},&quot;blog_spacing&quot;:null,&quot;blog_spacing_tablet&quot;:&quot;&quot;,&quot;blog_spacing_mobile&quot;:&quot;&quot;,&quot;pagination&quot;:&quot;&quot;,&quot;speed&quot;:null,&quot;slides_per_view&quot;:null,&quot;slides_per_view_tablet&quot;:{&quot;size&quot;:&quot;&quot;},&quot;slides_per_view_mobile&quot;:{&quot;size&quot;:&quot;&quot;},&quot;wrap&quot;:null,&quot;autoplay&quot;:null,&quot;hide_pagination_control&quot;:null,&quot;hide_prev_next_buttons&quot;:null,&quot;scroll_per_page&quot;:null,&quot;lazy_loading&quot;:&quot;no&quot;,&quot;scroll_carousel_init&quot;:null,&quot;ajax_page&quot;:&quot;&quot;,&quot;custom_sizes&quot;:false,&quot;elementor&quot;:true}\" data-source=\"shortcode\">\n\t\t\t\n\t\t\t\t\t\t\t\t\t\t\t\t\t\t\n<article id=\"post-30183\" class=\"wd-post blog-design-small-images blog-post-loop blog-style-bg wd-add-shadow wd-col post-30183 post type-post status-publish format-standard has-post-thumbnail hentry category-wypozyczalnia-narzedzi\">\n\t<div class=\"wd-post-inner article-inner\">\n\t\t\t\t\t<div class=\"wd-post-thumb entry-header\">\n\t\t\t\t\t\t\t\t\t<div class=\"wd-post-img post-img-wrapp\">\n\t\t\t\t\t\t<img decoding=\"async\" width=\"1200\" height=\"800\" data-src=\"https:\/\/coolrent.pl\/wp-content\/smush-webp\/2025\/04\/kosa-spaliniowa-wynajem.jpg.webp\" class=\"attachment-large size-large lazyload\" alt=\"\" data-srcset=\"https:\/\/coolrent.pl\/wp-content\/smush-webp\/2025\/04\/kosa-spaliniowa-wynajem.jpg.webp 1200w, https:\/\/coolrent.pl\/wp-content\/smush-webp\/2025\/04\/kosa-spaliniowa-wynajem-400x267.jpg.webp 400w, https:\/\/coolrent.pl\/wp-content\/smush-webp\/2025\/04\/kosa-spaliniowa-wynajem-768x512.jpg.webp 768w, https:\/\/coolrent.pl\/wp-content\/smush-webp\/2025\/04\/kosa-spaliniowa-wynajem-18x12.jpg.webp 18w, https:\/\/coolrent.pl\/wp-content\/smush-webp\/2025\/04\/kosa-spaliniowa-wynajem-430x287.jpg.webp 430w, https:\/\/coolrent.pl\/wp-content\/smush-webp\/2025\/04\/kosa-spaliniowa-wynajem-700x467.jpg.webp 700w, https:\/\/coolrent.pl\/wp-content\/smush-webp\/2025\/04\/kosa-spaliniowa-wynajem-150x100.jpg.webp 150w\" data-sizes=\"(max-width: 1200px) 100vw, 1200px\" title=\"\" src=\"data:image\/gif;base64,R0lGODlhAQABAAAAACH5BAEKAAEALAAAAAABAAEAAAICTAEAOw==\" style=\"--smush-placeholder-width: 1200px; --smush-placeholder-aspect-ratio: 1200\/800;\"><noscript><img decoding=\"async\" width=\"1200\" height=\"800\" src=\"https:\/\/coolrent.pl\/wp-content\/uploads\/2025\/04\/kosa-spaliniowa-wynajem.jpg\" class=\"attachment-large size-large\" alt=\"\" srcset=\"https:\/\/coolrent.pl\/wp-content\/uploads\/2025\/04\/kosa-spaliniowa-wynajem.jpg 1200w, https:\/\/coolrent.pl\/wp-content\/uploads\/2025\/04\/kosa-spaliniowa-wynajem-400x267.jpg 400w, https:\/\/coolrent.pl\/wp-content\/uploads\/2025\/04\/kosa-spaliniowa-wynajem-768x512.jpg 768w, https:\/\/coolrent.pl\/wp-content\/uploads\/2025\/04\/kosa-spaliniowa-wynajem-18x12.jpg 18w, https:\/\/coolrent.pl\/wp-content\/uploads\/2025\/04\/kosa-spaliniowa-wynajem-430x287.jpg 430w, https:\/\/coolrent.pl\/wp-content\/uploads\/2025\/04\/kosa-spaliniowa-wynajem-700x467.jpg 700w, https:\/\/coolrent.pl\/wp-content\/uploads\/2025\/04\/kosa-spaliniowa-wynajem-150x100.jpg 150w\" sizes=\"(max-width: 1200px) 100vw, 1200px\" title=\"\"><\/noscript>\t\t\t\t\t<\/div>\n\t\t\t\t\t\t\t\t\t\t<a class=\"wd-fill\" tabindex=\"-1\" href=\"https:\/\/coolrent.pl\/ru\/2025\/04\/18\/kosa-spalinowa-na-wynajem\/\" aria-label=\"Link on post Kosa spalinowa \u00a0\u2013 niezawodne narz\u0119dzie do piel\u0119gnacji ogrodu! Dlaczego warto j\u0105 wypo\u017cyczy\u0107 w Coolrent.pl?\"><\/a>\n\t\t\t\t\n\t\t\t\t\t\t\t\t\t\t\t\t<div class=\"wd-post-date wd-style-with-bg\">\n\t\t\t\t<span class=\"post-date-day\">\n\t\t\t\t\t18\t\t\t\t<\/span>\n\t\t\t\t<span class=\"post-date-month\">\n\t\t\t\t\t\u0410\u043f\u0440\t\t\t\t<\/span>\n\t\t\t<\/div>\n\t\t\t\t\t\t\t\t\t<\/div>\n\t\t\n\t\t<div class=\"wd-post-content article-body-container\">\n\t\t\t\n\t\t\t\t\t\t\t<h3 class=\"wd-post-title wd-entities-title title post-title\">\n\t\t\t\t\t<a href=\"https:\/\/coolrent.pl\/ru\/2025\/04\/18\/kosa-spalinowa-na-wynajem\/\" rel=\"bookmark\">\u0411\u0435\u043d\u0437\u043e\u043a\u043e\u0441\u0430 \u2013 \u043d\u0430\u0434\u0451\u0436\u043d\u044b\u0439 \u0438\u043d\u0441\u0442\u0440\u0443\u043c\u0435\u043d\u0442 \u0434\u043b\u044f \u0443\u0445\u043e\u0434\u0430 \u0437\u0430 \u0441\u0430\u0434\u043e\u043c! \u041f\u043e\u0447\u0435\u043c\u0443 \u0441\u0442\u043e\u0438\u0442 \u0430\u0440\u0435\u043d\u0434\u043e\u0432\u0430\u0442\u044c \u0435\u0451 \u043d\u0430 Coolrent.pl?<\/a>\n\t\t\t\t<\/h3>\n\t\t\t\n\t\t\t\n\t\t\t\t\t\t\t\t\t\t\t\t<div class=\"wd-post-excerpt entry-content\">\n\t\t\t\t\t\tMasz do wykonania prace ogrodowe, ale nie chcesz inwestowa\u0107 w drogi sprz\u0119t, kt\u00f3rego u\u017cywasz tylko od czasu do czasu? Kosa spalinowa to ...\t\t\t\t\t<\/div>\n\t\t\t\t\n\t\t\t\t\t\t\t\t\t\t\t\t\t\t<div class=\"wd-post-read-more wd-style-link read-more-section\">\n\t\t\t\t\t\t<a class=\"\" href=\"https:\/\/coolrent.pl\/ru\/2025\/04\/18\/kosa-spalinowa-na-wynajem\/\">\u041f\u0440\u043e\u0434\u043e\u043b\u0436\u0438\u0442\u044c \u0447\u0442\u0435\u043d\u0438\u0435<\/a>\t\t\t\t\t<\/div>\n\t\t\t\t\t\t\t\t\t\t\t\t\t<\/div>\n\t<\/div>\n<\/article>\n\n\t\t\t\t\t\t\t\t\t\t\t\t\t\t\n<article id=\"post-30174\" class=\"wd-post blog-design-small-images blog-post-loop blog-style-bg wd-add-shadow wd-col post-30174 post type-post status-publish format-standard has-post-thumbnail hentry category-wypozyczalnia-narzedzi\">\n\t<div class=\"wd-post-inner article-inner\">\n\t\t\t\t\t<div class=\"wd-post-thumb entry-header\">\n\t\t\t\t\t\t\t\t\t<div class=\"wd-post-img post-img-wrapp\">\n\t\t\t\t\t\t<img decoding=\"async\" width=\"1000\" height=\"667\" data-src=\"https:\/\/coolrent.pl\/wp-content\/smush-webp\/2025\/04\/gwintownica.jpg.webp\" class=\"attachment-large size-large lazyload\" alt=\"Gwintownica\" data-srcset=\"https:\/\/coolrent.pl\/wp-content\/smush-webp\/2025\/04\/gwintownica.jpg.webp 1000w, https:\/\/coolrent.pl\/wp-content\/smush-webp\/2025\/04\/gwintownica-400x267.jpg.webp 400w, https:\/\/coolrent.pl\/wp-content\/smush-webp\/2025\/04\/gwintownica-768x512.jpg.webp 768w, https:\/\/coolrent.pl\/wp-content\/smush-webp\/2025\/04\/gwintownica-18x12.jpg.webp 18w, https:\/\/coolrent.pl\/wp-content\/smush-webp\/2025\/04\/gwintownica-430x287.jpg.webp 430w, https:\/\/coolrent.pl\/wp-content\/smush-webp\/2025\/04\/gwintownica-700x467.jpg.webp 700w, https:\/\/coolrent.pl\/wp-content\/smush-webp\/2025\/04\/gwintownica-150x100.jpg.webp 150w\" data-sizes=\"(max-width: 1000px) 100vw, 1000px\" title=\"\" src=\"data:image\/gif;base64,R0lGODlhAQABAAAAACH5BAEKAAEALAAAAAABAAEAAAICTAEAOw==\" style=\"--smush-placeholder-width: 1000px; --smush-placeholder-aspect-ratio: 1000\/667;\"><noscript><img decoding=\"async\" width=\"1000\" height=\"667\" src=\"https:\/\/coolrent.pl\/wp-content\/uploads\/2025\/04\/gwintownica.jpg\" class=\"attachment-large size-large\" alt=\"Gwintownica\" srcset=\"https:\/\/coolrent.pl\/wp-content\/uploads\/2025\/04\/gwintownica.jpg 1000w, https:\/\/coolrent.pl\/wp-content\/uploads\/2025\/04\/gwintownica-400x267.jpg 400w, https:\/\/coolrent.pl\/wp-content\/uploads\/2025\/04\/gwintownica-768x512.jpg 768w, https:\/\/coolrent.pl\/wp-content\/uploads\/2025\/04\/gwintownica-18x12.jpg 18w, https:\/\/coolrent.pl\/wp-content\/uploads\/2025\/04\/gwintownica-430x287.jpg 430w, https:\/\/coolrent.pl\/wp-content\/uploads\/2025\/04\/gwintownica-700x467.jpg 700w, https:\/\/coolrent.pl\/wp-content\/uploads\/2025\/04\/gwintownica-150x100.jpg 150w\" sizes=\"(max-width: 1000px) 100vw, 1000px\" title=\"\"><\/noscript>\t\t\t\t\t<\/div>\n\t\t\t\t\t\t\t\t\t\t<a class=\"wd-fill\" tabindex=\"-1\" href=\"https:\/\/coolrent.pl\/ru\/2025\/04\/18\/gwintownica\/\" aria-label=\"Link on post Gwintownica \u2013 niezast\u0105pione narz\u0119dzie w Twoim warsztacie! Dlaczego warto j\u0105 wypo\u017cyczy\u0107 w Coolrent.pl?\"><\/a>\n\t\t\t\t\n\t\t\t\t\t\t\t\t\t\t\t\t<div class=\"wd-post-date wd-style-with-bg\">\n\t\t\t\t<span class=\"post-date-day\">\n\t\t\t\t\t18\t\t\t\t<\/span>\n\t\t\t\t<span class=\"post-date-month\">\n\t\t\t\t\t\u0410\u043f\u0440\t\t\t\t<\/span>\n\t\t\t<\/div>\n\t\t\t\t\t\t\t\t\t<\/div>\n\t\t\n\t\t<div class=\"wd-post-content article-body-container\">\n\t\t\t\n\t\t\t\t\t\t\t<h3 class=\"wd-post-title wd-entities-title title post-title\">\n\t\t\t\t\t<a href=\"https:\/\/coolrent.pl\/ru\/2025\/04\/18\/gwintownica\/\" rel=\"bookmark\">\u0420\u0435\u0437\u044c\u0431\u043e\u043d\u0430\u0440\u0435\u0437\u043d\u0430\u044f \u043c\u0430\u0448\u0438\u043d\u0430 \u2014 \u043d\u0435\u0437\u0430\u043c\u0435\u043d\u0438\u043c\u044b\u0439 \u0438\u043d\u0441\u0442\u0440\u0443\u043c\u0435\u043d\u0442 \u0432 \u0432\u0430\u0448\u0435\u0439 \u043c\u0430\u0441\u0442\u0435\u0440\u0441\u043a\u043e\u0439! \u041f\u043e\u0447\u0435\u043c\u0443 \u0441\u0442\u043e\u0438\u0442 \u0430\u0440\u0435\u043d\u0434\u043e\u0432\u0430\u0442\u044c \u0435\u0451 \u043d\u0430 Coolrent.pl?<\/a>\n\t\t\t\t<\/h3>\n\t\t\t\n\t\t\t\n\t\t\t\t\t\t\t\t\t\t\t\t<div class=\"wd-post-excerpt entry-content\">\n\t\t\t\t\t\tCzy zastanawia\u0142e\u015b si\u0119, jak szybko i precyzyjnie wykona\u0107 gwinty w rurach lub metalowych elementach? Gwintownica to narz\u0119dzie, kt\u00f3re spra...\t\t\t\t\t<\/div>\n\t\t\t\t\n\t\t\t\t\t\t\t\t\t\t\t\t\t\t<div class=\"wd-post-read-more wd-style-link read-more-section\">\n\t\t\t\t\t\t<a class=\"\" href=\"https:\/\/coolrent.pl\/ru\/2025\/04\/18\/gwintownica\/\">\u041f\u0440\u043e\u0434\u043e\u043b\u0436\u0438\u0442\u044c \u0447\u0442\u0435\u043d\u0438\u0435<\/a>\t\t\t\t\t<\/div>\n\t\t\t\t\t\t\t\t\t\t\t\t\t<\/div>\n\t<\/div>\n<\/article>\n\n\t\t\t\t\t\t\t\t\t\t\t\t\t\t\n<article id=\"post-30162\" class=\"wd-post blog-design-small-images blog-post-loop blog-style-bg wd-add-shadow wd-col post-30162 post type-post status-publish format-standard has-post-thumbnail hentry category-wypozyczalnia-narzedzi\">\n\t<div class=\"wd-post-inner article-inner\">\n\t\t\t\t\t<div class=\"wd-post-thumb entry-header\">\n\t\t\t\t\t\t\t\t\t<div class=\"wd-post-img post-img-wrapp\">\n\t\t\t\t\t\t<img decoding=\"async\" width=\"1000\" height=\"667\" data-src=\"https:\/\/coolrent.pl\/wp-content\/smush-webp\/2025\/04\/osuszacz-kondensacyjny-master-dh-752p.jpg.webp\" class=\"attachment-large size-large lazyload\" alt=\"\" data-srcset=\"https:\/\/coolrent.pl\/wp-content\/smush-webp\/2025\/04\/osuszacz-kondensacyjny-master-dh-752p.jpg.webp 1000w, https:\/\/coolrent.pl\/wp-content\/smush-webp\/2025\/04\/osuszacz-kondensacyjny-master-dh-752p-400x267.jpg.webp 400w, https:\/\/coolrent.pl\/wp-content\/smush-webp\/2025\/04\/osuszacz-kondensacyjny-master-dh-752p-768x512.jpg.webp 768w, https:\/\/coolrent.pl\/wp-content\/smush-webp\/2025\/04\/osuszacz-kondensacyjny-master-dh-752p-18x12.jpg.webp 18w, https:\/\/coolrent.pl\/wp-content\/smush-webp\/2025\/04\/osuszacz-kondensacyjny-master-dh-752p-430x287.jpg.webp 430w, https:\/\/coolrent.pl\/wp-content\/smush-webp\/2025\/04\/osuszacz-kondensacyjny-master-dh-752p-700x467.jpg.webp 700w, https:\/\/coolrent.pl\/wp-content\/smush-webp\/2025\/04\/osuszacz-kondensacyjny-master-dh-752p-150x100.jpg.webp 150w\" data-sizes=\"(max-width: 1000px) 100vw, 1000px\" title=\"\" src=\"data:image\/gif;base64,R0lGODlhAQABAAAAACH5BAEKAAEALAAAAAABAAEAAAICTAEAOw==\" style=\"--smush-placeholder-width: 1000px; --smush-placeholder-aspect-ratio: 1000\/667;\"><noscript><img decoding=\"async\" width=\"1000\" height=\"667\" src=\"https:\/\/coolrent.pl\/wp-content\/uploads\/2025\/04\/osuszacz-kondensacyjny-master-dh-752p.jpg\" class=\"attachment-large size-large\" alt=\"\" srcset=\"https:\/\/coolrent.pl\/wp-content\/uploads\/2025\/04\/osuszacz-kondensacyjny-master-dh-752p.jpg 1000w, https:\/\/coolrent.pl\/wp-content\/uploads\/2025\/04\/osuszacz-kondensacyjny-master-dh-752p-400x267.jpg 400w, https:\/\/coolrent.pl\/wp-content\/uploads\/2025\/04\/osuszacz-kondensacyjny-master-dh-752p-768x512.jpg 768w, https:\/\/coolrent.pl\/wp-content\/uploads\/2025\/04\/osuszacz-kondensacyjny-master-dh-752p-18x12.jpg 18w, https:\/\/coolrent.pl\/wp-content\/uploads\/2025\/04\/osuszacz-kondensacyjny-master-dh-752p-430x287.jpg 430w, https:\/\/coolrent.pl\/wp-content\/uploads\/2025\/04\/osuszacz-kondensacyjny-master-dh-752p-700x467.jpg 700w, https:\/\/coolrent.pl\/wp-content\/uploads\/2025\/04\/osuszacz-kondensacyjny-master-dh-752p-150x100.jpg 150w\" sizes=\"(max-width: 1000px) 100vw, 1000px\" title=\"\"><\/noscript>\t\t\t\t\t<\/div>\n\t\t\t\t\t\t\t\t\t\t<a class=\"wd-fill\" tabindex=\"-1\" href=\"https:\/\/coolrent.pl\/ru\/2025\/04\/18\/osuszacz-kondensacyjny-na-wynajem\/\" aria-label=\"Link on post Osuszacz kondensacyjny \u2013 niezast\u0105pione narz\u0119dzie do walki z wilgoci\u0105! Dlaczego warto go wypo\u017cyczy\u0107 w Coolrent.pl?\"><\/a>\n\t\t\t\t\n\t\t\t\t\t\t\t\t\t\t\t\t<div class=\"wd-post-date wd-style-with-bg\">\n\t\t\t\t<span class=\"post-date-day\">\n\t\t\t\t\t18\t\t\t\t<\/span>\n\t\t\t\t<span class=\"post-date-month\">\n\t\t\t\t\t\u0410\u043f\u0440\t\t\t\t<\/span>\n\t\t\t<\/div>\n\t\t\t\t\t\t\t\t\t<\/div>\n\t\t\n\t\t<div class=\"wd-post-content article-body-container\">\n\t\t\t\n\t\t\t\t\t\t\t<h3 class=\"wd-post-title wd-entities-title title post-title\">\n\t\t\t\t\t<a href=\"https:\/\/coolrent.pl\/ru\/2025\/04\/18\/osuszacz-kondensacyjny-na-wynajem\/\" rel=\"bookmark\">\u041a\u043e\u043d\u0434\u0435\u043d\u0441\u0430\u0446\u0438\u043e\u043d\u043d\u044b\u0439 \u043e\u0441\u0443\u0448\u0438\u0442\u0435\u043b\u044c \u0432\u043e\u0437\u0434\u0443\u0445\u0430 \u2014 \u043d\u0435\u0437\u0430\u043c\u0435\u043d\u0438\u043c\u044b\u0439 \u0438\u043d\u0441\u0442\u0440\u0443\u043c\u0435\u043d\u0442 \u0432 \u0431\u043e\u0440\u044c\u0431\u0435 \u0441 \u0432\u043b\u0430\u0436\u043d\u043e\u0441\u0442\u044c\u044e! \u041f\u043e\u0447\u0435\u043c\u0443 \u0441\u0442\u043e\u0438\u0442 \u0430\u0440\u0435\u043d\u0434\u043e\u0432\u0430\u0442\u044c \u0435\u0433\u043e \u0432 Coolrent.pl?<\/a>\n\t\t\t\t<\/h3>\n\t\t\t\n\t\t\t\n\t\t\t\t\t\t\t\t\t\t\t\t<div class=\"wd-post-excerpt entry-content\">\n\t\t\t\t\t\tCzy zmagasz si\u0119 z problemem wilgoci w pomieszczeniach? A mo\u017ce planujesz remont po zalaniu lub potrzebujesz osuszy\u0107 budynek po pracach b...\t\t\t\t\t<\/div>\n\t\t\t\t\n\t\t\t\t\t\t\t\t\t\t\t\t\t\t<div class=\"wd-post-read-more wd-style-link read-more-section\">\n\t\t\t\t\t\t<a class=\"\" href=\"https:\/\/coolrent.pl\/ru\/2025\/04\/18\/osuszacz-kondensacyjny-na-wynajem\/\">\u041f\u0440\u043e\u0434\u043e\u043b\u0436\u0438\u0442\u044c \u0447\u0442\u0435\u043d\u0438\u0435<\/a>\t\t\t\t\t<\/div>\n\t\t\t\t\t\t\t\t\t\t\t\t\t<\/div>\n\t<\/div>\n<\/article>\n\n\t\t\t\t\t\t\t\t\t\t\t\t\t\t\n<article id=\"post-30031\" class=\"wd-post blog-design-small-images blog-post-loop blog-style-bg wd-add-shadow wd-col post-30031 post type-post status-publish format-standard has-post-thumbnail hentry category-wypozyczalnia-narzedzi\">\n\t<div class=\"wd-post-inner article-inner\">\n\t\t\t\t\t<div class=\"wd-post-thumb entry-header\">\n\t\t\t\t\t\t\t\t\t<div class=\"wd-post-img post-img-wrapp\">\n\t\t\t\t\t\t<img decoding=\"async\" width=\"1200\" height=\"800\" data-src=\"https:\/\/coolrent.pl\/wp-content\/smush-webp\/2025\/03\/sykliniarka-wynajem.jpg.webp\" class=\"attachment-large size-large lazyload\" alt=\"\u0441ykliniarka na wynajem\" data-srcset=\"https:\/\/coolrent.pl\/wp-content\/smush-webp\/2025\/03\/sykliniarka-wynajem.jpg.webp 1200w, https:\/\/coolrent.pl\/wp-content\/smush-webp\/2025\/03\/sykliniarka-wynajem-400x267.jpg.webp 400w, https:\/\/coolrent.pl\/wp-content\/smush-webp\/2025\/03\/sykliniarka-wynajem-768x512.jpg.webp 768w, https:\/\/coolrent.pl\/wp-content\/smush-webp\/2025\/03\/sykliniarka-wynajem-18x12.jpg.webp 18w, https:\/\/coolrent.pl\/wp-content\/smush-webp\/2025\/03\/sykliniarka-wynajem-430x287.jpg.webp 430w, https:\/\/coolrent.pl\/wp-content\/smush-webp\/2025\/03\/sykliniarka-wynajem-700x467.jpg.webp 700w, https:\/\/coolrent.pl\/wp-content\/smush-webp\/2025\/03\/sykliniarka-wynajem-150x100.jpg.webp 150w\" data-sizes=\"(max-width: 1200px) 100vw, 1200px\" title=\"\" src=\"data:image\/gif;base64,R0lGODlhAQABAAAAACH5BAEKAAEALAAAAAABAAEAAAICTAEAOw==\" style=\"--smush-placeholder-width: 1200px; --smush-placeholder-aspect-ratio: 1200\/800;\"><noscript><img decoding=\"async\" width=\"1200\" height=\"800\" src=\"https:\/\/coolrent.pl\/wp-content\/uploads\/2025\/03\/sykliniarka-wynajem.jpg\" class=\"attachment-large size-large\" alt=\"\u0441ykliniarka na wynajem\" srcset=\"https:\/\/coolrent.pl\/wp-content\/uploads\/2025\/03\/sykliniarka-wynajem.jpg 1200w, https:\/\/coolrent.pl\/wp-content\/uploads\/2025\/03\/sykliniarka-wynajem-400x267.jpg 400w, https:\/\/coolrent.pl\/wp-content\/uploads\/2025\/03\/sykliniarka-wynajem-768x512.jpg 768w, https:\/\/coolrent.pl\/wp-content\/uploads\/2025\/03\/sykliniarka-wynajem-18x12.jpg 18w, https:\/\/coolrent.pl\/wp-content\/uploads\/2025\/03\/sykliniarka-wynajem-430x287.jpg 430w, https:\/\/coolrent.pl\/wp-content\/uploads\/2025\/03\/sykliniarka-wynajem-700x467.jpg 700w, https:\/\/coolrent.pl\/wp-content\/uploads\/2025\/03\/sykliniarka-wynajem-150x100.jpg 150w\" sizes=\"(max-width: 1200px) 100vw, 1200px\" title=\"\"><\/noscript>\t\t\t\t\t<\/div>\n\t\t\t\t\t\t\t\t\t\t<a class=\"wd-fill\" tabindex=\"-1\" href=\"https:\/\/coolrent.pl\/ru\/2025\/03\/17\/cykliniarka-na-wynajem-z-cool-rent\/\" aria-label=\"Link on post Cykliniarka na wynajem do renowacji pod\u0142\u00f3g z Cool Rent\"><\/a>\n\t\t\t\t\n\t\t\t\t\t\t\t\t\t\t\t\t<div class=\"wd-post-date wd-style-with-bg\">\n\t\t\t\t<span class=\"post-date-day\">\n\t\t\t\t\t17\t\t\t\t<\/span>\n\t\t\t\t<span class=\"post-date-month\">\n\t\t\t\t\t\u041c\u0430\u0440\t\t\t\t<\/span>\n\t\t\t<\/div>\n\t\t\t\t\t\t\t\t\t<\/div>\n\t\t\n\t\t<div class=\"wd-post-content article-body-container\">\n\t\t\t\n\t\t\t\t\t\t\t<h3 class=\"wd-post-title wd-entities-title title post-title\">\n\t\t\t\t\t<a href=\"https:\/\/coolrent.pl\/ru\/2025\/03\/17\/cykliniarka-na-wynajem-z-cool-rent\/\" rel=\"bookmark\">\u0410\u0440\u0435\u043d\u0434\u0430 \u0448\u043b\u0438\u0444\u043e\u0432\u0430\u043b\u044c\u043d\u043e\u0439 \u043c\u0430\u0448\u0438\u043d\u044b \u0434\u043b\u044f \u0440\u0435\u043c\u043e\u043d\u0442\u0430 \u043f\u043e\u043b\u0430 \u0432 Cool Rent<\/a>\n\t\t\t\t<\/h3>\n\t\t\t\n\t\t\t\n\t\t\t\t\t\t\t\t\t\t\t\t<div class=\"wd-post-excerpt entry-content\">\n\t\t\t\t\t\tCykliniarka na wynajem to idealne rozwi\u0105zanie dla os\u00f3b, kt\u00f3re chc\u0105 osi\u0105gn\u0105\u0107 profesjonalne efekty bez konieczno\u015bci inwestowania w drogi ...\t\t\t\t\t<\/div>\n\t\t\t\t\n\t\t\t\t\t\t\t\t\t\t\t\t\t\t<div class=\"wd-post-read-more wd-style-link read-more-section\">\n\t\t\t\t\t\t<a class=\"\" href=\"https:\/\/coolrent.pl\/ru\/2025\/03\/17\/cykliniarka-na-wynajem-z-cool-rent\/\">\u041f\u0440\u043e\u0434\u043e\u043b\u0436\u0438\u0442\u044c \u0447\u0442\u0435\u043d\u0438\u0435<\/a>\t\t\t\t\t<\/div>\n\t\t\t\t\t\t\t\t\t\t\t\t\t<\/div>\n\t<\/div>\n<\/article>\n\n\t\t\t\t\n\t\t\t\t\t\t\t\t<\/div>\n\t\t\t\n\t\t\t\t\t\t\t\t\t\t<\/div>\n\t\t\t\t\t\t\t\t\t\t<\/div>\n\t\t\t\t<\/div>\n\t\t\t\t<\/div>\n\t\t\t\t\t<\/div>\n\t\t\t\t<\/div>\n\t\t\t\t<\/div>","protected":false},"excerpt":{"rendered":"<p>17 mar Cykliniarka na wynajem do renowacji pod\u0142\u00f3g z Cool Rent Cykliniarka na wynajem to idealne rozwi\u0105zanie dla os\u00f3b, kt\u00f3re<\/p>","protected":false},"author":1,"featured_media":0,"parent":0,"menu_order":0,"comment_status":"closed","ping_status":"closed","template":"","meta":{"_monsterinsights_skip_tracking":false,"_monsterinsights_sitenote_active":false,"_monsterinsights_sitenote_note":"","_monsterinsights_sitenote_category":0,"footnotes":""},"class_list":["post-30044","page","type-page","status-publish","hentry"],"_links":{"self":[{"href":"https:\/\/coolrent.pl\/ru\/wp-json\/wp\/v2\/pages\/30044","targetHints":{"allow":["GET"]}}],"collection":[{"href":"https:\/\/coolrent.pl\/ru\/wp-json\/wp\/v2\/pages"}],"about":[{"href":"https:\/\/coolrent.pl\/ru\/wp-json\/wp\/v2\/types\/page"}],"author":[{"embeddable":true,"href":"https:\/\/coolrent.pl\/ru\/wp-json\/wp\/v2\/users\/1"}],"replies":[{"embeddable":true,"href":"https:\/\/coolrent.pl\/ru\/wp-json\/wp\/v2\/comments?post=30044"}],"version-history":[{"count":4,"href":"https:\/\/coolrent.pl\/ru\/wp-json\/wp\/v2\/pages\/30044\/revisions"}],"predecessor-version":[{"id":30049,"href":"https:\/\/coolrent.pl\/ru\/wp-json\/wp\/v2\/pages\/30044\/revisions\/30049"}],"wp:attachment":[{"href":"https:\/\/coolrent.pl\/ru\/wp-json\/wp\/v2\/media?parent=30044"}],"curies":[{"name":"wp","href":"https:\/\/api.w.org\/{rel}","templated":true}]}}