{"id":28630,"date":"2024-07-05T10:15:26","date_gmt":"2024-07-05T10:15:26","guid":{"rendered":"https:\/\/coolrent.pl\/?post_type=product&#038;p=28630"},"modified":"2026-02-26T16:27:30","modified_gmt":"2026-02-26T16:27:30","slug":"stihl-ms172-spalinowa-pila-lancuchowa","status":"publish","type":"product","link":"https:\/\/coolrent.pl\/ru\/stihl-ms172-spalinowa-pila-lancuchowa\/","title":{"rendered":"\u0411\u0435\u043d\u0437\u043e\u043f\u0438\u043b\u0430 Stihl MS172"},"content":{"rendered":"<h2 data-start=\"153\" data-end=\"224\">\u0411\u0435\u043d\u0437\u043e\u043f\u0438\u043b\u0430 \u0446\u0435\u043f\u043d\u0430\u044f Stihl MS172 \u2013 \u0430\u0440\u0435\u043d\u0434\u0430 \u0412\u0430\u0440\u0448\u0430\u0432\u0430 (Bia\u0142o\u0142\u0119ka)<\/h2>\n<p data-start=\"226\" data-end=\"717\" class=\"translation-block\">\u0412 CoolRent \u0412\u0430\u0440\u0448\u0430\u0432\u0430 (Bia\u0142o\u0142\u0119\u043a\u0430) \u043f\u0440\u0435\u0434\u043b\u0430\u0433\u0430\u0435\u0442\u0441\u044f \u0430\u0440\u0435\u043d\u0434\u0430 \u0431\u0435\u043d\u0437\u043e\u043f\u0438\u043b\u044b \u0446\u0435\u043f\u043d\u043e\u0439 Stihl MS172, \u043a\u043e\u0442\u043e\u0440\u0430\u044f \u0438\u0434\u0435\u0430\u043b\u044c\u043d\u043e \u043f\u043e\u0434\u0445\u043e\u0434\u0438\u0442 \u0434\u043b\u044f \u0440\u0430\u0431\u043e\u0442\u044b \u0432 \u0441\u0430\u0434\u0443, \u043b\u0435\u0441\u0443 \u0438 \u043d\u0430 \u0441\u0442\u0440\u043e\u0438\u0442\u0435\u043b\u044c\u043d\u043e\u0439 \u043f\u043b\u043e\u0449\u0430\u0434\u043a\u0435. Stihl MS172 \u2013 \u043d\u0430\u0434\u0435\u0436\u043d\u0430\u044f \u0438 \u043a\u043e\u043c\u043f\u0430\u043a\u0442\u043d\u0430\u044f \u0431\u0435\u043d\u0437\u043e\u043f\u0438\u043b\u0430, \u0438\u0434\u0435\u0430\u043b\u044c\u043d\u043e \u043f\u043e\u0434\u0445\u043e\u0434\u044f\u0449\u0430\u044f \u0434\u043b\u044f \u0432\u044b\u043f\u043e\u043b\u043d\u0435\u043d\u0438\u044f \u0440\u0430\u0437\u043b\u0438\u0447\u043d\u044b\u0445 \u0437\u0430\u0434\u0430\u0447 \u043f\u043e \u0440\u0430\u0441\u043f\u0438\u043b\u0443 \u0434\u0440\u0435\u0432\u0435\u0441\u0438\u043d\u044b. \u041e\u0441\u043d\u0430\u0449\u0435\u043d\u0430 \u043c\u043e\u0449\u043d\u044b\u043c \u0434\u0432\u0438\u0433\u0430\u0442\u0435\u043b\u0435\u043c, \u043a\u043e\u0442\u043e\u0440\u044b\u0439 \u043e\u0431\u0435\u0441\u043f\u0435\u0447\u0438\u0432\u0430\u0435\u0442 \u0441\u0442\u0430\u0431\u0438\u043b\u044c\u043d\u0443\u044e \u0438 \u044d\u0444\u0444\u0435\u043a\u0442\u0438\u0432\u043d\u0443\u044e \u0440\u0430\u0431\u043e\u0442\u0443. \u041b\u0435\u0433\u043a\u043e\u0441\u0442\u044c \u0438 \u0443\u0434\u043e\u0431\u0441\u0442\u0432\u043e \u0438\u0441\u043f\u043e\u043b\u044c\u0437\u043e\u0432\u0430\u043d\u0438\u044f \u0434\u0435\u043b\u0430\u044e\u0442 \u044d\u0442\u0443 \u043c\u043e\u0434\u0435\u043b\u044c \u043e\u0442\u043b\u0438\u0447\u043d\u044b\u043c \u0432\u044b\u0431\u043e\u0440\u043e\u043c \u043a\u0430\u043a \u0434\u043b\u044f \u043f\u0440\u043e\u0444\u0435\u0441\u0441\u0438\u043e\u043d\u0430\u043b\u043e\u0432, \u0442\u0430\u043a \u0438 \u0434\u043b\u044f \u0434\u043e\u043c\u0430\u0448\u043d\u0438\u0445 \u043f\u043e\u043b\u044c\u0437\u043e\u0432\u0430\u0442\u0435\u043b\u0435\u0439.<\/p>\n<p data-start=\"719\" data-end=\"1014\">\u0414\u043b\u044f \u0440\u0430\u0431\u043e\u0442\u044b \u043f\u0438\u043b\u044b \u0442\u0440\u0435\u0431\u0443\u0435\u0442\u0441\u044f \u0442\u043e\u043f\u043b\u0438\u0432\u043d\u0430\u044f \u0441\u043c\u0435\u0441\u044c \u0432 \u043f\u0440\u043e\u043f\u043e\u0440\u0446\u0438\u0438 1:50. \u0411\u0435\u0441\u043f\u043b\u0430\u0442\u043d\u043e \u043f\u0440\u0435\u0434\u043e\u0441\u0442\u0430\u0432\u043b\u044f\u0435\u0442\u0441\u044f \u043c\u0430\u0441\u043b\u043e \u0434\u043b\u044f \u043f\u0440\u0438\u0433\u043e\u0442\u043e\u0432\u043b\u0435\u043d\u0438\u044f \u0441\u043c\u0435\u0441\u0438 \u0438 \u0441\u043f\u0435\u0446\u0438\u0430\u043b\u044c\u043d\u044b\u0439 \u043a\u043e\u043d\u0442\u0435\u0439\u043d\u0435\u0440 \u0434\u043b\u044f \u0441\u043c\u0435\u0448\u0438\u0432\u0430\u043d\u0438\u044f, \u0447\u0442\u043e\u0431\u044b \u043c\u043e\u0436\u043d\u043e \u0431\u044b\u043b\u043e \u043b\u0435\u0433\u043a\u043e \u0438 \u0431\u044b\u0441\u0442\u0440\u043e \u043f\u043e\u0434\u0433\u043e\u0442\u043e\u0432\u0438\u0442\u044c \u0442\u043e\u043f\u043b\u0438\u0432\u043e. \u041a\u0440\u043e\u043c\u0435 \u0442\u043e\u0433\u043e, \u043c\u0430\u0441\u043b\u043e \u0434\u043b\u044f \u0446\u0435\u043f\u0438 \u0442\u0430\u043a\u0436\u0435 \u043f\u0440\u0435\u0434\u043e\u0441\u0442\u0430\u0432\u043b\u044f\u0435\u0442\u0441\u044f \u0431\u0435\u0441\u043f\u043b\u0430\u0442\u043d\u043e, \u0447\u0442\u043e \u043e\u0431\u0435\u0441\u043f\u0435\u0447\u0438\u0432\u0430\u0435\u0442 \u043d\u0435\u043f\u0440\u0435\u0440\u044b\u0432\u043d\u0443\u044e \u0440\u0430\u0431\u043e\u0442\u0443.<\/p>\n<hr data-start=\"1016\" data-end=\"1019\" \/>\n<h3 data-start=\"1021\" data-end=\"1071\">\u041f\u0440\u0435\u0438\u043c\u0443\u0449\u0435\u0441\u0442\u0432\u0430 \u0431\u0435\u043d\u0437\u043e\u043f\u0438\u043b\u044b Stihl MS172<\/h3>\n<ul data-start=\"1073\" data-end=\"1318\">\n<li data-start=\"1073\" data-end=\"1107\">\n<p data-start=\"1075\" data-end=\"1107\">\u0412\u044b\u0441\u043e\u043a\u0430\u044f \u043f\u0440\u043e\u0438\u0437\u0432\u043e\u0434\u0438\u0442\u0435\u043b\u044c\u043d\u043e\u0441\u0442\u044c \u0438 \u043c\u043e\u0449\u043d\u044b\u0439 \u0434\u0432\u0438\u0433\u0430\u0442\u0435\u043b\u044c<\/p>\n<\/li>\n<li data-start=\"1108\" data-end=\"1158\">\n<p data-start=\"1110\" data-end=\"1158\">\u0412\u043e\u0437\u043c\u043e\u0436\u043d\u043e\u0441\u0442\u044c \u0440\u0430\u0431\u043e\u0442\u044b \u0432 \u043c\u0435\u0441\u0442\u0430\u0445 \u0431\u0435\u0437 \u044d\u043b\u0435\u043a\u0442\u0440\u0438\u0447\u0435\u0441\u0442\u0432\u0430<\/p>\n<\/li>\n<li data-start=\"1159\" data-end=\"1214\">\n<p data-start=\"1161\" data-end=\"1214\">\u0422\u043e\u0447\u043d\u043e\u0435 \u0440\u0430\u0441\u043f\u0438\u043b\u0438\u0432\u0430\u043d\u0438\u0435 \u0434\u0440\u0435\u0432\u0435\u0441\u0438\u043d\u044b \u0440\u0430\u0437\u043d\u044b\u0445 \u043f\u043e\u0440\u043e\u0434 \u0438 \u0434\u0438\u0430\u043c\u0435\u0442\u0440\u043e\u0432<\/p>\n<\/li>\n<li data-start=\"1215\" data-end=\"1259\">\n<p data-start=\"1217\" data-end=\"1259\">\u041f\u0440\u043e\u0441\u0442\u043e\u0442\u0430 \u0438\u0441\u043f\u043e\u043b\u044c\u0437\u043e\u0432\u0430\u043d\u0438\u044f \u0438 \u044d\u0440\u0433\u043e\u043d\u043e\u043c\u0438\u0447\u043d\u0430\u044f \u043a\u043e\u043d\u0441\u0442\u0440\u0443\u043a\u0446\u0438\u044f<\/p>\n<\/li>\n<li data-start=\"1260\" data-end=\"1318\">\n<p data-start=\"1262\" data-end=\"1318\">\u0413\u0438\u0431\u043a\u0438\u0435 \u0443\u0441\u043b\u043e\u0432\u0438\u044f \u0430\u0440\u0435\u043d\u0434\u044b \u2013 \u043d\u0430 \u0447\u0430\u0441\u044b, \u0434\u043d\u0438 \u0438\u043b\u0438 \u0434\u043b\u0438\u0442\u0435\u043b\u044c\u043d\u044b\u0439 \u0441\u0440\u043e\u043a<\/p>\n<\/li>\n<\/ul>\n<hr data-start=\"1320\" data-end=\"1323\" \/>\n<h3 data-start=\"1325\" data-end=\"1376\">\u041a\u0430\u043a \u0440\u0430\u0431\u043e\u0442\u0430\u0435\u0442 \u0430\u0440\u0435\u043d\u0434\u0430 \u0431\u0435\u043d\u0437\u043e\u043f\u0438\u043b\u044b Stihl MS172 \u0432 CoolRent<\/h3>\n<ol data-start=\"1378\" data-end=\"1583\">\n<li data-start=\"1378\" data-end=\"1445\">\n<p data-start=\"1381\" data-end=\"1445\">\u0421\u0432\u044f\u0436\u0438\u0442\u0435\u0441\u044c \u0441 \u043d\u0430\u043c\u0438 \u043f\u043e \u0442\u0435\u043b\u0435\u0444\u043e\u043d\u0443 \u0438\u043b\u0438 \u0447\u0435\u0440\u0435\u0437 \u0444\u043e\u0440\u043c\u0443 \u043d\u0430 \u0441\u0430\u0439\u0442\u0435<\/p>\n<\/li>\n<li data-start=\"1446\" data-end=\"1499\">\n<p data-start=\"1449\" data-end=\"1499\">\u0412\u044b\u0431\u0435\u0440\u0438\u0442\u0435 \u043c\u043e\u0434\u0435\u043b\u044c Stihl MS172 \u0438 \u0441\u043e\u0433\u043b\u0430\u0441\u0443\u0439\u0442\u0435 \u0441\u0440\u043e\u043a \u0430\u0440\u0435\u043d\u0434\u044b<\/p>\n<\/li>\n<li data-start=\"1500\" data-end=\"1583\">\n<p data-start=\"1503\" data-end=\"1583\">\u041f\u043e\u043b\u0443\u0447\u0438\u0442\u0435 \u043e\u0431\u043e\u0440\u0443\u0434\u043e\u0432\u0430\u043d\u0438\u0435 \u0432 \u0412\u0430\u0440\u0448\u0430\u0432\u0435 (Bia\u0142o\u0142\u0119ka) \u0438\u043b\u0438 \u0437\u0430\u043a\u0430\u0436\u0438\u0442\u0435 \u0434\u043e\u0441\u0442\u0430\u0432\u043a\u0443 \u043d\u0430 \u043e\u0431\u044a\u0435\u043a\u0442<\/p>\n<\/li>\n<\/ol>\n<p data-start=\"1585\" data-end=\"1691\">\u0421 \u0430\u0440\u0435\u043d\u0434\u043e\u0439 \u0432\u0430\u043c \u043d\u0435 \u043d\u0443\u0436\u043d\u043e \u043f\u043e\u043a\u0443\u043f\u0430\u0442\u044c \u0434\u043e\u0440\u043e\u0433\u043e\u0435 \u043e\u0431\u043e\u0440\u0443\u0434\u043e\u0432\u0430\u043d\u0438\u0435 \u2013 \u0432\u044b \u043f\u043b\u0430\u0442\u0438\u0442\u0435 \u0442\u043e\u043b\u044c\u043a\u043e \u0437\u0430 \u0444\u0430\u043a\u0442\u0438\u0447\u0435\u0441\u043a\u043e\u0435 \u0432\u0440\u0435\u043c\u044f \u0435\u0433\u043e \u0438\u0441\u043f\u043e\u043b\u044c\u0437\u043e\u0432\u0430\u043d\u0438\u044f.<\/p>\n<hr data-start=\"1693\" data-end=\"1696\" \/>\n<h3 data-start=\"1698\" data-end=\"1754\">CoolRent \u2013 \u043f\u0440\u043e\u043a\u0430\u0442 \u0438\u043d\u0441\u0442\u0440\u0443\u043c\u0435\u043d\u0442\u043e\u0432 \u0412\u0430\u0440\u0448\u0430\u0432\u0430 Bia\u0142o\u0142\u0119ka<\/h3>\n<p data-start=\"1756\" data-end=\"1976\" class=\"translation-block\">\u0410\u0440\u0435\u043d\u0434\u0430 \u0431\u0435\u043d\u0437\u043e\u043f\u0438\u043b\u044b Stihl MS172 \u0432 CoolRent \u0433\u0430\u0440\u0430\u043d\u0442\u0438\u0440\u0443\u0435\u0442 \u043a\u0430\u0447\u0435\u0441\u0442\u0432\u0435\u043d\u043d\u043e\u0435 \u043e\u0431\u043e\u0440\u0443\u0434\u043e\u0432\u0430\u043d\u0438\u0435, \u0432\u044b\u0433\u043e\u0434\u043d\u044b\u0435 \u0446\u0435\u043d\u044b \u0438 \u043f\u0440\u043e\u0444\u0435\u0441\u0441\u0438\u043e\u043d\u0430\u043b\u044c\u043d\u043e\u0435 \u043e\u0431\u0441\u043b\u0443\u0436\u0438\u0432\u0430\u043d\u0438\u0435. \u041d\u0435\u0437\u0430\u0432\u0438\u0441\u0438\u043c\u043e \u043e\u0442 \u043e\u0431\u044a\u0435\u043c\u0430 \u0440\u0430\u0431\u043e\u0442, \u043f\u0438\u043b\u043e\u0439 \u043c\u043e\u0436\u043d\u043e \u0431\u044b\u0441\u0442\u0440\u043e, \u0431\u0435\u0437\u043e\u043f\u0430\u0441\u043d\u043e \u0438 \u044d\u0444\u0444\u0435\u043a\u0442\u0438\u0432\u043d\u043e \u0440\u0430\u0441\u043f\u0438\u043b\u0438\u0432\u0430\u0442\u044c \u0434\u0440\u0435\u0432\u0435\u0441\u0438\u043d\u0443.<\/p>","protected":false},"excerpt":{"rendered":"<ul>\n<li style=\"text-align: left;\">\u041c\u043e\u0449\u043d\u043e\u0441\u0442\u044c: 1,4 \u043a\u0412\u0442\/1,9 \u043b.\u0441.<\/li>\n<li style=\"text-align: left;\">\u0414\u043b\u0438\u043d\u0430 \u0440\u0435\u0437\u043a\u0438: 35 \u0441\u043c<\/li>\n<li style=\"text-align: left;\">\u041e\u0431\u044a\u0435\u043c: 31,8 \u0441\u043c\u00b3<\/li>\n<li style=\"text-align: left;\">\u0428\u0430\u0433 \u0446\u0435\u043f\u0438: 3\/8\"<\/li>\n<li style=\"text-align: left;\">\u0412\u0435\u0441: 4,78 \u043a\u0433<\/li>\n<li style=\"text-align: left;\" class=\"translation-block\">\u0414\u043e\u0441\u0442\u0430\u0432\u043a\u0430: <strong>20 z\u0142 netto<\/strong><\/li>\n<\/ul>","protected":false},"featured_media":29585,"template":"","meta":{"_monsterinsights_skip_tracking":false,"_monsterinsights_sitenote_active":false,"_monsterinsights_sitenote_note":"","_monsterinsights_sitenote_category":0},"product_brand":[],"product_cat":[135,144],"product_tag":[],"class_list":{"0":"post-28630","1":"product","2":"type-product","3":"status-publish","4":"has-post-thumbnail","6":"product_cat-obrobka-drewna","7":"product_cat-spalinowe-pily-lancuchowe","9":"first","10":"instock","11":"taxable","12":"shipping-taxable","13":"purchasable","14":"product-type-simple"},"_links":{"self":[{"href":"https:\/\/coolrent.pl\/ru\/wp-json\/wp\/v2\/product\/28630","targetHints":{"allow":["GET"]}}],"collection":[{"href":"https:\/\/coolrent.pl\/ru\/wp-json\/wp\/v2\/product"}],"about":[{"href":"https:\/\/coolrent.pl\/ru\/wp-json\/wp\/v2\/types\/product"}],"version-history":[{"count":6,"href":"https:\/\/coolrent.pl\/ru\/wp-json\/wp\/v2\/product\/28630\/revisions"}],"predecessor-version":[{"id":30369,"href":"https:\/\/coolrent.pl\/ru\/wp-json\/wp\/v2\/product\/28630\/revisions\/30369"}],"wp:featuredmedia":[{"embeddable":true,"href":"https:\/\/coolrent.pl\/ru\/wp-json\/wp\/v2\/media\/29585"}],"wp:attachment":[{"href":"https:\/\/coolrent.pl\/ru\/wp-json\/wp\/v2\/media?parent=28630"}],"wp:term":[{"taxonomy":"product_brand","embeddable":true,"href":"https:\/\/coolrent.pl\/ru\/wp-json\/wp\/v2\/product_brand?post=28630"},{"taxonomy":"product_cat","embeddable":true,"href":"https:\/\/coolrent.pl\/ru\/wp-json\/wp\/v2\/product_cat?post=28630"},{"taxonomy":"product_tag","embeddable":true,"href":"https:\/\/coolrent.pl\/ru\/wp-json\/wp\/v2\/product_tag?post=28630"}],"curies":[{"name":"wp","href":"https:\/\/api.w.org\/{rel}","templated":true}]}}