{"id":28647,"date":"2024-07-05T11:08:18","date_gmt":"2024-07-05T11:08:18","guid":{"rendered":"https:\/\/coolrent.pl\/?post_type=product&#038;p=28647"},"modified":"2024-11-15T16:07:48","modified_gmt":"2024-11-15T16:07:48","slug":"makita-4329-wyrzynarka-z-podcinaniem","status":"publish","type":"product","link":"https:\/\/coolrent.pl\/ru\/makita-4329-wyrzynarka-z-podcinaniem\/","title":{"rendered":"MAKITA 4329 \u042d\u043b\u0435\u043a\u0442\u0440\u0438\u0447\u0435\u0441\u043a\u0438\u0439 \u043b\u043e\u0431\u0437\u0438\u043a"},"content":{"rendered":"<p>MAKITA 4329 \u2014 \u044d\u0442\u043e \u043a\u043e\u043c\u043f\u0430\u043a\u0442\u043d\u044b\u0439 \u0438 \u043d\u0430\u0434\u0435\u0436\u043d\u044b\u0439 \u044d\u043b\u0435\u043a\u0442\u0440\u0438\u0447\u0435\u0441\u043a\u0438\u0439 \u043b\u043e\u0431\u0437\u0438\u043a, \u043f\u0440\u0435\u0434\u043d\u0430\u0437\u043d\u0430\u0447\u0435\u043d\u043d\u044b\u0439 \u0434\u043b\u044f \u0432\u044b\u043f\u043e\u043b\u043d\u0435\u043d\u0438\u044f \u0442\u043e\u0447\u043d\u044b\u0445 \u0440\u0435\u0437\u043e\u0432 \u0432 \u0440\u0430\u0437\u043b\u0438\u0447\u043d\u044b\u0445 \u043c\u0430\u0442\u0435\u0440\u0438\u0430\u043b\u0430\u0445, \u0442\u0430\u043a\u0438\u0445 \u043a\u0430\u043a \u0434\u0435\u0440\u0435\u0432\u043e, \u043c\u0435\u0442\u0430\u043b\u043b \u0438 \u043f\u043b\u0430\u0441\u0442\u0438\u043a. \u041e\u043d \u043e\u0441\u043d\u0430\u0449\u0435\u043d \u0434\u0432\u0438\u0433\u0430\u0442\u0435\u043b\u0435\u043c \u0441 \u0440\u0435\u0433\u0443\u043b\u0438\u0440\u0443\u0435\u043c\u043e\u0439 \u0441\u043a\u043e\u0440\u043e\u0441\u0442\u044c\u044e, \u0447\u0442\u043e \u043f\u043e\u0437\u0432\u043e\u043b\u044f\u0435\u0442 \u0430\u0434\u0430\u043f\u0442\u0438\u0440\u043e\u0432\u0430\u0442\u044c \u0438\u043d\u0441\u0442\u0440\u0443\u043c\u0435\u043d\u0442 \u043f\u043e\u0434 \u043a\u043e\u043d\u043a\u0440\u0435\u0442\u043d\u044b\u0435 \u0437\u0430\u0434\u0430\u0447\u0438 \u0438 \u043c\u0430\u0442\u0435\u0440\u0438\u0430\u043b\u044b.<\/p>\n<p>\u041b\u043e\u0431\u0437\u0438\u043a \u043e\u0442\u043b\u0438\u0447\u0430\u0435\u0442\u0441\u044f \u043b\u0435\u0433\u043a\u043e\u0441\u0442\u044c\u044e \u0438 \u0443\u0434\u043e\u0431\u0441\u0442\u0432\u043e\u043c \u0432 \u0438\u0441\u043f\u043e\u043b\u044c\u0437\u043e\u0432\u0430\u043d\u0438\u0438, \u0447\u0442\u043e \u0434\u0435\u043b\u0430\u0435\u0442 \u0435\u0433\u043e \u043f\u043e\u0434\u0445\u043e\u0434\u044f\u0449\u0438\u043c \u043a\u0430\u043a \u0434\u043b\u044f \u043f\u0440\u043e\u0444\u0435\u0441\u0441\u0438\u043e\u043d\u0430\u043b\u043e\u0432, \u0442\u0430\u043a \u0438 \u0434\u043b\u044f \u0434\u043e\u043c\u0430\u0448\u043d\u0438\u0445 \u043c\u0430\u0441\u0442\u0435\u0440\u043e\u0432. \u042d\u0440\u0433\u043e\u043d\u043e\u043c\u0438\u0447\u043d\u0430\u044f \u0440\u0443\u043a\u043e\u044f\u0442\u043a\u0430 \u0441\u043d\u0438\u0436\u0430\u0435\u0442 \u0443\u0441\u0442\u0430\u043b\u043e\u0441\u0442\u044c \u043f\u0440\u0438 \u0434\u043b\u0438\u0442\u0435\u043b\u044c\u043d\u043e\u0439 \u0440\u0430\u0431\u043e\u0442\u0435, \u0430 \u0441\u0438\u0441\u0442\u0435\u043c\u0430 \u0431\u044b\u0441\u0442\u0440\u043e\u0439 \u0437\u0430\u043c\u0435\u043d\u044b \u043f\u043e\u043b\u043e\u0442\u043d\u0430 \u0443\u043f\u0440\u043e\u0449\u0430\u0435\u0442 \u043f\u0440\u043e\u0446\u0435\u0441\u0441 \u0441\u043c\u0435\u043d\u044b \u043b\u0435\u0437\u0432\u0438\u0439.<\/p>\n<p>\u0423 \u043d\u0430\u0441 \u0432 \u043f\u0440\u043e\u0434\u0430\u0436\u0435 \u0438\u043c\u0435\u044e\u0442\u0441\u044f \u0440\u0430\u0437\u043b\u0438\u0447\u043d\u044b\u0435 \u0430\u043a\u0441\u0435\u0441\u0441\u0443\u0430\u0440\u044b \u0434\u043b\u044f \u044d\u0442\u043e\u0439 \u043c\u043e\u0434\u0435\u043b\u0438, \u043a\u043e\u0442\u043e\u0440\u044b\u0435 \u043f\u043e\u043c\u043e\u0433\u0443\u0442 \u0440\u0430\u0441\u0448\u0438\u0440\u0438\u0442\u044c \u0435\u0451 \u0444\u0443\u043d\u043a\u0446\u0438\u043e\u043d\u0430\u043b\u044c\u043d\u044b\u0435 \u0432\u043e\u0437\u043c\u043e\u0436\u043d\u043e\u0441\u0442\u0438 \u0438 \u043f\u043e\u0432\u044b\u0441\u0438\u0442\u044c \u0443\u0434\u043e\u0431\u0441\u0442\u0432\u043e \u0440\u0430\u0431\u043e\u0442\u044b.<\/p>","protected":false},"excerpt":{"rendered":"<ul>\n<li style=\"text-align: left;\">Moc znamionowa: 450 W<\/li>\n<li style=\"text-align: left;\">Cz\u0119st. skok\u00f3w: 500 &#8211; 3100 \/min<\/li>\n<li style=\"text-align: left;\">Wielko\u015b\u0107 skoku: 18 mm<\/li>\n<li style=\"text-align: left;\">Zdolno\u015b\u0107 ci\u0119cia w drewnie: 65 mm<\/li>\n<li style=\"text-align: left;\">Zdolno\u015b\u0107 ci\u0119cia w stali: 6 mm<\/li>\n<li style=\"text-align: left;\">Wymiary (DxSxW): 223 x 77 x 197 mm<\/li>\n<li style=\"text-align: left;\">Ci\u0119\u017car: 1,9 kg<\/li>\n<li style=\"text-align: left;\" class=\"translation-block\">\u0414\u043e\u0441\u0442\u0430\u0432\u043a\u0430: <strong>20 z\u0142 netto<\/strong><\/li>\n<\/ul>","protected":false},"featured_media":28648,"template":"","meta":{"_monsterinsights_skip_tracking":false,"_monsterinsights_sitenote_active":false,"_monsterinsights_sitenote_note":"","_monsterinsights_sitenote_category":0},"product_brand":[],"product_cat":[135,140],"product_tag":[],"class_list":{"0":"post-28647","1":"product","2":"type-product","3":"status-publish","4":"has-post-thumbnail","6":"product_cat-obrobka-drewna","7":"product_cat-wyrzynarki","9":"first","10":"instock","11":"taxable","12":"shipping-taxable","13":"purchasable","14":"product-type-simple"},"_links":{"self":[{"href":"https:\/\/coolrent.pl\/ru\/wp-json\/wp\/v2\/product\/28647","targetHints":{"allow":["GET"]}}],"collection":[{"href":"https:\/\/coolrent.pl\/ru\/wp-json\/wp\/v2\/product"}],"about":[{"href":"https:\/\/coolrent.pl\/ru\/wp-json\/wp\/v2\/types\/product"}],"version-history":[{"count":2,"href":"https:\/\/coolrent.pl\/ru\/wp-json\/wp\/v2\/product\/28647\/revisions"}],"predecessor-version":[{"id":29827,"href":"https:\/\/coolrent.pl\/ru\/wp-json\/wp\/v2\/product\/28647\/revisions\/29827"}],"wp:featuredmedia":[{"embeddable":true,"href":"https:\/\/coolrent.pl\/ru\/wp-json\/wp\/v2\/media\/28648"}],"wp:attachment":[{"href":"https:\/\/coolrent.pl\/ru\/wp-json\/wp\/v2\/media?parent=28647"}],"wp:term":[{"taxonomy":"product_brand","embeddable":true,"href":"https:\/\/coolrent.pl\/ru\/wp-json\/wp\/v2\/product_brand?post=28647"},{"taxonomy":"product_cat","embeddable":true,"href":"https:\/\/coolrent.pl\/ru\/wp-json\/wp\/v2\/product_cat?post=28647"},{"taxonomy":"product_tag","embeddable":true,"href":"https:\/\/coolrent.pl\/ru\/wp-json\/wp\/v2\/product_tag?post=28647"}],"curies":[{"name":"wp","href":"https:\/\/api.w.org\/{rel}","templated":true}]}}