{"id":28658,"date":"2024-07-05T11:49:27","date_gmt":"2024-07-05T11:49:27","guid":{"rendered":"https:\/\/coolrent.pl\/?post_type=product&#038;p=28658"},"modified":"2026-03-08T20:13:32","modified_gmt":"2026-03-08T20:13:32","slug":"makita-mt-m3602-frezarka-gornowrzecionowa","status":"publish","type":"product","link":"https:\/\/coolrent.pl\/ru\/makita-mt-m3602-frezarka-gornowrzecionowa\/","title":{"rendered":"\u0424\u0440\u0435\u0437\u0435\u0440\u043d\u044b\u0439 \u0441\u0442\u0430\u043d\u043e\u043a MAKITA MT M3602"},"content":{"rendered":"<h2 data-start=\"128\" data-end=\"186\">\u0424\u0440\u0435\u0437\u0435\u0440\u043d\u044b\u0439 \u0441\u0442\u0430\u043d\u043e\u043a MAKITA MT M3602 \u2013 \u0430\u0440\u0435\u043d\u0434\u0430 \u0412\u0430\u0440\u0448\u0430\u0432\u0430 (Bia\u0142o\u0142\u0119ka)<\/h2>\n<p data-start=\"128\" data-end=\"186\" class=\"translation-block\">MAKITA MT M3602 \u2013 \u043f\u0440\u043e\u0438\u0437\u0432\u043e\u0434\u0438\u0442\u0435\u043b\u044c\u043d\u0430\u044f \u0444\u0440\u0435\u0437\u0435\u0440\u043d\u0430\u044f \u043c\u0430\u0448\u0438\u043d\u0430, \u043f\u0440\u0435\u0434\u043d\u0430\u0437\u043d\u0430\u0447\u0435\u043d\u043d\u0430\u044f \u0434\u043b\u044f \u0432\u044b\u043f\u043e\u043b\u043d\u0435\u043d\u0438\u044f \u0440\u0430\u0437\u043b\u0438\u0447\u043d\u044b\u0445 \u0437\u0430\u0434\u0430\u0447 \u043f\u043e \u043e\u0431\u0440\u0430\u0431\u043e\u0442\u043a\u0435 \u0434\u0440\u0435\u0432\u0435\u0441\u0438\u043d\u044b. \u0421\u0442\u0430\u043d\u043e\u043a \u043e\u0441\u043d\u0430\u0449\u0435\u043d \u043d\u0430\u0434\u0435\u0436\u043d\u044b\u043c \u0434\u0432\u0438\u0433\u0430\u0442\u0435\u043b\u0435\u043c, \u043a\u043e\u0442\u043e\u0440\u044b\u0439 \u043e\u0431\u0435\u0441\u043f\u0435\u0447\u0438\u0432\u0430\u0435\u0442 \u0441\u0442\u0430\u0431\u0438\u043b\u044c\u043d\u0443\u044e \u0438 \u044d\u0444\u0444\u0435\u043a\u0442\u0438\u0432\u043d\u0443\u044e \u0440\u0430\u0431\u043e\u0442\u0443, \u043f\u043e\u0437\u0432\u043e\u043b\u044f\u044f \u0432\u044b\u043f\u043e\u043b\u043d\u044f\u0442\u044c \u043e\u043f\u0435\u0440\u0430\u0446\u0438\u0438 \u043f\u043e \u0444\u0440\u0435\u0437\u0435\u0440\u043e\u0432\u0430\u043d\u0438\u044e \u043a\u0440\u043e\u043c\u043e\u043a, \u0441\u043e\u0437\u0434\u0430\u043d\u0438\u044e \u043f\u0430\u0437\u043e\u0432 \u0438 \u0434\u0435\u043a\u043e\u0440\u0430\u0442\u0438\u0432\u043d\u044b\u0445 \u044d\u043b\u0435\u043c\u0435\u043d\u0442\u043e\u0432. \u0420\u0435\u0433\u0443\u043b\u0438\u0440\u043e\u0432\u043a\u0430 \u0433\u043b\u0443\u0431\u0438\u043d\u044b \u0444\u0440\u0435\u0437\u0435\u0440\u043e\u0432\u0430\u043d\u0438\u044f \u043f\u043e\u0437\u0432\u043e\u043b\u044f\u0435\u0442 \u0442\u043e\u0447\u043d\u043e \u043f\u043e\u0434\u0441\u0442\u0440\u0430\u0438\u0432\u0430\u0442\u044c \u0438\u043d\u0441\u0442\u0440\u0443\u043c\u0435\u043d\u0442 \u043f\u043e\u0434 \u043a\u043e\u043d\u043a\u0440\u0435\u0442\u043d\u044b\u0435 \u0437\u0430\u0434\u0430\u0447\u0438, \u043e\u0431\u0435\u0441\u043f\u0435\u0447\u0438\u0432\u0430\u044f \u0432\u044b\u0441\u043e\u043a\u0443\u044e \u0442\u043e\u0447\u043d\u043e\u0441\u0442\u044c \u0438 \u043a\u0430\u0447\u0435\u0441\u0442\u0432\u043e \u043e\u0431\u0440\u0430\u0431\u043e\u0442\u043a\u0438.<\/p>\n<p data-start=\"641\" data-end=\"850\">\u041c\u044b \u043f\u0440\u0435\u0434\u043b\u0430\u0433\u0430\u0435\u043c \u0430\u0440\u0435\u043d\u0434\u0443 \u0440\u0430\u0437\u043b\u0438\u0447\u043d\u044b\u0445 \u0430\u043a\u0441\u0435\u0441\u0441\u0443\u0430\u0440\u043e\u0432 \u0434\u043b\u044f \u044d\u0442\u043e\u0439 \u043c\u043e\u0434\u0435\u043b\u0438, \u0432\u043a\u043b\u044e\u0447\u0430\u044f \u0430\u0434\u0430\u043f\u0442\u0435\u0440 \u0434\u043b\u044f \u043d\u0430\u043f\u0440\u0430\u0432\u043b\u044f\u044e\u0449\u0435\u0439 \u0448\u0438\u043d\u044b \u0438 \u043d\u0430\u043f\u0440\u0430\u0432\u043b\u044f\u044e\u0449\u0443\u044e. \u042d\u0442\u0438 \u0434\u043e\u043f\u043e\u043b\u043d\u0438\u0442\u0435\u043b\u044c\u043d\u044b\u0435 \u0438\u043d\u0441\u0442\u0440\u0443\u043c\u0435\u043d\u0442\u044b \u0440\u0430\u0441\u0448\u0438\u0440\u044f\u044e\u0442 \u0432\u043e\u0437\u043c\u043e\u0436\u043d\u043e\u0441\u0442\u0438 \u0444\u0440\u0435\u0437\u0435\u0440\u0430 \u0438 \u043e\u0431\u0435\u0441\u043f\u0435\u0447\u0438\u0432\u0430\u044e\u0442 \u0431\u043e\u043b\u0435\u0435 \u0442\u043e\u0447\u043d\u043e\u0435 \u0438 \u0443\u0434\u043e\u0431\u043d\u043e\u0435 \u0432\u044b\u043f\u043e\u043b\u043d\u0435\u043d\u0438\u0435 \u0440\u0430\u0431\u043e\u0442.<\/p>\n<hr data-start=\"852\" data-end=\"855\" \/>\n<h3 data-start=\"857\" data-end=\"920\">\u041f\u0440\u0435\u0438\u043c\u0443\u0449\u0435\u0441\u0442\u0432\u0430 \u0430\u0440\u0435\u043d\u0434\u044b \u0444\u0440\u0435\u0437\u0435\u0440\u043d\u043e\u0433\u043e \u0441\u0442\u0430\u043d\u043a\u0430 MAKITA MT M3602<\/h3>\n<ul data-start=\"922\" data-end=\"1193\">\n<li data-start=\"922\" data-end=\"962\">\n<p data-start=\"924\" data-end=\"962\">\u0412\u044b\u0441\u043e\u043a\u0430\u044f \u043f\u0440\u043e\u0438\u0437\u0432\u043e\u0434\u0438\u0442\u0435\u043b\u044c\u043d\u043e\u0441\u0442\u044c \u0438 \u043d\u0430\u0434\u0435\u0436\u043d\u044b\u0439 \u0434\u0432\u0438\u0433\u0430\u0442\u0435\u043b\u044c<\/p>\n<\/li>\n<li data-start=\"963\" data-end=\"1032\">\n<p data-start=\"965\" data-end=\"1032\">\u0422\u043e\u0447\u043d\u0430\u044f \u043e\u0431\u0440\u0430\u0431\u043e\u0442\u043a\u0430 \u0434\u0440\u0435\u0432\u0435\u0441\u0438\u043d\u044b: \u043a\u0440\u043e\u043c\u043a\u0438, \u043f\u0430\u0437\u044b, \u0434\u0435\u043a\u043e\u0440\u0430\u0442\u0438\u0432\u043d\u044b\u0435 \u044d\u043b\u0435\u043c\u0435\u043d\u0442\u044b<\/p>\n<\/li>\n<li data-start=\"1033\" data-end=\"1096\">\n<p data-start=\"1035\" data-end=\"1096\">\u0420\u0435\u0433\u0443\u043b\u0438\u0440\u043e\u0432\u043a\u0430 \u0433\u043b\u0443\u0431\u0438\u043d\u044b \u0444\u0440\u0435\u0437\u0435\u0440\u043e\u0432\u0430\u043d\u0438\u044f \u0434\u043b\u044f \u043c\u0430\u043a\u0441\u0438\u043c\u0430\u043b\u044c\u043d\u043e\u0439 \u0442\u043e\u0447\u043d\u043e\u0441\u0442\u0438<\/p>\n<\/li>\n<li data-start=\"1097\" data-end=\"1165\">\n<p data-start=\"1099\" data-end=\"1165\">\u0412\u043e\u0437\u043c\u043e\u0436\u043d\u043e\u0441\u0442\u044c \u0438\u0441\u043f\u043e\u043b\u044c\u0437\u043e\u0432\u0430\u043d\u0438\u044f \u0430\u043a\u0441\u0435\u0441\u0441\u0443\u0430\u0440\u043e\u0432 \u0434\u043b\u044f \u0440\u0430\u0441\u0448\u0438\u0440\u0435\u043d\u0438\u044f \u0444\u0443\u043d\u043a\u0446\u0438\u043e\u043d\u0430\u043b\u0430<\/p>\n<\/li>\n<li data-start=\"1166\" data-end=\"1193\">\n<p data-start=\"1168\" data-end=\"1193\">\u0423\u0434\u043e\u0431\u0441\u0442\u0432\u043e \u0440\u0430\u0431\u043e\u0442\u044b \u0438 \u043f\u0440\u043e\u0441\u0442\u043e\u0442\u0430 \u0443\u043f\u0440\u0430\u0432\u043b\u0435\u043d\u0438\u044f<\/p>\n<\/li>\n<\/ul>\n<hr data-start=\"1195\" data-end=\"1198\" \/>\n<h3 data-start=\"1200\" data-end=\"1259\">\u041a\u0430\u043a \u0430\u0440\u0435\u043d\u0434\u043e\u0432\u0430\u0442\u044c \u0444\u0440\u0435\u0437\u0435\u0440 MAKITA MT M3602 \u0432 CoolRent<\/h3>\n<ol data-start=\"1261\" data-end=\"1470\">\n<li data-start=\"1261\" data-end=\"1328\">\n<p data-start=\"1264\" data-end=\"1328\">\u0421\u0432\u044f\u0436\u0438\u0442\u0435\u0441\u044c \u0441 \u043d\u0430\u043c\u0438 \u043f\u043e \u0442\u0435\u043b\u0435\u0444\u043e\u043d\u0443 \u0438\u043b\u0438 \u0447\u0435\u0440\u0435\u0437 \u0444\u043e\u0440\u043c\u0443 \u043d\u0430 \u0441\u0430\u0439\u0442\u0435<\/p>\n<\/li>\n<li data-start=\"1329\" data-end=\"1386\">\n<p data-start=\"1332\" data-end=\"1386\">\u0412\u044b\u0431\u0435\u0440\u0438\u0442\u0435 \u043c\u043e\u0434\u0435\u043b\u044c MAKITA MT M3602 \u0438 \u0441\u043e\u0433\u043b\u0430\u0441\u0443\u0439\u0442\u0435 \u0441\u0440\u043e\u043a \u0430\u0440\u0435\u043d\u0434\u044b<\/p>\n<\/li>\n<li data-start=\"1387\" data-end=\"1470\">\n<p data-start=\"1390\" data-end=\"1470\">\u041f\u043e\u043b\u0443\u0447\u0438\u0442\u0435 \u043e\u0431\u043e\u0440\u0443\u0434\u043e\u0432\u0430\u043d\u0438\u0435 \u0432 \u0412\u0430\u0440\u0448\u0430\u0432\u0435 (Bia\u0142o\u0142\u0119ka) \u0438\u043b\u0438 \u0437\u0430\u043a\u0430\u0436\u0438\u0442\u0435 \u0434\u043e\u0441\u0442\u0430\u0432\u043a\u0443 \u043d\u0430 \u043e\u0431\u044a\u0435\u043a\u0442<\/p>\n<\/li>\n<\/ol>\n<p data-start=\"1472\" data-end=\"1576\">\u0410\u0440\u0435\u043d\u0434\u0430 \u043f\u043e\u0437\u0432\u043e\u043b\u044f\u0435\u0442 \u043d\u0435 \u0432\u043a\u043b\u0430\u0434\u044b\u0432\u0430\u0442\u044c\u0441\u044f \u0432 \u0434\u043e\u0440\u043e\u0433\u043e\u0441\u0442\u043e\u044f\u0449\u0435\u0435 \u043e\u0431\u043e\u0440\u0443\u0434\u043e\u0432\u0430\u043d\u0438\u0435 \u2013 \u043e\u043f\u043b\u0430\u0442\u0430 \u0442\u043e\u043b\u044c\u043a\u043e \u0437\u0430 \u0444\u0430\u043a\u0442\u0438\u0447\u0435\u0441\u043a\u043e\u0435 \u0432\u0440\u0435\u043c\u044f \u0438\u0441\u043f\u043e\u043b\u044c\u0437\u043e\u0432\u0430\u043d\u0438\u044f.<\/p>\n<hr data-start=\"1578\" data-end=\"1581\" \/>\n<h3 data-start=\"1583\" data-end=\"1639\">CoolRent \u2013 \u043f\u0440\u043e\u043a\u0430\u0442 \u0438\u043d\u0441\u0442\u0440\u0443\u043c\u0435\u043d\u0442\u043e\u0432 \u0412\u0430\u0440\u0448\u0430\u0432\u0430 Bia\u0142o\u0142\u0119ka<\/h3>\n<p data-start=\"1641\" data-end=\"1868\" class=\"translation-block\">\u0410\u0440\u0435\u043d\u0434\u0430 \u0444\u0440\u0435\u0437\u0435\u0440\u043d\u043e\u0433\u043e \u0441\u0442\u0430\u043d\u043a\u0430 MAKITA MT M3602 \u0432 CoolRent \u0433\u0430\u0440\u0430\u043d\u0442\u0438\u0440\u0443\u0435\u0442 \u043f\u0440\u043e\u0432\u0435\u0440\u0435\u043d\u043d\u043e\u0435 \u043e\u0431\u043e\u0440\u0443\u0434\u043e\u0432\u0430\u043d\u0438\u0435, \u0432\u044b\u0433\u043e\u0434\u043d\u044b\u0435 \u0446\u0435\u043d\u044b \u0438 \u043f\u0440\u043e\u0444\u0435\u0441\u0441\u0438\u043e\u043d\u0430\u043b\u044c\u043d\u043e\u0435 \u043e\u0431\u0441\u043b\u0443\u0436\u0438\u0432\u0430\u043d\u0438\u0435. \u0421\u0442\u0430\u043d\u043e\u043a \u043f\u043e\u0437\u0432\u043e\u043b\u044f\u0435\u0442 \u0432\u044b\u043f\u043e\u043b\u043d\u044f\u0442\u044c \u0437\u0430\u0434\u0430\u0447\u0438 \u0431\u044b\u0441\u0442\u0440\u043e, \u0442\u043e\u0447\u043d\u043e \u0438 \u0443\u0434\u043e\u0431\u043d\u043e, \u043d\u0435\u0437\u0430\u0432\u0438\u0441\u0438\u043c\u043e \u043e\u0442 \u043e\u0431\u044a\u0435\u043c\u0430 \u0440\u0430\u0431\u043e\u0442.<\/p>","protected":false},"excerpt":{"rendered":"<ul>\n<li style=\"text-align: left;\">\u041c\u043e\u0449\u043d\u043e\u0441\u0442\u044c: 1650 \u0412\u0442<\/li>\n<li style=\"text-align: left;\">\u0421\u043a\u043e\u0440\u043e\u0441\u0442\u044c \u0432\u0440\u0430\u0449\u0435\u043d\u0438\u044f: 22000 \u043e\u0431\/\u043c\u0438\u043d<\/li>\n<li style=\"text-align: left;\">\u0413\u043b\u0443\u0431\u0438\u043d\u0430 \u0444\u0440\u0435\u0437\u0435\u0440\u043e\u0432\u0430\u043d\u0438\u044f: 0-60 \u043c\u043c<\/li>\n<li style=\"text-align: left;\">\u0414\u0438\u0430\u043c\u0435\u0442\u0440: \u00f8 12 \u043c\u043c<\/li>\n<li style=\"text-align: left;\">\u0413\u0430\u0431\u0430\u0440\u0438\u0442\u044b (\u043e\u0431\u0449\u0430\u044f \u0434\u043b\u0438\u043d\u0430): 300 \u043c\u043c<\/li>\n<li style=\"text-align: left;\">\u0412\u0435\u0441 (EPTA): 5,7 \u043a\u0433<\/li>\n<li style=\"text-align: left;\" class=\"translation-block\">\u0414\u043e\u0441\u0442\u0430\u0432\u043a\u0430: <strong>20 z\u0142 netto<\/strong><\/li>\n<\/ul>","protected":false},"featured_media":28659,"template":"","meta":{"_monsterinsights_skip_tracking":false,"_monsterinsights_sitenote_active":false,"_monsterinsights_sitenote_note":"","_monsterinsights_sitenote_category":0},"product_brand":[],"product_cat":[135,139],"product_tag":[],"class_list":{"0":"post-28658","1":"product","2":"type-product","3":"status-publish","4":"has-post-thumbnail","6":"product_cat-obrobka-drewna","7":"product_cat-frezarki","9":"first","10":"instock","11":"taxable","12":"shipping-taxable","13":"purchasable","14":"product-type-simple"},"_links":{"self":[{"href":"https:\/\/coolrent.pl\/ru\/wp-json\/wp\/v2\/product\/28658","targetHints":{"allow":["GET"]}}],"collection":[{"href":"https:\/\/coolrent.pl\/ru\/wp-json\/wp\/v2\/product"}],"about":[{"href":"https:\/\/coolrent.pl\/ru\/wp-json\/wp\/v2\/types\/product"}],"version-history":[{"count":5,"href":"https:\/\/coolrent.pl\/ru\/wp-json\/wp\/v2\/product\/28658\/revisions"}],"predecessor-version":[{"id":30372,"href":"https:\/\/coolrent.pl\/ru\/wp-json\/wp\/v2\/product\/28658\/revisions\/30372"}],"wp:featuredmedia":[{"embeddable":true,"href":"https:\/\/coolrent.pl\/ru\/wp-json\/wp\/v2\/media\/28659"}],"wp:attachment":[{"href":"https:\/\/coolrent.pl\/ru\/wp-json\/wp\/v2\/media?parent=28658"}],"wp:term":[{"taxonomy":"product_brand","embeddable":true,"href":"https:\/\/coolrent.pl\/ru\/wp-json\/wp\/v2\/product_brand?post=28658"},{"taxonomy":"product_cat","embeddable":true,"href":"https:\/\/coolrent.pl\/ru\/wp-json\/wp\/v2\/product_cat?post=28658"},{"taxonomy":"product_tag","embeddable":true,"href":"https:\/\/coolrent.pl\/ru\/wp-json\/wp\/v2\/product_tag?post=28658"}],"curies":[{"name":"wp","href":"https:\/\/api.w.org\/{rel}","templated":true}]}}