{"id":28681,"date":"2024-07-05T13:29:10","date_gmt":"2024-07-05T13:29:10","guid":{"rendered":"https:\/\/coolrent.pl\/?post_type=product&#038;p=28681"},"modified":"2026-03-08T20:39:18","modified_gmt":"2026-03-08T20:39:18","slug":"makita-dvr450-akumulatorowy-zageszczacz-18v","status":"publish","type":"product","link":"https:\/\/coolrent.pl\/ru\/makita-dvr450-akumulatorowy-zageszczacz-18v\/","title":{"rendered":"\u0410\u043a\u043a\u0443\u043c\u0443\u043b\u044f\u0442\u043e\u0440\u043d\u044b\u0439 \u0432\u0438\u0431\u0440\u0430\u0442\u043e\u0440 \u0434\u043b\u044f \u0431\u0435\u0442\u043e\u043d\u0430, 18 \u0412 MAKITA DVR450"},"content":{"rendered":"<h2 data-start=\"240\" data-end=\"339\">\u0410\u043a\u043a\u0443\u043c\u0443\u043b\u044f\u0442\u043e\u0440\u043d\u044b\u0439 \u0432\u0438\u0431\u0440\u0430\u0442\u043e\u0440 \u0434\u043b\u044f \u0431\u0435\u0442\u043e\u043d\u0430 18V MAKITA DVR450 \u2013 \u0430\u0440\u0435\u043d\u0434\u0430 \u0432 \u0412\u0430\u0440\u0448\u0430\u0432\u0435 (Bia\u0142o\u0142\u0119ka)<\/h2>\n<p data-start=\"341\" data-end=\"790\" class=\"translation-block\">\u0412 CoolRent \u0412\u0430\u0440\u0448\u0430\u0432\u0430 (Bia\u0142o\u0142\u0119ka) \u0432\u044b \u043c\u043e\u0436\u0435\u0442\u0435 \u0430\u0440\u0435\u043d\u0434\u043e\u0432\u0430\u0442\u044c \u0430\u043a\u043a\u0443\u043c\u0443\u043b\u044f\u0442\u043e\u0440\u043d\u044b\u0439 \u0432\u0438\u0431\u0440\u0430\u0442\u043e\u0440 \u0434\u043b\u044f \u0431\u0435\u0442\u043e\u043d\u0430 MAKITA DVR450 18V, \u043a\u043e\u0442\u043e\u0440\u044b\u0439 \u0438\u0434\u0435\u0430\u043b\u044c\u043d\u043e \u043f\u043e\u0434\u0445\u043e\u0434\u0438\u0442 \u0434\u043b\u044f \u0441\u0442\u0440\u043e\u0438\u0442\u0435\u043b\u044c\u043d\u044b\u0445 \u0438 \u043e\u0442\u0434\u0435\u043b\u043e\u0447\u043d\u044b\u0445 \u0440\u0430\u0431\u043e\u0442. \u0411\u043b\u0430\u0433\u043e\u0434\u0430\u0440\u044f \u0430\u043a\u043a\u0443\u043c\u0443\u043b\u044f\u0442\u043e\u0440\u043d\u043e\u043c\u0443 \u043f\u0438\u0442\u0430\u043d\u0438\u044e \u0443\u0441\u0442\u0440\u043e\u0439\u0441\u0442\u0432\u043e \u043c\u043e\u0431\u0438\u043b\u044c\u043d\u043e\u0435, \u0443\u0434\u043e\u0431\u043d\u043e\u0435 \u0432 \u0438\u0441\u043f\u043e\u043b\u044c\u0437\u043e\u0432\u0430\u043d\u0438\u0438 \u0438 \u043f\u043e\u0437\u0432\u043e\u043b\u044f\u0435\u0442 \u0441\u0432\u043e\u0431\u043e\u0434\u043d\u043e \u0440\u0430\u0431\u043e\u0442\u0430\u0442\u044c \u0432 \u0442\u0440\u0443\u0434\u043d\u043e\u0434\u043e\u0441\u0442\u0443\u043f\u043d\u044b\u0445 \u043c\u0435\u0441\u0442\u0430\u0445. \u042d\u0442\u043e \u043d\u0430\u0434\u0451\u0436\u043d\u044b\u0439 \u0438\u043d\u0441\u0442\u0440\u0443\u043c\u0435\u043d\u0442 \u0434\u043b\u044f \u0443\u043f\u043b\u043e\u0442\u043d\u0435\u043d\u0438\u044f \u0431\u0435\u0442\u043e\u043d\u043d\u043e\u0439 \u0441\u043c\u0435\u0441\u0438, \u0443\u0441\u0442\u0440\u0430\u043d\u0435\u043d\u0438\u044f \u0432\u043e\u0437\u0434\u0443\u0448\u043d\u044b\u0445 \u043f\u0443\u0437\u044b\u0440\u044c\u043a\u043e\u0432 \u0438 \u043f\u043e\u0432\u044b\u0448\u0435\u043d\u0438\u044f \u043f\u0440\u043e\u0447\u043d\u043e\u0441\u0442\u0438 \u043a\u043e\u043d\u0441\u0442\u0440\u0443\u043a\u0446\u0438\u0438.<\/p>\n<hr data-start=\"792\" data-end=\"795\" \/>\n<h3 data-start=\"797\" data-end=\"858\">\u041f\u043e\u0447\u0435\u043c\u0443 \u0441\u0442\u043e\u0438\u0442 \u0432\u044b\u0431\u0440\u0430\u0442\u044c \u0432\u0438\u0431\u0440\u0430\u0442\u043e\u0440 \u0434\u043b\u044f \u0431\u0435\u0442\u043e\u043d\u0430 MAKITA DVR450?<\/h3>\n<p data-start=\"860\" data-end=\"968\">\u0410\u043a\u043a\u0443\u043c\u0443\u043b\u044f\u0442\u043e\u0440\u043d\u044b\u0439 \u0432\u0438\u0431\u0440\u0430\u0442\u043e\u0440 \u0434\u043b\u044f \u0431\u0435\u0442\u043e\u043d\u0430 MAKITA DVR450 \u0441\u043e\u0447\u0435\u0442\u0430\u0435\u0442 \u043a\u043e\u043c\u0444\u043e\u0440\u0442 \u0440\u0430\u0431\u043e\u0442\u044b \u0438 \u0432\u044b\u0441\u043e\u043a\u0443\u044e \u044d\u0444\u0444\u0435\u043a\u0442\u0438\u0432\u043d\u043e\u0441\u0442\u044c:<\/p>\n<ul data-start=\"969\" data-end=\"1379\">\n<li data-start=\"969\" data-end=\"1031\">\n<p data-start=\"971\" data-end=\"1031\">\u0410\u043a\u043a\u0443\u043c\u0443\u043b\u044f\u0442\u043e\u0440 18V \u2013 \u043f\u043e\u043b\u043d\u0430\u044f \u043c\u043e\u0431\u0438\u043b\u044c\u043d\u043e\u0441\u0442\u044c \u0438 \u043e\u0442\u0441\u0443\u0442\u0441\u0442\u0432\u0438\u0435 \u043a\u0430\u0431\u0435\u043b\u0435\u0439<\/p>\n<\/li>\n<li data-start=\"1032\" data-end=\"1078\">\n<p data-start=\"1034\" data-end=\"1078\">\u042d\u0444\u0444\u0435\u043a\u0442\u0438\u0432\u043d\u043e\u0435 \u0443\u043f\u043b\u043e\u0442\u043d\u0435\u043d\u0438\u0435 \u0431\u0435\u0442\u043e\u043d\u043d\u043e\u0439 \u0441\u043c\u0435\u0441\u0438<\/p>\n<\/li>\n<li data-start=\"1079\" data-end=\"1154\">\n<p data-start=\"1081\" data-end=\"1154\">\u0423\u0434\u0430\u043b\u0435\u043d\u0438\u0435 \u0432\u043e\u0437\u0434\u0443\u0445\u0430 \u0438 \u043f\u0443\u0441\u0442\u043e\u0442 \u0434\u043b\u044f \u0434\u043e\u043b\u0433\u043e\u0432\u0435\u0447\u043d\u043e\u0441\u0442\u0438 \u043a\u043e\u043d\u0441\u0442\u0440\u0443\u043a\u0446\u0438\u0438<\/p>\n<\/li>\n<li data-start=\"1155\" data-end=\"1199\">\n<p data-start=\"1157\" data-end=\"1199\">\u042d\u0440\u0433\u043e\u043d\u043e\u043c\u0438\u0447\u043d\u0430\u044f \u043a\u043e\u043d\u0441\u0442\u0440\u0443\u043a\u0446\u0438\u044f \u0438 \u043f\u0440\u043e\u0441\u0442\u043e\u0442\u0430 \u044d\u043a\u0441\u043f\u043b\u0443\u0430\u0442\u0430\u0446\u0438\u0438<\/p>\n<\/li>\n<li data-start=\"1200\" data-end=\"1250\">\n<p data-start=\"1202\" data-end=\"1250\">\u0418\u0434\u0435\u0430\u043b\u0435\u043d \u0434\u043b\u044f \u0440\u0430\u0431\u043e\u0442\u044b \u0432 \u0442\u0440\u0443\u0434\u043d\u043e\u0434\u043e\u0441\u0442\u0443\u043f\u043d\u044b\u0445 \u043c\u0435\u0441\u0442\u0430\u0445<\/p>\n<\/li>\n<li data-start=\"1251\" data-end=\"1311\">\n<p data-start=\"1253\" data-end=\"1311\">\u041d\u0430\u0434\u0451\u0436\u043d\u044b\u0439 \u0431\u0440\u0435\u043d\u0434 MAKITA \u2013 \u0433\u0430\u0440\u0430\u043d\u0442\u0438\u044f \u043a\u0430\u0447\u0435\u0441\u0442\u0432\u0430 \u0438 \u043f\u0440\u043e\u0438\u0437\u0432\u043e\u0434\u0438\u0442\u0435\u043b\u044c\u043d\u043e\u0441\u0442\u0438<\/p>\n<\/li>\n<li data-start=\"1312\" data-end=\"1379\">\n<p data-start=\"1314\" data-end=\"1379\">\u0413\u0438\u0431\u043a\u0438\u0435 \u0443\u0441\u043b\u043e\u0432\u0438\u044f \u0430\u0440\u0435\u043d\u0434\u044b \u2013 \u043d\u0430 \u0447\u0430\u0441\u044b, \u0434\u043d\u0438 \u0438\u043b\u0438 \u0434\u043b\u0438\u0442\u0435\u043b\u044c\u043d\u044b\u0439 \u0441\u0440\u043e\u043a<\/p>\n<\/li>\n<\/ul>\n<hr data-start=\"1381\" data-end=\"1384\" \/>\n<h3 data-start=\"1386\" data-end=\"1437\">\u0410\u0440\u0435\u043d\u0434\u0430 \u0432\u0438\u0431\u0440\u0430\u0442\u043e\u0440\u0430 \u0434\u043b\u044f \u0431\u0435\u0442\u043e\u043d\u0430 MAKITA \u0432 CoolRent<\/h3>\n<ol data-start=\"1439\" data-end=\"1650\">\n<li data-start=\"1439\" data-end=\"1506\">\n<p data-start=\"1442\" data-end=\"1506\">\u0421\u0432\u044f\u0436\u0438\u0442\u0435\u0441\u044c \u0441 \u043d\u0430\u043c\u0438 \u043f\u043e \u0442\u0435\u043b\u0435\u0444\u043e\u043d\u0443 \u0438\u043b\u0438 \u0447\u0435\u0440\u0435\u0437 \u0444\u043e\u0440\u043c\u0443 \u043d\u0430 \u0441\u0430\u0439\u0442\u0435<\/p>\n<\/li>\n<li data-start=\"1507\" data-end=\"1565\">\n<p data-start=\"1510\" data-end=\"1565\">\u0417\u0430\u0431\u0440\u043e\u043d\u0438\u0440\u0443\u0439\u0442\u0435 \u043c\u043e\u0434\u0435\u043b\u044c MAKITA DVR450 \u0438 \u0441\u043e\u0433\u043b\u0430\u0441\u0443\u0439\u0442\u0435 \u0441\u0440\u043e\u043a \u0430\u0440\u0435\u043d\u0434\u044b<\/p>\n<\/li>\n<li data-start=\"1566\" data-end=\"1650\">\n<p data-start=\"1569\" data-end=\"1650\">\u0417\u0430\u0431\u0435\u0440\u0438\u0442\u0435 \u043e\u0431\u043e\u0440\u0443\u0434\u043e\u0432\u0430\u043d\u0438\u0435 \u0432 \u0412\u0430\u0440\u0448\u0430\u0432\u0435 (Bia\u0142o\u0142\u0119ka) \u0438\u043b\u0438 \u0437\u0430\u043a\u0430\u0436\u0438\u0442\u0435 \u0434\u043e\u0441\u0442\u0430\u0432\u043a\u0443 \u043f\u0440\u044f\u043c\u043e \u043d\u0430 \u043e\u0431\u044a\u0435\u043a\u0442<\/p>\n<\/li>\n<\/ol>\n<p data-start=\"1652\" data-end=\"1794\" class=\"translation-block\">\u0410\u0440\u0435\u043d\u0434\u0443\u044f \u043e\u0431\u043e\u0440\u0443\u0434\u043e\u0432\u0430\u043d\u0438\u0435 \u0432 CoolRent, \u0432\u044b \u0438\u0441\u043f\u043e\u043b\u044c\u0437\u0443\u0435\u0442\u0435 \u043f\u0440\u043e\u0444\u0435\u0441\u0441\u0438\u043e\u043d\u0430\u043b\u044c\u043d\u0443\u044e \u0442\u0435\u0445\u043d\u0438\u043a\u0443 \u0431\u0435\u0437 \u043d\u0435\u043e\u0431\u0445\u043e\u0434\u0438\u043c\u043e\u0441\u0442\u0438 \u0434\u043e\u0440\u043e\u0433\u043e\u0441\u0442\u043e\u044f\u0449\u0435\u0439 \u043f\u043e\u043a\u0443\u043f\u043a\u0438. \u041e\u043f\u043b\u0430\u0442\u0430 \u0442\u043e\u043b\u044c\u043a\u043e \u0437\u0430 \u0444\u0430\u043a\u0442\u0438\u0447\u0435\u0441\u043a\u043e\u0435 \u0432\u0440\u0435\u043c\u044f \u0438\u0441\u043f\u043e\u043b\u044c\u0437\u043e\u0432\u0430\u043d\u0438\u044f.<\/p>\n<hr data-start=\"1796\" data-end=\"1799\" \/>\n<h3 data-start=\"1801\" data-end=\"1859\">CoolRent \u2013 \u043f\u0440\u043e\u043a\u0430\u0442 \u0438\u043d\u0441\u0442\u0440\u0443\u043c\u0435\u043d\u0442\u043e\u0432 \u0412\u0430\u0440\u0448\u0430\u0432\u0430 Bia\u0142o\u0142\u0119ka<\/h3>\n<p data-start=\"1861\" data-end=\"2114\" class=\"translation-block\">\u0410\u043a\u043a\u0443\u043c\u0443\u043b\u044f\u0442\u043e\u0440\u043d\u044b\u0439 \u0432\u0438\u0431\u0440\u0430\u0442\u043e\u0440 \u0434\u043b\u044f \u0431\u0435\u0442\u043e\u043d\u0430 MAKITA DVR450 18V \u2014 \u044d\u0442\u043e \u043d\u0430\u0434\u0451\u0436\u043d\u044b\u0439 \u0438\u043d\u0441\u0442\u0440\u0443\u043c\u0435\u043d\u0442, \u0443\u0441\u043a\u043e\u0440\u044f\u044e\u0449\u0438\u0439 \u0438 \u043e\u0431\u043b\u0435\u0433\u0447\u0430\u044e\u0449\u0438\u0439 \u0441\u0442\u0440\u043e\u0438\u0442\u0435\u043b\u044c\u043d\u044b\u0435 \u0440\u0430\u0431\u043e\u0442\u044b. \u0410\u0440\u0435\u043d\u0434\u0430 \u0432 CoolRent \u0412\u0430\u0440\u0448\u0430\u0432\u0430 (Bia\u0142o\u0142\u0119ka) \u2014 \u044d\u0442\u043e \u043f\u0440\u043e\u0432\u0435\u0440\u0435\u043d\u043d\u043e\u0435 \u043e\u0431\u043e\u0440\u0443\u0434\u043e\u0432\u0430\u043d\u0438\u0435, \u0432\u044b\u0433\u043e\u0434\u043d\u044b\u0435 \u0446\u0435\u043d\u044b \u0438 \u043f\u0440\u043e\u0444\u0435\u0441\u0441\u0438\u043e\u043d\u0430\u043b\u044c\u043d\u0430\u044f \u043a\u043e\u043d\u0441\u0443\u043b\u044c\u0442\u0430\u0446\u0438\u044f.<\/p>","protected":false},"excerpt":{"rendered":"<ul>\n<li style=\"text-align: left;\">\u041d\u0430\u043f\u0440\u044f\u0436\u0435\u043d\u0438\u0435 \u043f\u0438\u0442\u0430\u043d\u0438\u044f: 18 \u0412<\/li>\n<li style=\"text-align: left;\">\u0422\u0438\u043f \u0430\u043a\u043a\u0443\u043c\u0443\u043b\u044f\u0442\u043e\u0440\u0430: \u041b\u0438\u0442\u0438\u0439-\u0438\u043e\u043d\u043d\u044b\u0439 (2 \u0448\u0442.)<\/li>\n<li style=\"text-align: left;\">\u041a\u043e\u043b\u0438\u0447\u0435\u0441\u0442\u0432\u043e \u0432\u0438\u0431\u0440\u0430\u0446\u0438\u0439 \u0432 \u043c\u0438\u043d\u0443\u0442\u0443: 13 000 \u0412\u0442\/\u043c\u0438\u043d<\/li>\n<li style=\"text-align: left;\">\u0414\u0438\u0430\u043c\u0435\u0442\u0440 \u0432\u0438\u0431\u0440\u0430\u0442\u043e\u0440\u0430: 25 \u043c\u043c<\/li>\n<li style=\"text-align: left;\">\u0414\u043b\u0438\u043d\u0430 \u043a\u043e\u043f\u044c\u044f: 1200 \u043c\u043c<\/li>\n<li style=\"text-align: left;\">\u041e\u0431\u0449\u0430\u044f \u0434\u043b\u0438\u043d\u0430: 1483 \u043c\u043c<\/li>\n<li style=\"text-align: left;\">\u0414\u043b\u0438\u043d\u0430 \u043d\u0430\u043a\u043e\u043d\u0435\u0447\u043d\u0438\u043a\u0430: 283 \u043c\u043c<\/li>\n<li style=\"text-align: left;\">\u0420\u0430\u0437\u043c\u0435\u0440\u044b (\u0414\u0445\u0428\u0445\u0412): 1483 \u0445 93 \u0445 250 \u043c\u043c<\/li>\n<li style=\"text-align: left;\">\u0412\u0435\u0441 \u043d\u0435\u0442\u0442\u043e: 3,5 \u043a\u0433<\/li>\n<li style=\"text-align: left;\" class=\"translation-block\">\u0414\u043e\u0441\u0442\u0430\u0432\u043a\u0430: <strong>20 z\u0142 netto<\/strong><\/li>\n<li><strong><span style=\"color: #ff6600;\">\u0417\u0430\u043b\u043e\u0433 500 z\u0142<\/span><\/strong><\/li>\n<\/ul>","protected":false},"featured_media":28682,"template":"","meta":{"_monsterinsights_skip_tracking":false,"_monsterinsights_sitenote_active":false,"_monsterinsights_sitenote_note":"","_monsterinsights_sitenote_category":0},"product_brand":[],"product_cat":[123,133],"product_tag":[],"class_list":{"0":"post-28681","1":"product","2":"type-product","3":"status-publish","4":"has-post-thumbnail","6":"product_cat-obrobka-betonu-gladzi-glazury","7":"product_cat-wibratory-do-betonu","9":"first","10":"instock","11":"taxable","12":"shipping-taxable","13":"purchasable","14":"product-type-simple"},"_links":{"self":[{"href":"https:\/\/coolrent.pl\/ru\/wp-json\/wp\/v2\/product\/28681","targetHints":{"allow":["GET"]}}],"collection":[{"href":"https:\/\/coolrent.pl\/ru\/wp-json\/wp\/v2\/product"}],"about":[{"href":"https:\/\/coolrent.pl\/ru\/wp-json\/wp\/v2\/types\/product"}],"version-history":[{"count":8,"href":"https:\/\/coolrent.pl\/ru\/wp-json\/wp\/v2\/product\/28681\/revisions"}],"predecessor-version":[{"id":30361,"href":"https:\/\/coolrent.pl\/ru\/wp-json\/wp\/v2\/product\/28681\/revisions\/30361"}],"wp:featuredmedia":[{"embeddable":true,"href":"https:\/\/coolrent.pl\/ru\/wp-json\/wp\/v2\/media\/28682"}],"wp:attachment":[{"href":"https:\/\/coolrent.pl\/ru\/wp-json\/wp\/v2\/media?parent=28681"}],"wp:term":[{"taxonomy":"product_brand","embeddable":true,"href":"https:\/\/coolrent.pl\/ru\/wp-json\/wp\/v2\/product_brand?post=28681"},{"taxonomy":"product_cat","embeddable":true,"href":"https:\/\/coolrent.pl\/ru\/wp-json\/wp\/v2\/product_cat?post=28681"},{"taxonomy":"product_tag","embeddable":true,"href":"https:\/\/coolrent.pl\/ru\/wp-json\/wp\/v2\/product_tag?post=28681"}],"curies":[{"name":"wp","href":"https:\/\/api.w.org\/{rel}","templated":true}]}}