{"id":28701,"date":"2024-07-07T06:06:09","date_gmt":"2024-07-07T06:06:09","guid":{"rendered":"https:\/\/coolrent.pl\/?post_type=product&#038;p=28701"},"modified":"2025-09-14T14:03:44","modified_gmt":"2025-09-14T14:03:44","slug":"makita-4100kb-przecinarka-na-sucho","status":"publish","type":"product","link":"https:\/\/coolrent.pl\/ru\/makita-4100kb-przecinarka-na-sucho\/","title":{"rendered":"\u0414\u0438\u0441\u043a\u043e\u0432\u0430\u044f \u043f\u0438\u043b\u0430 \u043f\u043e \u0431\u0435\u0442\u043e\u043d\u0443 (\u0441\u0443\u0445\u043e\u0439 \u0440\u0435\u0437) MAKITA 4100KB"},"content":{"rendered":"<h2 data-start=\"139\" data-end=\"211\">\u0414\u0438\u0441\u043a\u043e\u0432\u0430\u044f \u043f\u0438\u043b\u0430 \u043f\u043e \u0431\u0435\u0442\u043e\u043d\u0443 (\u0441\u0443\u0445\u043e\u0439 \u0440\u0435\u0437) MAKITA 4100KB \u2013 \u0430\u0440\u0435\u043d\u0434\u0430 \u0412\u0430\u0440\u0448\u0430\u0432\u0430 (Bia\u0142o\u0142\u0119ka)<\/h2>\n<p data-start=\"213\" data-end=\"536\">W <strong data-start=\"215\" data-end=\"248\">CoolRent Warszawa (Bia\u0142o\u0142\u0119ka)<\/strong> oferujemy wynajem <strong data-start=\"267\" data-end=\"305\">przecinarki na sucho MAKITA 4100KB<\/strong>, kt\u00f3ra sprawdzi si\u0119 przy ci\u0119ciu r\u00f3\u017cnych materia\u0142\u00f3w budowlanych: betonu, kamienia, p\u0142ytek czy ceg\u0142y. Urz\u0105dzenie wyposa\u017cone jest w mocny silnik 1400 W oraz tarcz\u0119 o \u015brednicy 125 mm, co gwarantuje wysok\u0105 wydajno\u015b\u0107 i precyzj\u0119 pracy.<\/p>\n<p data-start=\"538\" data-end=\"801\" class=\"translation-block\">\u0412\u043e\u0437\u043c\u043e\u0436\u043d\u043e\u0441\u0442\u044c \u043f\u043e\u0434\u043a\u043b\u044e\u0447\u0435\u043d\u0438\u044f \u043f\u044b\u043b\u0435\u0441\u043e\u0441\u0430 \u0434\u0435\u043b\u0430\u0435\u0442 \u0440\u0430\u0431\u043e\u0442\u0443 \u0447\u0438\u0449\u0435 \u0438 \u0431\u0435\u0437\u043e\u043f\u0430\u0441\u043d\u0435\u0435 \u2014 \u0431\u0435\u0437 \u043b\u0438\u0448\u043d\u0435\u0439 \u043f\u044b\u043b\u0438 \u043d\u0430 \u043c\u0435\u0441\u0442\u0435 \u0440\u0435\u0437\u043a\u0438. \u041c\u044b \u0442\u0430\u043a\u0436\u0435 \u043f\u0440\u0435\u0434\u043b\u0430\u0433\u0430\u0435\u043c \u0430\u043b\u043c\u0430\u0437\u043d\u044b\u0435 \u0434\u0438\u0441\u043a\u0438, \u0438\u0434\u0435\u0430\u043b\u044c\u043d\u043e \u043f\u043e\u0434\u0445\u043e\u0434\u044f\u0449\u0438\u0435 \u043a \u044d\u0442\u043e\u0439 \u043c\u043e\u0434\u0435\u043b\u0438, \u0447\u0442\u043e \u043e\u0431\u0435\u0441\u043f\u0435\u0447\u0438\u0432\u0430\u0435\u0442 \u043c\u0430\u043a\u0441\u0438\u043c\u0430\u043b\u044c\u043d\u0443\u044e \u044d\u0444\u0444\u0435\u043a\u0442\u0438\u0432\u043d\u043e\u0441\u0442\u044c \u0438 \u0434\u043e\u043b\u0433\u043e\u0432\u0435\u0447\u043d\u043e\u0441\u0442\u044c.<\/p>\n<hr data-start=\"803\" data-end=\"806\" \/>\n<h3 data-start=\"808\" data-end=\"846\">\u041e\u0441\u043d\u043e\u0432\u043d\u044b\u0435 \u043f\u0440\u0435\u0438\u043c\u0443\u0449\u0435\u0441\u0442\u0432\u0430 \u0434\u0438\u0441\u043a\u043e\u0432\u043e\u0439 \u043f\u0438\u043b\u044b MAKITA 4100KB<\/h3>\n<ul data-start=\"848\" data-end=\"1218\">\n<li data-start=\"848\" data-end=\"906\">\n<p data-start=\"850\" data-end=\"906\">\u041c\u043e\u0449\u043d\u044b\u0439 \u0434\u0432\u0438\u0433\u0430\u0442\u0435\u043b\u044c 1400 \u0412\u0442 \u2013 \u0431\u044b\u0441\u0442\u0440\u044b\u0439 \u0438 \u0442\u043e\u0447\u043d\u044b\u0439 \u0440\u0435\u0437 \u0442\u0432\u0435\u0440\u0434\u044b\u0445 \u043c\u0430\u0442\u0435\u0440\u0438\u0430\u043b\u043e\u0432<\/p>\n<\/li>\n<li data-start=\"907\" data-end=\"974\">\n<p data-start=\"909\" data-end=\"974\">\u0414\u0438\u0441\u043a 125 \u043c\u043c \u2013 \u043e\u043f\u0442\u0438\u043c\u0430\u043b\u044c\u043d\u043e\u0435 \u0441\u043e\u0447\u0435\u0442\u0430\u043d\u0438\u0435 \u0433\u043b\u0443\u0431\u0438\u043d\u044b \u0438 \u0441\u043a\u043e\u0440\u043e\u0441\u0442\u0438 \u0440\u0435\u0437\u0430<\/p>\n<\/li>\n<li data-start=\"975\" data-end=\"1028\">\n<p data-start=\"977\" data-end=\"1028\">\u0412\u043e\u0437\u043c\u043e\u0436\u043d\u043e\u0441\u0442\u044c \u043f\u043e\u0434\u043a\u043b\u044e\u0447\u0435\u043d\u0438\u044f \u0441\u0442\u0440\u043e\u0438\u0442\u0435\u043b\u044c\u043d\u043e\u0433\u043e \u043f\u044b\u043b\u0435\u0441\u043e\u0441\u0430 \u2013 \u043c\u0438\u043d\u0438\u043c\u0438\u0437\u0430\u0446\u0438\u044f \u043f\u044b\u043b\u0438 \u0438 \u0431\u0435\u0437\u043e\u043f\u0430\u0441\u043d\u044b\u0435 \u0443\u0441\u043b\u043e\u0432\u0438\u044f \u0440\u0430\u0431\u043e\u0442\u044b<\/p>\n<\/li>\n<li data-start=\"1029\" data-end=\"1095\">\n<p data-start=\"1031\" data-end=\"1095\">\u042d\u0440\u0433\u043e\u043d\u043e\u043c\u0438\u0447\u043d\u044b\u0439 \u0434\u0438\u0437\u0430\u0439\u043d \u0438 \u0443\u0434\u043e\u0431\u043d\u0430\u044f \u0440\u0443\u043a\u043e\u044f\u0442\u043a\u0430 \u2013 \u043a\u043e\u043c\u0444\u043e\u0440\u0442 \u043f\u0440\u0438 \u0434\u043b\u0438\u0442\u0435\u043b\u044c\u043d\u043e\u043c \u0438\u0441\u043f\u043e\u043b\u044c\u0437\u043e\u0432\u0430\u043d\u0438\u0438<\/p>\n<\/li>\n<li data-start=\"1096\" data-end=\"1154\">\n<p data-start=\"1098\" data-end=\"1154\">\u041a\u043e\u043c\u043f\u0430\u043a\u0442\u043d\u0430\u044f \u0438 \u0443\u0434\u043e\u0431\u043d\u0430\u044f \u043a\u043e\u043d\u0441\u0442\u0440\u0443\u043a\u0446\u0438\u044f \u2014 \u043b\u0435\u0433\u043a\u043e \u043c\u0430\u043d\u0435\u0432\u0440\u0438\u0440\u043e\u0432\u0430\u0442\u044c<\/p>\n<\/li>\n<li data-start=\"1155\" data-end=\"1218\">\n<p data-start=\"1157\" data-end=\"1218\">\u0414\u043e\u0441\u0442\u0443\u043f\u043d\u044b \u0430\u043b\u043c\u0430\u0437\u043d\u044b\u0435 \u0434\u0438\u0441\u043a\u0438 \u0434\u043b\u044f \u0435\u0449\u0435 \u0431\u043e\u043b\u0435\u0435 \u044d\u0444\u0444\u0435\u043a\u0442\u0438\u0432\u043d\u043e\u0439 \u0440\u0430\u0431\u043e\u0442\u044b<\/p>\n<\/li>\n<\/ul>\n<hr data-start=\"1220\" data-end=\"1223\" \/>\n<h3 data-start=\"1225\" data-end=\"1261\">\u0410\u0440\u0435\u043d\u0434\u0430 \u043f\u043b\u0438\u0442\u043a\u043e\u0440\u0435\u0437\u0430 \u0432 CoolRent<\/h3>\n<ol data-start=\"1263\" data-end=\"1473\">\n<li data-start=\"1263\" data-end=\"1330\">\n<p data-start=\"1266\" data-end=\"1330\">\u0421\u0432\u044f\u0436\u0438\u0442\u0435\u0441\u044c \u0441 \u043d\u0430\u043c\u0438 \u043f\u043e \u0442\u0435\u043b\u0435\u0444\u043e\u043d\u0443 \u0438\u043b\u0438 \u0447\u0435\u0440\u0435\u0437 \u0444\u043e\u0440\u043c\u0443 \u043d\u0430 \u0441\u0430\u0439\u0442\u0435<\/p>\n<\/li>\n<li data-start=\"1331\" data-end=\"1389\">\n<p data-start=\"1334\" data-end=\"1389\">\u0417\u0430\u0440\u0435\u0437\u0435\u0440\u0432\u0438\u0440\u0443\u0439\u0442\u0435 \u043c\u043e\u0434\u0435\u043b\u044c MAKITA 4100KB \u0438 \u043d\u0430\u0437\u043d\u0430\u0447\u044c\u0442\u0435 \u0434\u0430\u0442\u0443 \u0430\u0440\u0435\u043d\u0434\u044b<\/p>\n<\/li>\n<li data-start=\"1390\" data-end=\"1473\">\n<p data-start=\"1393\" data-end=\"1473\">\u041f\u043e\u043b\u0443\u0447\u0438\u0442\u0435 \u043e\u0431\u043e\u0440\u0443\u0434\u043e\u0432\u0430\u043d\u0438\u0435 \u0432 \u0412\u0430\u0440\u0448\u0430\u0432\u0435 (Bia\u0142o\u0142\u0119ka) \u0438\u043b\u0438 \u0437\u0430\u043a\u0430\u0436\u0438\u0442\u0435 \u0434\u043e\u0441\u0442\u0430\u0432\u043a\u0443 \u043d\u0430 \u043e\u0431\u044a\u0435\u043a\u0442<\/p>\n<\/li>\n<\/ol>\n<p data-start=\"1475\" data-end=\"1547\" class=\"translation-block\">\u041c\u044b \u043f\u0440\u0435\u0434\u043b\u0430\u0433\u0430\u0435\u043c <strong data-start=\"1485\" data-end=\"1515\">\u0433\u0438\u0431\u043a\u0438\u0435 \u0443\u0441\u043b\u043e\u0432\u0438\u044f \u0430\u0440\u0435\u043d\u0434\u044b<\/strong> \u2014 \u043d\u0430 \u0447\u0430\u0441\u044b, \u0434\u043d\u0438 \u0438\u043b\u0438 \u0434\u043e\u043b\u044c\u0448\u0435.<\/p>\n<hr data-start=\"1549\" data-end=\"1552\" \/>\n<h3 data-start=\"1554\" data-end=\"1612\">CoolRent \u2013 \u043f\u0440\u043e\u043a\u0430\u0442 \u0438\u043d\u0441\u0442\u0440\u0443\u043c\u0435\u043d\u0442\u043e\u0432 \u0412\u0430\u0440\u0448\u0430\u0432\u0430 Bia\u0142o\u0142\u0119ka<\/h3>\n<p data-start=\"1614\" data-end=\"1835\" class=\"translation-block\">\u0420\u0435\u0437\u0430\u043a \u0434\u043b\u044f \u0441\u0443\u0445\u043e\u0439 \u0440\u0435\u0437\u043a\u0438 <strong data-start=\"1635\" data-end=\"1652\">MAKITA 4100KB<\/strong> \u0438\u0434\u0435\u0430\u043b\u044c\u043d\u043e \u043f\u043e\u0434\u0445\u043e\u0434\u0438\u0442 \u0434\u043b\u044f \u043f\u0440\u043e\u0444\u0435\u0441\u0441\u0438\u043e\u043d\u0430\u043b\u044c\u043d\u044b\u0445 \u0441\u0442\u0440\u043e\u0438\u0442\u0435\u043b\u044c\u043d\u044b\u0445 \u0438 \u0440\u0435\u043c\u043e\u043d\u0442\u043d\u044b\u0445 \u0440\u0430\u0431\u043e\u0442. \u0410\u0440\u0435\u043d\u0434\u0430 \u0432 <strong data-start=\"1746\" data-end=\"1758\">CoolRent<\/strong> \u2014 \u044d\u0442\u043e \u0433\u0430\u0440\u0430\u043d\u0442\u0438\u044f \u043f\u0440\u043e\u0432\u0435\u0440\u0435\u043d\u043d\u043e\u0433\u043e \u043e\u0431\u043e\u0440\u0443\u0434\u043e\u0432\u0430\u043d\u0438\u044f, \u043f\u0440\u0438\u0432\u043b\u0435\u043a\u0430\u0442\u0435\u043b\u044c\u043d\u044b\u0445 \u0446\u0435\u043d \u0438 \u043a\u0432\u0430\u043b\u0438\u0444\u0438\u0446\u0438\u0440\u043e\u0432\u0430\u043d\u043d\u043e\u0439 \u043a\u043e\u043d\u0441\u0443\u043b\u044c\u0442\u0430\u0446\u0438\u0438.<\/p>","protected":false},"excerpt":{"rendered":"<ul>\n<li style=\"text-align: left;\">\u041d\u0430\u043f\u0440\u044f\u0436\u0435\u043d\u0438\u0435: 230 \u0412<\/li>\n<li style=\"text-align: left;\">\u0427\u0430\u0441\u0442\u043e\u0442\u0430: 50 \u2013 60 \u0413\u0446<\/li>\n<li style=\"text-align: left;\">\u0422\u043e\u043a: 6,4 \u0410<\/li>\n<li style=\"text-align: left;\">\u041d\u043e\u043c\u0438\u043d\u0430\u043b\u044c\u043d\u0430\u044f \u043c\u043e\u0449\u043d\u043e\u0441\u0442\u044c: 1400 \u0412\u0442<\/li>\n<li style=\"text-align: left;\">\u0414\u0438\u0430\u043c\u0435\u0442\u0440 \u0434\u0438\u0441\u043a\u0430: 125 \u043c\u043c<\/li>\n<li style=\"text-align: left;\">\u0414\u0438\u0430\u043c\u0435\u0442\u0440 \u043e\u0442\u0432\u0435\u0440\u0441\u0442\u0438\u044f \u0434\u0438\u0441\u043a\u0430: 20 \u043c\u043c<\/li>\n<li style=\"text-align: left;\">\u0421\u043a\u043e\u0440\u043e\u0441\u0442\u044c \u0432\u0440\u0430\u0449\u0435\u043d\u0438\u044f: 12200 \u043e\u0431\/\u043c\u0438\u043d<\/li>\n<li style=\"text-align: left;\">\u041c\u0430\u043a\u0441\u0438\u043c\u0430\u043b\u044c\u043d\u0430\u044f \u0433\u043b\u0443\u0431\u0438\u043d\u0430 \u0440\u0435\u0437\u043a\u0438: 40 \u043c\u043c<\/li>\n<li style=\"text-align: left;\">\u0412\u0435\u0441 (EPTA): 3,0 \u043a\u0433<\/li>\n<li style=\"text-align: left;\">\u0413\u0430\u0431\u0430\u0440\u0438\u0442\u044b (\u0414\u0445\u0428\u0445\u0412), \u043c\u043c: 231 \u0445 220 \u0445 179<\/li>\n<li style=\"text-align: left;\" class=\"translation-block\">\u0414\u043e\u0441\u0442\u0430\u0432\u043a\u0430: <strong>20 z\u0142 netto<\/strong><\/li>\n<\/ul>","protected":false},"featured_media":28703,"template":"","meta":{"_monsterinsights_skip_tracking":false,"_monsterinsights_sitenote_active":false,"_monsterinsights_sitenote_note":"","_monsterinsights_sitenote_category":0},"product_brand":[],"product_cat":[123,128],"product_tag":[],"class_list":{"0":"post-28701","1":"product","2":"type-product","3":"status-publish","4":"has-post-thumbnail","6":"product_cat-obrobka-betonu-gladzi-glazury","7":"product_cat-przecinarki-do-plytek-i-glazury","9":"first","10":"instock","11":"taxable","12":"shipping-taxable","13":"purchasable","14":"product-type-simple"},"_links":{"self":[{"href":"https:\/\/coolrent.pl\/ru\/wp-json\/wp\/v2\/product\/28701","targetHints":{"allow":["GET"]}}],"collection":[{"href":"https:\/\/coolrent.pl\/ru\/wp-json\/wp\/v2\/product"}],"about":[{"href":"https:\/\/coolrent.pl\/ru\/wp-json\/wp\/v2\/types\/product"}],"version-history":[{"count":6,"href":"https:\/\/coolrent.pl\/ru\/wp-json\/wp\/v2\/product\/28701\/revisions"}],"predecessor-version":[{"id":30368,"href":"https:\/\/coolrent.pl\/ru\/wp-json\/wp\/v2\/product\/28701\/revisions\/30368"}],"wp:featuredmedia":[{"embeddable":true,"href":"https:\/\/coolrent.pl\/ru\/wp-json\/wp\/v2\/media\/28703"}],"wp:attachment":[{"href":"https:\/\/coolrent.pl\/ru\/wp-json\/wp\/v2\/media?parent=28701"}],"wp:term":[{"taxonomy":"product_brand","embeddable":true,"href":"https:\/\/coolrent.pl\/ru\/wp-json\/wp\/v2\/product_brand?post=28701"},{"taxonomy":"product_cat","embeddable":true,"href":"https:\/\/coolrent.pl\/ru\/wp-json\/wp\/v2\/product_cat?post=28701"},{"taxonomy":"product_tag","embeddable":true,"href":"https:\/\/coolrent.pl\/ru\/wp-json\/wp\/v2\/product_tag?post=28701"}],"curies":[{"name":"wp","href":"https:\/\/api.w.org\/{rel}","templated":true}]}}