{"id":28828,"date":"2024-07-07T13:47:16","date_gmt":"2024-07-07T13:47:16","guid":{"rendered":"https:\/\/coolrent.pl\/?post_type=product&#038;p=28828"},"modified":"2026-03-08T20:27:42","modified_gmt":"2026-03-08T20:27:42","slug":"makita-dtw190-akumulatorowy-klucz-udarowy","status":"publish","type":"product","link":"https:\/\/coolrent.pl\/ru\/makita-dtw190-akumulatorowy-klucz-udarowy\/","title":{"rendered":"MAKITA DTW190 \u0410\u043a\u043a\u0443\u043c\u0443\u043b\u044f\u0442\u043e\u0440\u043d\u044b\u0439 \u0443\u0434\u0430\u0440\u043d\u044b\u0439 \u0433\u0430\u0439\u043a\u043e\u0432\u0435\u0440\u0442"},"content":{"rendered":"<p>MAKITA DTW190 to kompaktowy i lekki akumulatorowy klucz udarowy, przeznaczony do wykonywania r\u00f3\u017cnych zada\u0144 zwi\u0105zanych z wkr\u0119caniem i wykr\u0119caniem element\u00f3w z\u0142\u0105cznych. Wyposa\u017cony jest w silnik zapewniaj\u0105cy maksymalny moment obrotowy wynosz\u0105cy 190 Nm, co czyni go odpowiednim do \u015brednich i lekkich prac. Urz\u0105dzenie ma wygodny uchwyt, co zapewnia komfort podczas d\u0142ugotrwa\u0142ego u\u017cytkowania. MAKITA DTW190 jest idealny dla majsterkowicz\u00f3w i profesjonalist\u00f3w, kt\u00f3rzy potrzebuj\u0105 niezawodnego narz\u0119dzia do codziennych zada\u0144.<\/p>\n<p>\u041a\u0440\u043e\u043c\u0435 \u0442\u043e\u0433\u043e, \u0443 \u043d\u0430\u0441 \u0432 \u0430\u0440\u0435\u043d\u0434\u0443 \u0434\u043e\u0441\u0442\u0443\u043f\u0435\u043d \u043d\u0430\u0431\u043e\u0440 \u0443\u0434\u0430\u0440\u043d\u044b\u0445 \u0433\u043e\u043b\u043e\u0432\u043e\u043a, \u043a\u043e\u0442\u043e\u0440\u044b\u0439 \u043e\u0442\u043b\u0438\u0447\u043d\u043e \u0434\u043e\u043f\u043e\u043b\u043d\u0438\u0442 \u0438\u0441\u043f\u043e\u043b\u044c\u0437\u043e\u0432\u0430\u043d\u0438\u0435 \u0433\u0430\u0439\u043a\u043e\u0432\u0435\u0440\u0442\u0430, \u043e\u0431\u0435\u0441\u043f\u0435\u0447\u0438\u0432\u0430\u044f \u0443\u043d\u0438\u0432\u0435\u0440\u0441\u0430\u043b\u044c\u043d\u043e\u0441\u0442\u044c \u0438 \u0443\u0434\u043e\u0431\u0441\u0442\u0432\u043e \u0432 \u0440\u0430\u0431\u043e\u0442\u0435 \u0441 \u0440\u0430\u0437\u043b\u0438\u0447\u043d\u044b\u043c\u0438 \u043a\u0440\u0435\u043f\u0435\u0436\u043d\u044b\u043c\u0438 \u044d\u043b\u0435\u043c\u0435\u043d\u0442\u0430\u043c\u0438.<\/p>","protected":false},"excerpt":{"rendered":"<ul>\n<li style=\"text-align: left;\">\u041d\u0430\u043f\u0440\u044f\u0436\u0435\u043d\u0438\u0435: 18V<\/li>\n<li style=\"text-align: left;\">\u0422\u0438\u043f \u0431\u0430\u0442\u0430\u0440\u0435\u0438: \u041b\u0438\u0442\u0438\u0439-\u0438\u043e\u043d\u043d\u0430\u044f (2 \u0448\u0442.)<\/li>\n<li style=\"text-align: left;\">\u041c\u0430\u043a\u0441. \u043a\u0440\u0443\u0442\u044f\u0449\u0438\u0439 \u043c\u043e\u043c\u0435\u043d\u0442 (\u041d\u043c): 190<\/li>\n<li style=\"text-align: left;\">\u0421\u043a\u043e\u0440\u043e\u0441\u0442\u044c \u0432\u0440\u0430\u0449\u0435\u043d\u0438\u044f \u0448\u043d\u0435\u043a\u0430: 0 \u2013 2300 \u043e\u0431\/\u043c\u0438\u043d.<\/li>\n<li style=\"text-align: left;\">\u0427\u0430\u0441\u0442\u043e\u0442\u0430 \u0443\u0434\u0430\u0440\u043e\u0432: 0 \u2013 3000 \u0443\u0434\u0430\u0440\u043e\u0432\/\u043c\u0438\u043d<\/li>\n<li style=\"text-align: left;\">\u0421\u043f\u043e\u0441\u043e\u0431\u043d\u043e\u0441\u0442\u044c \u0437\u0430\u0442\u044f\u0436\u043a\u0438: M8 \u2013 M16<\/li>\n<li style=\"text-align: left;\">\u0412\u0435\u0441 (EPTA):  1.4 \u2013 1.8 \u043a\u0433<\/li>\n<li style=\"text-align: left;\">\u0420\u0430\u0437\u043c\u0435\u0440\u044b (\u043c\u043c): 176 \u0445 79 \u0445 237<\/li>\n<li style=\"text-align: left;\" class=\"translation-block\">\u0414\u043e\u0441\u0442\u0430\u0432\u043a\u0430: <strong>20 z\u0142 netto<\/strong><\/li>\n<\/ul>","protected":false},"featured_media":28829,"template":"","meta":{"_monsterinsights_skip_tracking":false,"_monsterinsights_sitenote_active":false,"_monsterinsights_sitenote_note":"","_monsterinsights_sitenote_category":0},"product_brand":[],"product_cat":[107,108],"product_tag":[],"class_list":{"0":"post-28828","1":"product","2":"type-product","3":"status-publish","4":"has-post-thumbnail","6":"product_cat-wiercenie-i-kucie","7":"product_cat-klucze-udarowe","9":"first","10":"instock","11":"taxable","12":"shipping-taxable","13":"purchasable","14":"product-type-simple"},"_links":{"self":[{"href":"https:\/\/coolrent.pl\/ru\/wp-json\/wp\/v2\/product\/28828","targetHints":{"allow":["GET"]}}],"collection":[{"href":"https:\/\/coolrent.pl\/ru\/wp-json\/wp\/v2\/product"}],"about":[{"href":"https:\/\/coolrent.pl\/ru\/wp-json\/wp\/v2\/types\/product"}],"version-history":[{"count":3,"href":"https:\/\/coolrent.pl\/ru\/wp-json\/wp\/v2\/product\/28828\/revisions"}],"predecessor-version":[{"id":29751,"href":"https:\/\/coolrent.pl\/ru\/wp-json\/wp\/v2\/product\/28828\/revisions\/29751"}],"wp:featuredmedia":[{"embeddable":true,"href":"https:\/\/coolrent.pl\/ru\/wp-json\/wp\/v2\/media\/28829"}],"wp:attachment":[{"href":"https:\/\/coolrent.pl\/ru\/wp-json\/wp\/v2\/media?parent=28828"}],"wp:term":[{"taxonomy":"product_brand","embeddable":true,"href":"https:\/\/coolrent.pl\/ru\/wp-json\/wp\/v2\/product_brand?post=28828"},{"taxonomy":"product_cat","embeddable":true,"href":"https:\/\/coolrent.pl\/ru\/wp-json\/wp\/v2\/product_cat?post=28828"},{"taxonomy":"product_tag","embeddable":true,"href":"https:\/\/coolrent.pl\/ru\/wp-json\/wp\/v2\/product_tag?post=28828"}],"curies":[{"name":"wp","href":"https:\/\/api.w.org\/{rel}","templated":true}]}}