{"id":28850,"date":"2024-07-07T15:03:03","date_gmt":"2024-07-07T15:03:03","guid":{"rendered":"https:\/\/coolrent.pl\/?post_type=product&#038;p=28850"},"modified":"2025-06-06T09:46:18","modified_gmt":"2025-06-06T09:46:18","slug":"bosch-universal-level-3-laser-krzyzowy","status":"publish","type":"product","link":"https:\/\/coolrent.pl\/ru\/bosch-universal-level-3-laser-krzyzowy\/","title":{"rendered":"BOSCH UNIVERSAL LEVEL 3 \u041b\u0430\u0437\u0435\u0440\u043d\u044b\u0439 \u043d\u0438\u0432\u0435\u043b\u0438\u0440 (\u0443\u0440\u043e\u0432\u0435\u043d\u044c)"},"content":{"rendered":"<p>BOSCH UNIVERSAL LEVEL 3 to laserowy poziomnica przeznaczona do precyzyjnego wyr\u00f3wnywania i oznaczania w projektach budowlanych i remontowych. Wy\u015bwietla jedn\u0105 poziom\u0105 i dwie pionowe linie laserowe, tworz\u0105c krzy\u017c pod k\u0105tem 90 stopni, co u\u0142atwia wykonywanie zada\u0144 zwi\u0105zanych z wyr\u00f3wnywaniem i monta\u017cem. Urz\u0105dzenie wyposa\u017cone jest w funkcj\u0119 samopoziomowania, co zapewnia wysok\u0105 precyzj\u0119 i wygod\u0119 u\u017cytkowania. BOSCH UNIVERSAL LEVEL 3 jest odpowiedni zar\u00f3wno dla profesjonalist\u00f3w, jak i majsterkowicz\u00f3w, pomagaj\u0105c osi\u0105gn\u0105\u0107 doskona\u0142e rezultaty w wyko\u0144czeniach i budownictwie.<\/p>","protected":false},"excerpt":{"rendered":"<ul>\n<li style=\"text-align: left;\">\u0418\u0441\u0442\u043e\u0447\u043d\u0438\u043a \u043f\u0438\u0442\u0430\u043d\u0438\u044f: 3 x 1,5 \u0412 LR6 (AA)<\/li>\n<li style=\"text-align: left;\">\u0412\u0440\u0435\u043c\u044f \u0441\u0430\u043c\u043e\u0432\u044b\u0440\u0430\u0432\u043d\u0438\u0432\u0430\u043d\u0438\u044f: 4 \u0441<\/li>\n<li style=\"text-align: left;\">\u0414\u0438\u0430\u043f\u0430\u0437\u043e\u043d \u0432\u044b\u0440\u0430\u0432\u043d\u0438\u0432\u0430\u043d\u0438\u044f: \u00b1 4\u00b0<\/li>\n<li style=\"text-align: left;\">\u0422\u043e\u0447\u043d\u043e\u0441\u0442\u044c: \u00b1 0,5 \u043c\u043c\/\u043c<\/li>\n<li style=\"text-align: left;\">\u0420\u0435\u0437\u044c\u0431\u0430 \u0448\u0442\u0430\u0442\u0438\u0432\u0430: 1\/4\u2033<\/li>\n<li style=\"text-align: left;\">\u0424\u0443\u043d\u043a\u0446\u0438\u044f \u043b\u0430\u0437\u0435\u0440\u0430 \u043d\u0430 \u0432\u044b\u0431\u043e\u0440<\/li>\n<li style=\"text-align: left;\">\u0424\u0443\u043d\u043a\u0446\u0438\u044f \u043e\u0442\u0432\u0435\u0441\u0430<\/li>\n<li style=\"text-align: left;\">\u0428\u0442\u0430\u0442\u0438\u0432: \u0414\u0430<\/li>\n<li style=\"text-align: left;\">\u0413\u0430\u0431\u0430\u0440\u0438\u0442\u044b (\u0414\u0445\u0428\u0445\u0412): 131x75x126 \u043c\u043c<\/li>\n<li style=\"text-align: left;\">\u0412\u0435\u0441: 0,54 \u043a\u0433<\/li>\n<li style=\"text-align: left;\" class=\"translation-block\">\u0414\u043e\u0441\u0442\u0430\u0432\u043a\u0430: <strong>20 z\u0142 netto<\/strong><\/li>\n<\/ul>","protected":false},"featured_media":28851,"template":"","meta":{"_monsterinsights_skip_tracking":false,"_monsterinsights_sitenote_active":false,"_monsterinsights_sitenote_note":"","_monsterinsights_sitenote_category":0},"product_brand":[],"product_cat":[100,103],"product_tag":[],"class_list":{"0":"post-28850","1":"product","2":"type-product","3":"status-publish","4":"has-post-thumbnail","6":"product_cat-narzedzia-pomiarowe","7":"product_cat-lasery-krzyzowe","9":"first","10":"instock","11":"taxable","12":"shipping-taxable","13":"purchasable","14":"product-type-simple"},"_links":{"self":[{"href":"https:\/\/coolrent.pl\/ru\/wp-json\/wp\/v2\/product\/28850","targetHints":{"allow":["GET"]}}],"collection":[{"href":"https:\/\/coolrent.pl\/ru\/wp-json\/wp\/v2\/product"}],"about":[{"href":"https:\/\/coolrent.pl\/ru\/wp-json\/wp\/v2\/types\/product"}],"version-history":[{"count":4,"href":"https:\/\/coolrent.pl\/ru\/wp-json\/wp\/v2\/product\/28850\/revisions"}],"predecessor-version":[{"id":29738,"href":"https:\/\/coolrent.pl\/ru\/wp-json\/wp\/v2\/product\/28850\/revisions\/29738"}],"wp:featuredmedia":[{"embeddable":true,"href":"https:\/\/coolrent.pl\/ru\/wp-json\/wp\/v2\/media\/28851"}],"wp:attachment":[{"href":"https:\/\/coolrent.pl\/ru\/wp-json\/wp\/v2\/media?parent=28850"}],"wp:term":[{"taxonomy":"product_brand","embeddable":true,"href":"https:\/\/coolrent.pl\/ru\/wp-json\/wp\/v2\/product_brand?post=28850"},{"taxonomy":"product_cat","embeddable":true,"href":"https:\/\/coolrent.pl\/ru\/wp-json\/wp\/v2\/product_cat?post=28850"},{"taxonomy":"product_tag","embeddable":true,"href":"https:\/\/coolrent.pl\/ru\/wp-json\/wp\/v2\/product_tag?post=28850"}],"curies":[{"name":"wp","href":"https:\/\/api.w.org\/{rel}","templated":true}]}}