{"id":28970,"date":"2024-07-08T14:34:43","date_gmt":"2024-07-08T14:34:43","guid":{"rendered":"https:\/\/coolrent.pl\/?post_type=product&#038;p=28970"},"modified":"2026-02-26T14:43:02","modified_gmt":"2026-02-26T14:43:02","slug":"karcher-k5-myjka-wysokocisnieniowa","status":"publish","type":"product","link":"https:\/\/coolrent.pl\/ru\/karcher-k5-myjka-wysokocisnieniowa\/","title":{"rendered":"\u041c\u043e\u0439\u043a\u0430 \u0432\u044b\u0441\u043e\u043a\u043e\u0433\u043e \u0434\u0430\u0432\u043b\u0435\u043d\u0438\u044f KARCHER K5"},"content":{"rendered":"<h2>\u041c\u043e\u0439\u043a\u0430 \u0432\u044b\u0441\u043e\u043a\u043e\u0433\u043e \u0434\u0430\u0432\u043b\u0435\u043d\u0438\u044f KARCHER K5 \u2013 \u0430\u0440\u0435\u043d\u0434\u0430 \u0432 CoolRent \u0412\u0430\u0440\u0448\u0430\u0432\u0430 \u0411\u044f\u043b\u043e\u043b\u0435\u043d\u043a\u0430<\/h2>\n<p>\u041c\u043e\u0439\u043a\u0430 \u0432\u044b\u0441\u043e\u043a\u043e\u0433\u043e \u0434\u0430\u0432\u043b\u0435\u043d\u0438\u044f KARCHER K5 \u2014 \u044d\u0442\u043e \u0441\u043e\u0432\u0440\u0435\u043c\u0435\u043d\u043d\u043e\u0435 \u0438 \u044d\u0444\u0444\u0435\u043a\u0442\u0438\u0432\u043d\u043e\u0435 \u0443\u0441\u0442\u0440\u043e\u0439\u0441\u0442\u0432\u043e \u0434\u043b\u044f \u0442\u0435\u0445, \u043a\u0442\u043e \u0438\u0449\u0435\u0442 \u0443\u0434\u043e\u0431\u043d\u043e\u0435 \u0440\u0435\u0448\u0435\u043d\u0438\u0435 \u0434\u043b\u044f \u0443\u0434\u0430\u043b\u0435\u043d\u0438\u044f \u0441\u0442\u043e\u0439\u043a\u0438\u0445 \u0437\u0430\u0433\u0440\u044f\u0437\u043d\u0435\u043d\u0438\u0439. \u0411\u043b\u0430\u0433\u043e\u0434\u0430\u0440\u044f \u0432\u044b\u0441\u043e\u043a\u043e\u043c\u0443 \u0434\u0430\u0432\u043b\u0435\u043d\u0438\u044e \u0438 \u043f\u0440\u043e\u0447\u043d\u043e\u0439 \u043a\u043e\u043d\u0441\u0442\u0440\u0443\u043a\u0446\u0438\u0438, \u043e\u0442\u043b\u0438\u0447\u043d\u043e \u0441\u043f\u0440\u0430\u0432\u043b\u044f\u0435\u0442\u0441\u044f \u0441 \u043e\u0447\u0438\u0441\u0442\u043a\u043e\u0439 \u0442\u0440\u043e\u0442\u0443\u0430\u0440\u043d\u043e\u0439 \u043f\u043b\u0438\u0442\u043a\u0438, \u043f\u043e\u0434\u044a\u0435\u0437\u0434\u043d\u044b\u0445 \u0434\u043e\u0440\u043e\u0436\u0435\u043a, \u0444\u0430\u0441\u0430\u0434\u043e\u0432, \u0442\u0435\u0440\u0440\u0430\u0441, \u0430\u0432\u0442\u043e\u043c\u043e\u0431\u0438\u043b\u0435\u0439 \u0438 \u0432\u0435\u043b\u043e\u0441\u0438\u043f\u0435\u0434\u043e\u0432.<\/p>\n<h2>\u0410\u0440\u0435\u043d\u0434\u0430 \u043c\u043e\u0439\u043a\u0438 \u0432\u044b\u0441\u043e\u043a\u043e\u0433\u043e \u0434\u0430\u0432\u043b\u0435\u043d\u0438\u044f KARCHER K5 \u2014 \u0432\u044b\u0433\u043e\u0434\u043d\u0430\u044f \u0430\u043b\u044c\u0442\u0435\u0440\u043d\u0430\u0442\u0438\u0432\u0430 \u043f\u043e\u043a\u0443\u043f\u043a\u0435<\/h2>\n<p>\u041d\u0435\u0442 \u043d\u0435\u043e\u0431\u0445\u043e\u0434\u0438\u043c\u043e\u0441\u0442\u0438 \u0442\u0440\u0430\u0442\u0438\u0442\u044c \u0434\u0435\u043d\u044c\u0433\u0438 \u043d\u0430 \u043f\u043e\u043a\u0443\u043f\u043a\u0443 \u2014 \u043c\u043e\u0439\u043a\u0430 \u0432\u044b\u0441\u043e\u043a\u043e\u0433\u043e \u0434\u0430\u0432\u043b\u0435\u043d\u0438\u044f KARCHER K5 \u0434\u043e\u0441\u0442\u0443\u043f\u043d\u0430 \u0432 \u0443\u0434\u043e\u0431\u043d\u043e\u0439 \u0430\u0440\u0435\u043d\u0434\u0435 \u0432 CoolRent \u0412\u0430\u0440\u0448\u0430\u0432\u0430 Bia\u0142o\u0142\u0119ka. \u042d\u0442\u043e \u043e\u0442\u043b\u0438\u0447\u043d\u043e\u0435 \u0440\u0435\u0448\u0435\u043d\u0438\u0435, \u0435\u0441\u043b\u0438 \u0432\u0430\u043c \u043d\u0443\u0436\u0435\u043d \u0430\u043f\u043f\u0430\u0440\u0430\u0442 \u043d\u0430 \u043e\u0434\u0438\u043d \u0434\u0435\u043d\u044c, \u043d\u0430 \u0432\u044b\u0445\u043e\u0434\u043d\u044b\u0435 \u0438\u043b\u0438 \u0434\u0430\u0436\u0435 \u043d\u0430 \u043f\u0430\u0440\u0443 \u0447\u0430\u0441\u043e\u0432.<\/p>\n<ul>\n<li>\u042d\u0444\u0444\u0435\u043a\u0442\u0438\u0432\u043d\u0430\u044f \u043e\u0447\u0438\u0441\u0442\u043a\u0430 \u0431\u043b\u0430\u0433\u043e\u0434\u0430\u0440\u044f \u0434\u0430\u0432\u043b\u0435\u043d\u0438\u044e \u0434\u043e 145 \u0431\u0430\u0440 \u0438 \u0432\u043e\u0434\u044f\u043d\u043e\u043c\u0443 \u043e\u0445\u043b\u0430\u0436\u0434\u0435\u043d\u0438\u044e \u0434\u0432\u0438\u0433\u0430\u0442\u0435\u043b\u044f<\/li>\n<li>\u0412 \u043a\u043e\u043c\u043f\u043b\u0435\u043a\u0442\u0435: \u043d\u0430\u0441\u0430\u0434\u043a\u0430 Vario Power, \u0440\u043e\u0442\u0430\u0446\u0438\u043e\u043d\u043d\u0430\u044f \u0444\u043e\u0440\u0441\u0443\u043d\u043a\u0430, \u0432\u043e\u0434\u044f\u043d\u043e\u0439 \u0444\u0438\u043b\u044c\u0442\u0440<\/li>\n<li>\u041b\u0451\u0433\u043a\u0438\u0439 \u0442\u0440\u0430\u043d\u0441\u043f\u043e\u0440\u0442 \u0438 \u0431\u044b\u0441\u0442\u0440\u043e\u0435 \u043f\u043e\u0434\u043a\u043b\u044e\u0447\u0435\u043d\u0438\u0435 \u0441 \u0441\u0438\u0441\u0442\u0435\u043c\u043e\u0439 Quick Connect<\/li>\n<li>\u0418\u0434\u0435\u0430\u043b\u044c\u043d\u043e \u043f\u043e\u0434\u0445\u043e\u0434\u0438\u0442 \u0434\u043b\u044f \u0438\u0441\u043f\u043e\u043b\u044c\u0437\u043e\u0432\u0430\u043d\u0438\u044f \u0434\u043e\u043c\u0430, \u0432 \u0441\u0430\u0434\u0443 \u0438 \u0434\u043b\u044f \u043f\u043e\u043b\u0443\u043f\u0440\u043e\u0444\u0435\u0441\u0441\u0438\u043e\u043d\u0430\u043b\u044c\u043d\u044b\u0445 \u0437\u0430\u0434\u0430\u0447<\/li>\n<\/ul>\n<h2>\u041f\u043e\u0447\u0435\u043c\u0443 \u0441\u0442\u043e\u0438\u0442 \u0430\u0440\u0435\u043d\u0434\u043e\u0432\u0430\u0442\u044c \u043c\u043e\u0439\u043a\u0443 \u0432\u044b\u0441\u043e\u043a\u043e\u0433\u043e \u0434\u0430\u0432\u043b\u0435\u043d\u0438\u044f KARCHER K5 \u0432 CoolRent?<\/h2>\n<ul>\n<li class=\"translation-block\">\u0413\u0438\u0431\u043a\u0438\u0435 \u0443\u0441\u043b\u043e\u0432\u0438\u044f \u0430\u0440\u0435\u043d\u0434\u044b \u2014 \u0441\u0443\u0442\u043a\u0438 \u0438\u043b\u0438 \u043d\u0430 \u0431\u043e\u043b\u0435\u0435 \u0434\u043b\u0438\u0442\u0435\u043b\u044c\u043d\u044b\u0439 \u0441\u0440\u043e\u043a<\/li>\n<li>\u041f\u0440\u043e\u0432\u0435\u0440\u0435\u043d\u043d\u043e\u0435 \u0438 \u0440\u0435\u0433\u0443\u043b\u044f\u0440\u043d\u043e \u043e\u0431\u0441\u043b\u0443\u0436\u0438\u0432\u0430\u0435\u043c\u043e\u0435 \u043e\u0431\u043e\u0440\u0443\u0434\u043e\u0432\u0430\u043d\u0438\u0435 \u2014 \u0433\u043e\u0442\u043e\u0432\u043e \u043a \u0438\u0441\u043f\u043e\u043b\u044c\u0437\u043e\u0432\u0430\u043d\u0438\u044e<\/li>\n<li>\u0421\u0430\u043c\u043e\u0432\u044b\u0432\u043e\u0437 \u0438\u0437 \u043f\u0443\u043d\u043a\u0442\u0430 CoolRent \u0412\u0430\u0440\u0448\u0430\u0432\u0430 \u0411\u044f\u043b\u043e\u043b\u0435\u043d\u043a\u0430 \u0438\u043b\u0438 \u0434\u043e\u0441\u0442\u0430\u0432\u043a\u0430 \u043f\u043e \u0430\u0434\u0440\u0435\u0441\u0443<\/li>\n<li>\u041f\u0440\u043e\u0444\u0435\u0441\u0441\u0438\u043e\u043d\u0430\u043b\u044c\u043d\u0430\u044f \u043a\u043e\u043d\u0441\u0443\u043b\u044c\u0442\u0430\u0446\u0438\u044f \u0438 \u043f\u043e\u043c\u043e\u0449\u044c \u0432 \u043f\u043e\u0434\u0431\u043e\u0440\u0435 \u043e\u0431\u043e\u0440\u0443\u0434\u043e\u0432\u0430\u043d\u0438\u044f<\/li>\n<\/ul>\n<h2>\u041a\u0430\u043a \u0430\u0440\u0435\u043d\u0434\u043e\u0432\u0430\u0442\u044c \u043c\u043e\u0439\u043a\u0443 KARCHER K5?<\/h2>\n<p>\u0421\u0432\u044f\u0436\u0438\u0442\u0435\u0441\u044c \u0441 \u043d\u0430\u043c\u0438 \u043f\u043e \u0442\u0435\u043b\u0435\u0444\u043e\u043d\u0443 \u0438\u043b\u0438 \u0447\u0435\u0440\u0435\u0437 \u043e\u043d\u043b\u0430\u0439\u043d-\u0444\u043e\u0440\u043c\u0443 \u0438 \u0437\u0430\u0431\u0440\u043e\u043d\u0438\u0440\u0443\u0439\u0442\u0435 \u043c\u043e\u0439\u043a\u0443 \u0432\u044b\u0441\u043e\u043a\u043e\u0433\u043e \u0434\u0430\u0432\u043b\u0435\u043d\u0438\u044f KARCHER K5 \u0443\u0436\u0435 \u0441\u0435\u0433\u043e\u0434\u043d\u044f. \u041f\u0440\u0438\u0445\u043e\u0434\u0438\u0442\u0435 \u0432 CoolRent \u0412\u0430\u0440\u0448\u0430\u0432\u0430 Bia\u0142o\u0142\u0119ka \u2014 \u044d\u0442\u043e \u0431\u044b\u0441\u0442\u0440\u044b\u0439, \u0443\u0434\u043e\u0431\u043d\u044b\u0439 \u0438 \u0432\u044b\u0433\u043e\u0434\u043d\u044b\u0439 \u0441\u043f\u043e\u0441\u043e\u0431 \u0432\u0437\u044f\u0442\u044c \u0432 \u0430\u0440\u0435\u043d\u0434\u0443 \u0442\u0435\u0445\u043d\u0438\u043a\u0443 \u0434\u043b\u044f \u043e\u0447\u0438\u0441\u0442\u043a\u0438 \u043b\u044e\u0431\u044b\u0445 \u043f\u043e\u0432\u0435\u0440\u0445\u043d\u043e\u0441\u0442\u0435\u0439!<\/p>","protected":false},"excerpt":{"rendered":"<ul>\n<li style=\"text-align: left;\">\u041d\u0430\u043f\u0440\u044f\u0436\u0435\u043d\u0438\u0435: 230 \u0412<\/li>\n<li style=\"text-align: left;\">\u041d\u043e\u043c\u0438\u043d\u0430\u043b\u044c\u043d\u0430\u044f \u043c\u043e\u0449\u043d\u043e\u0441\u0442\u044c: 2100 \u0412\u0442<\/li>\n<li style=\"text-align: left;\">Ci\u015bnienie maksymalne: 145 bar<\/li>\n<li style=\"text-align: left;\">\u041f\u0440\u043e\u0438\u0437\u0432\u043e\u0434\u0438\u0442\u0435\u043b\u044c\u043d\u043e\u0441\u0442\u044c \u043f\u0435\u0440\u0435\u043a\u0430\u0447\u043a\u0438: 500 \u043b\/\u0447<\/li>\n<li style=\"text-align: left;\">\u0422\u0435\u043c\u043f\u0435\u0440\u0430\u0442\u0443\u0440\u0430 \u0432\u043e\u0434\u044b: \u043c\u0430\u043a\u0441. 40 \u00b0C<\/li>\n<li style=\"text-align: left;\">\u0428\u043b\u0430\u043d\u0433 \u0432\u044b\u0441\u043e\u043a\u043e\u0433\u043e \u0434\u0430\u0432\u043b\u0435\u043d\u0438\u044f: 8 \u043c<\/li>\n<li style=\"text-align: left;\">\u0413\u0430\u0431\u0430\u0440\u0438\u0442\u044b (\u0414\u0445\u0428\u0445\u0412), \u043c\u043c: 369\u0445389\u0445901<\/li>\n<li style=\"text-align: left;\">\u0412\u0435\u0441: 19,2 \u043a\u0433<\/li>\n<li style=\"text-align: left;\" class=\"translation-block\">\u0414\u043e\u0441\u0442\u0430\u0432\u043a\u0430: <strong>20 z\u0142 netto<\/strong><\/li>\n<\/ul>","protected":false},"featured_media":28971,"template":"","meta":{"_monsterinsights_skip_tracking":false,"_monsterinsights_sitenote_active":false,"_monsterinsights_sitenote_note":"","_monsterinsights_sitenote_category":0},"product_brand":[],"product_cat":[72,74],"product_tag":[],"class_list":{"0":"post-28970","1":"product","2":"type-product","3":"status-publish","4":"has-post-thumbnail","6":"product_cat-czyszczenie","7":"product_cat-myjki-wysokocisnieniowe","9":"first","10":"instock","11":"taxable","12":"shipping-taxable","13":"purchasable","14":"product-type-simple"},"_links":{"self":[{"href":"https:\/\/coolrent.pl\/ru\/wp-json\/wp\/v2\/product\/28970","targetHints":{"allow":["GET"]}}],"collection":[{"href":"https:\/\/coolrent.pl\/ru\/wp-json\/wp\/v2\/product"}],"about":[{"href":"https:\/\/coolrent.pl\/ru\/wp-json\/wp\/v2\/types\/product"}],"version-history":[{"count":7,"href":"https:\/\/coolrent.pl\/ru\/wp-json\/wp\/v2\/product\/28970\/revisions"}],"predecessor-version":[{"id":30498,"href":"https:\/\/coolrent.pl\/ru\/wp-json\/wp\/v2\/product\/28970\/revisions\/30498"}],"wp:featuredmedia":[{"embeddable":true,"href":"https:\/\/coolrent.pl\/ru\/wp-json\/wp\/v2\/media\/28971"}],"wp:attachment":[{"href":"https:\/\/coolrent.pl\/ru\/wp-json\/wp\/v2\/media?parent=28970"}],"wp:term":[{"taxonomy":"product_brand","embeddable":true,"href":"https:\/\/coolrent.pl\/ru\/wp-json\/wp\/v2\/product_brand?post=28970"},{"taxonomy":"product_cat","embeddable":true,"href":"https:\/\/coolrent.pl\/ru\/wp-json\/wp\/v2\/product_cat?post=28970"},{"taxonomy":"product_tag","embeddable":true,"href":"https:\/\/coolrent.pl\/ru\/wp-json\/wp\/v2\/product_tag?post=28970"}],"curies":[{"name":"wp","href":"https:\/\/api.w.org\/{rel}","templated":true}]}}