{"id":29025,"date":"2024-07-09T08:27:05","date_gmt":"2024-07-09T08:27:05","guid":{"rendered":"https:\/\/coolrent.pl\/?post_type=product&#038;p=29025"},"modified":"2025-07-29T11:39:53","modified_gmt":"2025-07-29T11:39:53","slug":"yato-yt-21735-pex-al-pex-zaciskarka-reczna","status":"publish","type":"product","link":"https:\/\/coolrent.pl\/ru\/yato-yt-21735-pex-al-pex-zaciskarka-reczna\/","title":{"rendered":"\u041f\u0440\u0435\u0441\u0441-\u043a\u043b\u0435\u0449\u0438 \u0434\u043b\u044f \u0442\u0440\u0443\u0431 YATO YT-21735 PEX-AL-PEX"},"content":{"rendered":"<h2>\u041f\u0440\u0435\u0441\u0441-\u043a\u043b\u0435\u0449\u0438 \u0434\u043b\u044f \u0442\u0440\u0443\u0431 YATO YT-21735 \u2013 \u0410\u0440\u0435\u043d\u0434\u0430 \u0432 CoolRent (\u0412\u0430\u0440\u0448\u0430\u0432\u0430, \u0411\u044f\u043b\u043e\u043b\u0435\u043d\u043a\u0430)<\/h2>\n<p>\u0418\u0449\u0435\u0442\u0435 \u043d\u0430\u0434\u0451\u0436\u043d\u044b\u0439 \u0440\u0443\u0447\u043d\u043e\u0439 \u0438\u043d\u0441\u0442\u0440\u0443\u043c\u0435\u043d\u0442 \u0434\u043b\u044f \u043e\u0431\u0436\u0438\u043c\u0430 \u0442\u0440\u0443\u0431 PEX-AL-PEX? \u041f\u0440\u0435\u0441\u0441-\u043a\u043b\u0435\u0449\u0438 YATO YT-21735 \u2014 \u044d\u0442\u043e \u0438\u0434\u0435\u0430\u043b\u044c\u043d\u043e\u0435 \u0440\u0435\u0448\u0435\u043d\u0438\u0435 \u0434\u043b\u044f \u0441\u0430\u043d\u0442\u0435\u0445\u043d\u0438\u0447\u0435\u0441\u043a\u0438\u0445 \u0438 \u043e\u0442\u043e\u043f\u0438\u0442\u0435\u043b\u044c\u043d\u044b\u0445 \u0441\u0438\u0441\u0442\u0435\u043c. \u0412 CoolRent \u0432\u044b \u043c\u043e\u0436\u0435\u0442\u0435 \u0432\u0437\u044f\u0442\u044c \u0438\u0445 \u0432 \u0430\u0440\u0435\u043d\u0434\u0443 \u2014 \u0431\u044b\u0441\u0442\u0440\u043e, \u0443\u0434\u043e\u0431\u043d\u043e \u0438 \u043f\u043e \u0434\u043e\u0441\u0442\u0443\u043f\u043d\u043e\u0439 \u0446\u0435\u043d\u0435.<\/p>\n<h2>\u041e\u043f\u0438\u0441\u0430\u043d\u0438\u0435 \u0438\u043d\u0441\u0442\u0440\u0443\u043c\u0435\u043d\u0442\u0430 \u2013 \u041f\u0440\u0435\u0441\u0441-\u043a\u043b\u0435\u0449\u0438 YATO YT-21735 PEX-AL-PEX<\/h2>\n<p>\u041c\u043e\u0434\u0435\u043b\u044c YATO YT-21735 \u2014 \u044d\u0442\u043e \u043f\u0440\u043e\u0447\u043d\u044b\u0435 \u0440\u0443\u0447\u043d\u044b\u0435 \u043f\u0440\u0435\u0441\u0441-\u043a\u043b\u0435\u0449\u0438, \u0440\u0430\u0437\u0440\u0430\u0431\u043e\u0442\u0430\u043d\u043d\u044b\u0435 \u0441\u043f\u0435\u0446\u0438\u0430\u043b\u044c\u043d\u043e \u0434\u043b\u044f \u0440\u0430\u0431\u043e\u0442\u044b \u0441 \u043c\u043d\u043e\u0433\u043e\u0441\u043b\u043e\u0439\u043d\u044b\u043c\u0438 \u0442\u0440\u0443\u0431\u0430\u043c\u0438 PEX-AL-PEX. \u0411\u043b\u0430\u0433\u043e\u0434\u0430\u0440\u044f \u043c\u0435\u0442\u0430\u043b\u043b\u0438\u0447\u0435\u0441\u043a\u043e\u043c\u0443 \u043a\u043e\u0440\u043f\u0443\u0441\u0443 \u0438 \u044d\u0440\u0433\u043e\u043d\u043e\u043c\u0438\u0447\u043d\u043e\u0439 \u043a\u043e\u043d\u0441\u0442\u0440\u0443\u043a\u0446\u0438\u0438 \u043e\u0431\u0435\u0441\u043f\u0435\u0447\u0438\u0432\u0430\u044e\u0442 \u0442\u043e\u0447\u043d\u044b\u0439 \u0438 \u043f\u0440\u043e\u0447\u043d\u044b\u0439 \u043e\u0431\u0436\u0438\u043c \u0431\u0435\u0437 \u043d\u0435\u043e\u0431\u0445\u043e\u0434\u0438\u043c\u043e\u0441\u0442\u0438 \u0432 \u044d\u043b\u0435\u043a\u0442\u0440\u0438\u0447\u0435\u0441\u0442\u0432\u0435 \u0438\u043b\u0438 \u043a\u043e\u043c\u043f\u0440\u0435\u0441\u0441\u043e\u0440\u0435. \u041f\u043e \u0437\u0430\u043f\u0440\u043e\u0441\u0443 \u0434\u043e\u0441\u0442\u0443\u043f\u043d\u044b \u0441\u043c\u0435\u043d\u043d\u044b\u0435 \u0433\u0443\u0431\u043a\u0438 \u0434\u043b\u044f \u0440\u0430\u0437\u043d\u044b\u0445 \u0434\u0438\u0430\u043c\u0435\u0442\u0440\u043e\u0432 \u0442\u0440\u0443\u0431.<\/p>\n<h2>\u041e\u0441\u043d\u043e\u0432\u043d\u044b\u0435 \u0445\u0430\u0440\u0430\u043a\u0442\u0435\u0440\u0438\u0441\u0442\u0438\u043a\u0438 - \u041f\u0440\u0435\u0441\u0441-\u043a\u043b\u0435\u0449\u0438 YATO YT-21735 PEX-AL-PEX:<\/h2>\n<ul>\n<li>\u0421\u043e\u0432\u043c\u0435\u0441\u0442\u0438\u043c\u044b \u0441 \u0442\u0440\u0443\u0431\u0430\u043c\u0438 PEX-AL-PEX<\/li>\n<li>\u0420\u0443\u0447\u043d\u043e\u0439 \u0438\u043d\u0441\u0442\u0440\u0443\u043c\u0435\u043d\u0442 \u2014 \u043d\u0435 \u0442\u0440\u0435\u0431\u0443\u0435\u0442 \u043f\u043e\u0434\u043a\u043b\u044e\u0447\u0435\u043d\u0438\u044f \u043a \u044d\u043b\u0435\u043a\u0442\u0440\u043e\u0441\u0435\u0442\u0438<\/li>\n<li>\u041f\u0440\u043e\u0447\u043d\u0430\u044f \u043a\u043e\u043d\u0441\u0442\u0440\u0443\u043a\u0446\u0438\u044f \u0438\u0437 \u043a\u0430\u0447\u0435\u0441\u0442\u0432\u0435\u043d\u043d\u043e\u0439 \u0441\u0442\u0430\u043b\u0438<\/li>\n<li>\u0421\u043c\u0435\u043d\u043d\u044b\u0435 \u0433\u0443\u0431\u043a\u0438 (\u043f\u043e \u0437\u0430\u043f\u0440\u043e\u0441\u0443)<\/li>\n<li>\u041f\u043e\u0434\u0445\u043e\u0434\u044f\u0442 \u0434\u043b\u044f \u0441\u0438\u0441\u0442\u0435\u043c \u0432\u043e\u0434\u043e\u0441\u043d\u0430\u0431\u0436\u0435\u043d\u0438\u044f \u0438 \u0442\u0451\u043f\u043b\u043e\u0433\u043e \u043f\u043e\u043b\u0430<\/li>\n<\/ul>\n<h2>\u041f\u043e\u0447\u0435\u043c\u0443 \u0441\u0442\u043e\u0438\u0442 \u0430\u0440\u0435\u043d\u0434\u043e\u0432\u0430\u0442\u044c \u043f\u0440\u0435\u0441\u0441-\u043a\u043b\u0435\u0449\u0438 YATO \u0432 CoolRent?<\/h2>\n<ul>\n<li>\u0421\u0430\u043c\u043e\u0432\u044b\u0432\u043e\u0437 \u0432 \u0412\u0430\u0440\u0448\u0430\u0432\u0435 (\u0440\u0430\u0439\u043e\u043d \u0411\u044f\u043b\u043e\u043b\u0435\u043d\u043a\u0430), \u0434\u043e\u0441\u0442\u0430\u0432\u043a\u0430 \u043f\u043e \u0430\u0434\u0440\u0435\u0441\u0443 \u043a\u043b\u0438\u0435\u043d\u0442\u0430<\/li>\n<li>\u0422\u0435\u0445\u043d\u0438\u0447\u0435\u0441\u043a\u0438 \u043f\u0440\u043e\u0432\u0435\u0440\u0435\u043d\u043d\u043e\u0435 \u0438 \u0433\u043e\u0442\u043e\u0432\u043e\u0435 \u043a \u0440\u0430\u0431\u043e\u0442\u0435 \u043e\u0431\u043e\u0440\u0443\u0434\u043e\u0432\u0430\u043d\u0438\u0435<\/li>\n<li>\u0413\u0438\u0431\u043a\u0438\u0435 \u0443\u0441\u043b\u043e\u0432\u0438\u044f \u0430\u0440\u0435\u043d\u0434\u044b \u2014 \u0434\u0430\u0436\u0435 \u043d\u0430 1 \u0434\u0435\u043d\u044c<\/li>\n<li>\u0423\u0434\u043e\u0431\u043d\u043e\u0435 \u043e\u043d\u043b\u0430\u0439\u043d-\u0431\u0440\u043e\u043d\u0438\u0440\u043e\u0432\u0430\u043d\u0438\u0435<\/li>\n<\/ul>\n<h2>\u0417\u0430\u0447\u0435\u043c \u043f\u043e\u043a\u0443\u043f\u0430\u0442\u044c, \u0435\u0441\u043b\u0438 \u043c\u043e\u0436\u043d\u043e \u0430\u0440\u0435\u043d\u0434\u043e\u0432\u0430\u0442\u044c?<\/h2>\n<p>\u0415\u0441\u043b\u0438 \u0432\u044b \u043d\u0435 \u0438\u0441\u043f\u043e\u043b\u044c\u0437\u0443\u0435\u0442\u0435 \u0438\u043d\u0441\u0442\u0440\u0443\u043c\u0435\u043d\u0442 \u0440\u0435\u0433\u0443\u043b\u044f\u0440\u043d\u043e, \u0430\u0440\u0435\u043d\u0434\u0430 \u2014 \u043b\u0443\u0447\u0448\u0435\u0435 \u0440\u0435\u0448\u0435\u043d\u0438\u0435. \u041d\u0435 \u043d\u0443\u0436\u043d\u043e \u0442\u0440\u0430\u0442\u0438\u0442\u044c \u0434\u0435\u043d\u044c\u0433\u0438 \u043d\u0430 \u043f\u043e\u043a\u0443\u043f\u043a\u0443 \u0438 \u043e\u0431\u0441\u043b\u0443\u0436\u0438\u0432\u0430\u043d\u0438\u0435 \u2014 \u0432\u044b \u043f\u043b\u0430\u0442\u0438\u0442\u0435 \u0442\u043e\u043b\u044c\u043a\u043e \u0437\u0430 \u0444\u0430\u043a\u0442\u0438\u0447\u0435\u0441\u043a\u043e\u0435 \u0438\u0441\u043f\u043e\u043b\u044c\u0437\u043e\u0432\u0430\u043d\u0438\u0435.<\/p>\n<h2>\u0417\u0430\u0431\u0440\u043e\u043d\u0438\u0440\u0443\u0439\u0442\u0435 \u0443\u0436\u0435 \u0441\u0435\u0439\u0447\u0430\u0441!<\/h2>\n<p>\u041f\u043e\u0441\u0435\u0442\u0438\u0442\u0435 \u043d\u0430\u0448 \u043f\u0443\u043d\u043a\u0442 \u0432\u044b\u0434\u0430\u0447\u0438 CoolRent \u0432 \u0412\u0430\u0440\u0448\u0430\u0432\u0435 (\u0411\u044f\u043b\u043e\u043b\u0435\u043d\u043a\u0430) \u0438\u043b\u0438 \u0437\u0430\u0431\u0440\u043e\u043d\u0438\u0440\u0443\u0439\u0442\u0435 \u043f\u0440\u0435\u0441\u0441-\u043a\u043b\u0435\u0449\u0438 \u043e\u043d\u043b\u0430\u0439\u043d. \u0420\u0430\u0431\u043e\u0442\u0430\u0439\u0442\u0435 \u044d\u0444\u0444\u0435\u043a\u0442\u0438\u0432\u043d\u043e \u0438 \u043f\u0440\u043e\u0444\u0435\u0441\u0441\u0438\u043e\u043d\u0430\u043b\u044c\u043d\u043e \u0441 CoolRent!<\/p>","protected":false},"excerpt":{"rendered":"<ul>\n<li style=\"text-align: left;\">\u041c\u0430\u0442\u0435\u0440\u0438\u0430\u043b: \u0443\u0433\u043b\u0435\u0440\u043e\u0434\u0438\u0441\u0442\u0430\u044f \u0441\u0442\u0430\u043b\u044c<\/li>\n<li style=\"text-align: left;\">\u041c\u0430\u0442\u0435\u0440\u0438\u0430\u043b \u0440\u0443\u0447\u043a\u0438: \u041f\u0412\u0425<\/li>\n<li style=\"text-align: left;\">\u0420\u0430\u0431\u043e\u0447\u0438\u0439 \u0443\u0433\u043e\u043b: 360 \u02da<\/li>\n<li style=\"text-align: left;\">\u0423\u0441\u0438\u043b\u0438\u0435 \u0437\u0430\u0436\u0438\u043c\u0430: 6 \u0442<\/li>\n<li style=\"text-align: left;\">\u041f\u043e\u0432\u043e\u0440\u043e\u0442\u043d\u0430\u044f \u0433\u043e\u043b\u043e\u0432\u043a\u0430: \u0434\u0430<\/li>\n<li style=\"text-align: left;\">\u0422\u0435\u043b\u0435\u0441\u043a\u043e\u043f\u0438\u0447\u0435\u0441\u043a\u0438\u0439: \u0434\u0430<\/li>\n<li style=\"text-align: left;\">\u041a\u043e\u043c\u043f\u043b\u0435\u043a\u0442 \u043c\u0430\u0442\u0440\u0438\u0446: U \u2013 16, 20, 25, 32 \u043c\u043c; \u0422\u041d \u2013 16, 20, 26, 32 \u043c\u043c<\/li>\n<li style=\"text-align: left;\">\u0414\u043b\u0438\u043d\u0430 (\u043c\u043c): 570-800<\/li>\n<li style=\"text-align: left;\">D\u0142ugo\u015b\u0107 (mm): 570-800<\/li>\n<li style=\"text-align: left;\">Waga: 7,25 kg<\/li>\n<li style=\"text-align: left;\" class=\"translation-block\">\u0414\u043e\u0441\u0442\u0430\u0432\u043a\u0430: <strong>20 z\u0142 netto<\/strong><\/li>\n<\/ul>","protected":false},"featured_media":29026,"template":"","meta":{"_monsterinsights_skip_tracking":false,"_monsterinsights_sitenote_active":false,"_monsterinsights_sitenote_note":"","_monsterinsights_sitenote_category":0},"product_brand":[],"product_cat":[164,112],"product_tag":[],"class_list":{"0":"post-29025","1":"product","2":"type-product","3":"status-publish","4":"has-post-thumbnail","6":"product_cat-zaciskarki-do-rur","7":"product_cat-obrobka-metalu-i-rur","9":"first","10":"instock","11":"taxable","12":"shipping-taxable","13":"purchasable","14":"product-type-simple"},"_links":{"self":[{"href":"https:\/\/coolrent.pl\/ru\/wp-json\/wp\/v2\/product\/29025","targetHints":{"allow":["GET"]}}],"collection":[{"href":"https:\/\/coolrent.pl\/ru\/wp-json\/wp\/v2\/product"}],"about":[{"href":"https:\/\/coolrent.pl\/ru\/wp-json\/wp\/v2\/types\/product"}],"version-history":[{"count":6,"href":"https:\/\/coolrent.pl\/ru\/wp-json\/wp\/v2\/product\/29025\/revisions"}],"predecessor-version":[{"id":30261,"href":"https:\/\/coolrent.pl\/ru\/wp-json\/wp\/v2\/product\/29025\/revisions\/30261"}],"wp:featuredmedia":[{"embeddable":true,"href":"https:\/\/coolrent.pl\/ru\/wp-json\/wp\/v2\/media\/29026"}],"wp:attachment":[{"href":"https:\/\/coolrent.pl\/ru\/wp-json\/wp\/v2\/media?parent=29025"}],"wp:term":[{"taxonomy":"product_brand","embeddable":true,"href":"https:\/\/coolrent.pl\/ru\/wp-json\/wp\/v2\/product_brand?post=29025"},{"taxonomy":"product_cat","embeddable":true,"href":"https:\/\/coolrent.pl\/ru\/wp-json\/wp\/v2\/product_cat?post=29025"},{"taxonomy":"product_tag","embeddable":true,"href":"https:\/\/coolrent.pl\/ru\/wp-json\/wp\/v2\/product_tag?post=29025"}],"curies":[{"name":"wp","href":"https:\/\/api.w.org\/{rel}","templated":true}]}}