{"id":29886,"date":"2024-11-25T15:54:02","date_gmt":"2024-11-25T15:54:02","guid":{"rendered":"https:\/\/coolrent.pl\/?post_type=product&#038;p=29886"},"modified":"2025-09-11T12:11:29","modified_gmt":"2025-09-11T12:11:29","slug":"agrecom-agregat-tynkarski-18l","status":"publish","type":"product","link":"https:\/\/coolrent.pl\/ru\/agrecom-agregat-tynkarski-18l\/","title":{"rendered":"AGRECOM \u0410\u0433\u0440\u0435\u0433\u0430\u0442 \u0434\u043b\u044f \u0448\u0442\u0443\u043a\u0430\u0442\u0443\u0440\u043a\u0438 \u0438 \u0448\u043f\u0430\u043a\u043b\u0451\u0432\u043a\u0438 18L"},"content":{"rendered":"<h2 data-start=\"171\" data-end=\"243\">AGRECOM \u0410\u0433\u0440\u0435\u0433\u0430\u0442 \u0434\u043b\u044f \u0448\u0442\u0443\u043a\u0430\u0442\u0443\u0440\u043a\u0438 \u0438 \u0448\u043f\u0430\u043a\u043b\u0451\u0432\u043a\u0438 18L \u2013 \u0430\u0440\u0435\u043d\u0434\u0430 \u0432 \u0412\u0430\u0440\u0448\u0430\u0432\u0435 (Bia\u0142o\u0142\u0119ka)<\/h2>\n<p data-start=\"245\" data-end=\"673\" class=\"translation-block\">\u0412 CoolRent \u0412\u0430\u0440\u0448\u0430\u0432\u0430 (Bia\u0142o\u0142\u0119ka) \u043f\u0440\u0435\u0434\u043b\u0430\u0433\u0430\u0435\u0442\u0441\u044f \u0430\u0440\u0435\u043d\u0434\u0430 \u0430\u0433\u0440\u0435\u0433\u0430\u0442\u0430 AGRECOM 18L, \u043a\u043e\u0442\u043e\u0440\u044b\u0439 \u043f\u043e\u0434\u0445\u043e\u0434\u0438\u0442 \u043a\u0430\u043a \u0434\u043b\u044f \u043d\u0430\u043d\u0435\u0441\u0435\u043d\u0438\u044f \u0448\u043f\u0430\u043a\u043b\u0451\u0432\u043a\u0438, \u0442\u0430\u043a \u0438 \u0434\u043b\u044f \u0440\u0430\u0437\u043b\u0438\u0447\u043d\u044b\u0445 \u0442\u0438\u043f\u043e\u0432 \u0448\u0442\u0443\u043a\u0430\u0442\u0443\u0440\u043d\u044b\u0445 \u0441\u043c\u0435\u0441\u0435\u0439. \u0411\u043b\u0430\u0433\u043e\u0434\u0430\u0440\u044f \u0432\u043c\u0435\u0441\u0442\u0438\u0442\u0435\u043b\u044c\u043d\u043e\u043c\u0443 \u0431\u0430\u043a\u0443 \u0438 \u043c\u043e\u0449\u043d\u043e\u043c\u0443 \u043d\u0430\u0441\u043e\u0441\u0443 \u0443\u0441\u0442\u0440\u043e\u0439\u0441\u0442\u0432\u043e \u043e\u0431\u0435\u0441\u043f\u0435\u0447\u0438\u0432\u0430\u0435\u0442 \u0431\u044b\u0441\u0442\u0440\u043e\u0435, \u0440\u0430\u0432\u043d\u043e\u043c\u0435\u0440\u043d\u043e\u0435 \u0438 \u0442\u043e\u0447\u043d\u043e\u0435 \u043f\u043e\u043a\u0440\u044b\u0442\u0438\u0435 \u0441\u0442\u0435\u043d \u0438 \u043f\u043e\u0442\u043e\u043b\u043a\u043e\u0432. \u042d\u0442\u043e \u0438\u0434\u0435\u0430\u043b\u044c\u043d\u043e\u0435 \u0440\u0435\u0448\u0435\u043d\u0438\u0435 \u0434\u043b\u044f \u0440\u0435\u043c\u043e\u043d\u0442\u043d\u044b\u0445 \u0431\u0440\u0438\u0433\u0430\u0434 \u0438 \u0441\u0442\u0440\u043e\u0438\u0442\u0435\u043b\u044c\u043d\u044b\u0445 \u043a\u043e\u043c\u043f\u0430\u043d\u0438\u0439, \u0430 \u0442\u0430\u043a\u0436\u0435 \u0434\u043b\u044f \u0431\u043e\u043b\u044c\u0448\u0438\u0445 \u043e\u0442\u0434\u0435\u043b\u043e\u0447\u043d\u044b\u0445 \u0440\u0430\u0431\u043e\u0442.<\/p>\n<hr data-start=\"675\" data-end=\"678\" \/>\n<h3 data-start=\"680\" data-end=\"726\">\u041f\u043e\u0447\u0435\u043c\u0443 \u0441\u0442\u043e\u0438\u0442 \u0432\u044b\u0431\u0440\u0430\u0442\u044c \u0430\u0433\u0440\u0435\u0433\u0430\u0442 AGRECOM 18L?<\/h3>\n<p data-start=\"728\" data-end=\"829\">\u0410\u0433\u0440\u0435\u0433\u0430\u0442 AGRECOM 18L \u0440\u0430\u0437\u0440\u0430\u0431\u043e\u0442\u0430\u043d \u0441 \u0443\u0447\u0451\u0442\u043e\u043c \u0443\u043d\u0438\u0432\u0435\u0440\u0441\u0430\u043b\u044c\u043d\u043e\u0441\u0442\u0438 \u0438 \u043f\u0440\u043e\u0444\u0435\u0441\u0441\u0438\u043e\u043d\u0430\u043b\u044c\u043d\u043e\u0433\u043e \u0438\u0441\u043f\u043e\u043b\u044c\u0437\u043e\u0432\u0430\u043d\u0438\u044f:<\/p>\n<ul data-start=\"830\" data-end=\"1320\">\n<li data-start=\"830\" data-end=\"912\">\n<p data-start=\"832\" data-end=\"912\">\u0412\u043c\u0435\u0441\u0442\u0438\u0442\u0435\u043b\u044c\u043d\u044b\u0439 \u0431\u0430\u043a 18 \u043b\u0438\u0442\u0440\u043e\u0432 \u2013 \u043d\u0435\u043f\u0440\u0435\u0440\u044b\u0432\u043d\u0430\u044f \u043f\u043e\u0434\u0430\u0447\u0430 \u043c\u0430\u0442\u0435\u0440\u0438\u0430\u043b\u0430 \u0438 \u043c\u0435\u043d\u044c\u0448\u0435 \u043f\u0435\u0440\u0435\u0440\u044b\u0432\u043e\u0432 \u0432 \u0440\u0430\u0431\u043e\u0442\u0435<\/p>\n<\/li>\n<li data-start=\"913\" data-end=\"985\">\n<p data-start=\"915\" data-end=\"985\">\u0412\u043e\u0437\u043c\u043e\u0436\u043d\u043e\u0441\u0442\u044c \u043d\u0430\u043d\u0435\u0441\u0435\u043d\u0438\u044f \u0433\u0438\u043f\u0441\u043e\u0432\u044b\u0445 \u0448\u043f\u0430\u043a\u043b\u0451\u0432\u043e\u043a, \u0448\u0442\u0443\u043a\u0430\u0442\u0443\u0440\u043d\u044b\u0445 \u0441\u043c\u0435\u0441\u0435\u0439 \u0438 \u0448\u043f\u0430\u043a\u043b\u0451\u0432\u043a\u0438<\/p>\n<\/li>\n<li data-start=\"986\" data-end=\"1085\">\n<p data-start=\"988\" data-end=\"1085\">\u041f\u043e\u0434\u0445\u043e\u0434\u0438\u0442 \u0434\u043b\u044f \u0440\u0430\u0431\u043e\u0442\u044b \u0441 \u043c\u0438\u043d\u0435\u0440\u0430\u043b\u044c\u043d\u044b\u043c\u0438, \u0430\u043a\u0440\u0438\u043b\u043e\u0432\u044b\u043c\u0438, \u0441\u0442\u0440\u0443\u043a\u0442\u0443\u0440\u043d\u044b\u043c\u0438 \u0448\u0442\u0443\u043a\u0430\u0442\u0443\u0440\u043a\u0430\u043c\u0438 \u0438 \u043a\u043b\u0435\u044f\u043c\u0438 \u0434\u043b\u044f \u0441\u0435\u0442\u043a\u0438 \u043f\u0440\u0438 \u0443\u0442\u0435\u043f\u043b\u0435\u043d\u0438\u0438<\/p>\n<\/li>\n<li data-start=\"1086\" data-end=\"1193\">\n<p data-start=\"1088\" data-end=\"1193\">\u0418\u0434\u0435\u0430\u043b\u0435\u043d \u0434\u043b\u044f \u043d\u0430\u043d\u0435\u0441\u0435\u043d\u0438\u044f \u0448\u0442\u0443\u043a\u0430\u0442\u0443\u0440\u043d\u043e\u0433\u043e \u043e\u0431\u0440\u044b\u0437\u0433\u0430 (\u0446\u0435\u043c\u0435\u043d\u0442\u043d\u043e-\u0438\u0437\u0432\u0435\u0441\u0442\u043a\u043e\u0432\u044b\u0439 \u0448\u043f\u0440\u0438\u0446) \u0438 \u043e\u0433\u043d\u0435\u0437\u0430\u0449\u0438\u0442\u043d\u044b\u0445 \u043f\u043e\u043a\u0440\u044b\u0442\u0438\u0439<\/p>\n<\/li>\n<li data-start=\"1194\" data-end=\"1267\">\n<p data-start=\"1196\" data-end=\"1267\">\u041a\u043e\u043c\u043f\u0430\u043a\u0442\u043d\u0430\u044f \u043a\u043e\u043d\u0441\u0442\u0440\u0443\u043a\u0446\u0438\u044f \u043e\u0431\u043b\u0435\u0433\u0447\u0430\u0435\u0442 \u0442\u0440\u0430\u043d\u0441\u043f\u043e\u0440\u0442\u0438\u0440\u043e\u0432\u043a\u0443 \u0438 \u043f\u0435\u0440\u0435\u043c\u0435\u0449\u0435\u043d\u0438\u0435 \u043f\u043e \u0441\u0442\u0440\u043e\u0439\u043f\u043b\u043e\u0449\u0430\u0434\u043a\u0435<\/p>\n<\/li>\n<li data-start=\"1268\" data-end=\"1320\">\n<p data-start=\"1270\" data-end=\"1320\">\u0412\u044b\u0441\u043e\u043a\u0430\u044f \u043f\u0440\u043e\u0438\u0437\u0432\u043e\u0434\u0438\u0442\u0435\u043b\u044c\u043d\u043e\u0441\u0442\u044c \u0438 \u0440\u0430\u0432\u043d\u043e\u043c\u0435\u0440\u043d\u043e\u0435 \u043d\u0430\u043d\u0435\u0441\u0435\u043d\u0438\u0435 \u043c\u0430\u0442\u0435\u0440\u0438\u0430\u043b\u0430<\/p>\n<\/li>\n<\/ul>\n<hr data-start=\"1322\" data-end=\"1325\" \/>\n<h3 data-start=\"1327\" data-end=\"1385\">\u0410\u0440\u0435\u043d\u0434\u0430 \u0430\u0433\u0440\u0435\u0433\u0430\u0442\u0430 \u0434\u043b\u044f \u0448\u043f\u0430\u043a\u043b\u0451\u0432\u043a\u0438 \u0438 \u0448\u0442\u0443\u043a\u0430\u0442\u0443\u0440\u043a\u0438 AGRECOM \u0432 CoolRent<\/h3>\n<ol data-start=\"1387\" data-end=\"1595\">\n<li data-start=\"1387\" data-end=\"1454\">\n<p data-start=\"1390\" data-end=\"1454\">\u0421\u0432\u044f\u0436\u0438\u0442\u0435\u0441\u044c \u0441 \u043d\u0430\u043c\u0438 \u043f\u043e \u0442\u0435\u043b\u0435\u0444\u043e\u043d\u0443 \u0438\u043b\u0438 \u0447\u0435\u0440\u0435\u0437 \u0444\u043e\u0440\u043c\u0443 \u043d\u0430 \u0441\u0430\u0439\u0442\u0435<\/p>\n<\/li>\n<li data-start=\"1455\" data-end=\"1511\">\n<p data-start=\"1458\" data-end=\"1511\">\u0417\u0430\u0431\u0440\u043e\u043d\u0438\u0440\u0443\u0439\u0442\u0435 \u0430\u0433\u0440\u0435\u0433\u0430\u0442 AGRECOM 18L \u0438 \u0441\u043e\u0433\u043b\u0430\u0441\u0443\u0439\u0442\u0435 \u0434\u0430\u0442\u0443 \u0430\u0440\u0435\u043d\u0434\u044b<\/p>\n<\/li>\n<li data-start=\"1512\" data-end=\"1595\">\n<p data-start=\"1515\" data-end=\"1595\">\u041f\u043e\u043b\u0443\u0447\u0438\u0442\u0435 \u043e\u0431\u043e\u0440\u0443\u0434\u043e\u0432\u0430\u043d\u0438\u0435 \u0432 \u0412\u0430\u0440\u0448\u0430\u0432\u0435 (Bia\u0142o\u0142\u0119ka) \u0438\u043b\u0438 \u0437\u0430\u043a\u0430\u0436\u0438\u0442\u0435 \u0434\u043e\u0441\u0442\u0430\u0432\u043a\u0443 \u043d\u0430 \u043e\u0431\u044a\u0435\u043a\u0442<\/p>\n<\/li>\n<\/ol>\n<p data-start=\"1597\" data-end=\"1743\" class=\"translation-block\">\u041c\u044b \u043f\u0440\u0435\u0434\u043b\u0430\u0433\u0430\u0435\u043c \u0433\u0438\u0431\u043a\u0438\u0435 \u0443\u0441\u043b\u043e\u0432\u0438\u044f \u0430\u0440\u0435\u043d\u0434\u044b \u2013 \u043d\u0430 \u0447\u0430\u0441\u044b, \u0434\u043d\u0438 \u0438\u043b\u0438 \u0431\u043e\u043b\u0435\u0435 \u0434\u043b\u0438\u0442\u0435\u043b\u044c\u043d\u044b\u0439 \u043f\u0435\u0440\u0438\u043e\u0434. \u0412\u044b \u043f\u043b\u0430\u0442\u0438\u0442\u0435 \u0442\u043e\u043b\u044c\u043a\u043e \u0437\u0430 \u0444\u0430\u043a\u0442\u0438\u0447\u0435\u0441\u043a\u043e\u0435 \u0432\u0440\u0435\u043c\u044f \u0438\u0441\u043f\u043e\u043b\u044c\u0437\u043e\u0432\u0430\u043d\u0438\u044f \u043e\u0431\u043e\u0440\u0443\u0434\u043e\u0432\u0430\u043d\u0438\u044f.<\/p>\n<hr data-start=\"1745\" data-end=\"1748\" \/>\n<h3 data-start=\"1750\" data-end=\"1806\">CoolRent \u2013 \u043f\u0440\u043e\u043a\u0430\u0442 \u0438\u043d\u0441\u0442\u0440\u0443\u043c\u0435\u043d\u0442\u043e\u0432 \u0412\u0430\u0440\u0448\u0430\u0432\u0430 Bia\u0142o\u0142\u0119ka<\/h3>\n<p data-start=\"1808\" data-end=\"2058\" class=\"translation-block\">\u0410\u0433\u0440\u0435\u0433\u0430\u0442 \u0434\u043b\u044f \u0448\u043f\u0430\u043a\u043b\u0451\u0432\u043a\u0438 \u0438 \u0448\u0442\u0443\u043a\u0430\u0442\u0443\u0440\u043a\u0438 AGRECOM 18L \u2013 \u043d\u0430\u0434\u0451\u0436\u043d\u043e\u0435 \u0443\u0441\u0442\u0440\u043e\u0439\u0441\u0442\u0432\u043e, \u043a\u043e\u0442\u043e\u0440\u043e\u0435 \u043e\u0442\u043b\u0438\u0447\u043d\u043e \u043f\u043e\u0434\u0445\u043e\u0434\u0438\u0442 \u0434\u043b\u044f \u0440\u0435\u043c\u043e\u043d\u0442\u043d\u044b\u0445, \u043e\u0442\u0434\u0435\u043b\u043e\u0447\u043d\u044b\u0445 \u0438 \u0441\u0442\u0440\u043e\u0438\u0442\u0435\u043b\u044c\u043d\u044b\u0445 \u0440\u0430\u0431\u043e\u0442. \u0410\u0440\u0435\u043d\u0434\u0430 \u0432 CoolRent \u0433\u0430\u0440\u0430\u043d\u0442\u0438\u0440\u0443\u0435\u0442 \u043f\u0440\u043e\u0432\u0435\u0440\u0435\u043d\u043d\u043e\u0435 \u043e\u0431\u043e\u0440\u0443\u0434\u043e\u0432\u0430\u043d\u0438\u0435, \u043f\u0440\u043e\u0444\u0435\u0441\u0441\u0438\u043e\u043d\u0430\u043b\u044c\u043d\u044b\u0435 \u043a\u043e\u043d\u0441\u0443\u043b\u044c\u0442\u0430\u0446\u0438\u0438 \u0438 \u043f\u0440\u0438\u0432\u043b\u0435\u043a\u0430\u0442\u0435\u043b\u044c\u043d\u044b\u0435 \u0446\u0435\u043d\u044b.<\/p>","protected":false},"excerpt":{"rendered":"<ul>\n<li style=\"text-align: left;\">\u041f\u0438\u0441\u0442\u043e\u043b\u0435\u0442 \u0434\u043b\u044f \u043d\u0430\u043d\u0435\u0441\u0435\u043d\u0438\u044f: \u0433\u0438\u043f\u0441\u043e\u0432\u044b\u0445 \u0448\u0442\u0443\u043a\u0430\u0442\u0443\u0440\u043e\u043a, \u043c\u0430\u0448\u0438\u043d\u043d\u044b\u0445 \u0448\u0442\u0443\u043a\u0430\u0442\u0443\u0440\u043e\u043a (\u043d\u0430\u043f\u0440\u0438\u043c\u0435\u0440, KNAUF MP75), \u043c\u0438\u043d\u0435\u0440\u0430\u043b\u044c\u043d\u044b\u0445 \u0448\u0442\u0443\u043a\u0430\u0442\u0443\u0440\u043e\u043a, \u0441\u0442\u0440\u0443\u043a\u0442\u0443\u0440\u043d\u044b\u0445 \u0448\u0442\u0443\u043a\u0430\u0442\u0443\u0440\u043e\u043a, \u0430\u043a\u0440\u0438\u043b\u043e\u0432\u044b\u0445 \u0448\u0442\u0443\u043a\u0430\u0442\u0443\u0440\u043e\u043a, \u0441\u0438\u043b\u0438\u043a\u043e\u043d\u043e\u0432\u044b\u0445 \u0448\u0442\u0443\u043a\u0430\u0442\u0443\u0440\u043e\u043a, \u0442.\u043d. \u00ab\u0431\u0430\u0440\u0430\u0448\u043a\u0438\u00bb, \u043a\u043b\u0435\u0438 \u0434\u043b\u044f \u0443\u0442\u0435\u043f\u043b\u0435\u043d\u0438\u044f, \u0433\u0438\u043f\u0441\u043e\u0432\u044b\u0435 \u0448\u0442\u0443\u043a\u0430\u0442\u0443\u0440\u043a\u0438, \u043d\u0430\u043f\u044b\u043b\u044f\u0435\u043c\u044b\u0435 \u043e\u0431\u043e\u0438, \u043e\u0433\u043d\u0435\u0437\u0430\u0449\u0438\u0442\u0430<\/li>\n<li style=\"text-align: left;\">\u0411\u0430\u043a: 18 \u043b (\u0434\u043e 30 \u043a\u0433 \u0432\u0435\u0441\u0430)<\/li>\n<li style=\"text-align: left;\">\u041d\u0430\u0431\u043e\u0440 \u043d\u0430\u0441\u0430\u0434\u043e\u043a: 4, 6, 8 \u043c\u043c<\/li>\n<li style=\"text-align: left;\">\u0420\u0430\u0431\u043e\u0447\u0435\u0435 \u0434\u0430\u0432\u043b\u0435\u043d\u0438\u0435: 4,9 \u0431\u0430\u0440<\/li>\n<li style=\"text-align: left;\">\u0420\u0435\u0433\u0443\u043b\u0438\u0440\u043e\u0432\u043a\u0430 \u0434\u0430\u0432\u043b\u0435\u043d\u0438\u044f: \u0434\u0430<\/li>\n<li style=\"text-align: left;\">\u0410\u0440\u043c\u0438\u0440\u043e\u0432\u0430\u043d\u043d\u044b\u0439 \u0448\u043b\u0430\u043d\u0433 25 \u043c\u043c: 5 \u043c<\/li>\n<li style=\"text-align: left;\">\u0410\u0440\u043c\u0438\u0440\u043e\u0432\u0430\u043d\u043d\u044b\u0439 \u0448\u043b\u0430\u043d\u0433 \u0434\u043b\u044f \u043f\u043e\u0434\u0430\u0447\u0438 \u0432\u043e\u0437\u0434\u0443\u0445\u0430 \u043a \u043f\u0438\u0441\u0442\u043e\u043b\u0435\u0442\u0430\u043c: 5 \u043c<\/li>\n<li style=\"text-align: left;\" class=\"translation-block\">\u0414\u043e\u0441\u0442\u0430\u0432\u043a\u0430: 40 z\u0142 netto<\/li>\n<li style=\"text-align: left;\"><strong><span style=\"color: #ff6600;\">\u0417\u0430\u043b\u043e\u0433 500 z\u0142<\/span><\/strong><\/li>\n<\/ul>","protected":false},"featured_media":29887,"template":"","meta":{"_monsterinsights_skip_tracking":false,"_monsterinsights_sitenote_active":false,"_monsterinsights_sitenote_note":"","_monsterinsights_sitenote_category":0},"product_brand":[],"product_cat":[170,123],"product_tag":[],"class_list":{"0":"post-29886","1":"product","2":"type-product","3":"status-publish","4":"has-post-thumbnail","6":"product_cat-agregaty-tynkarskie","7":"product_cat-obrobka-betonu-gladzi-glazury","9":"first","10":"instock","11":"taxable","12":"shipping-taxable","13":"purchasable","14":"product-type-simple"},"_links":{"self":[{"href":"https:\/\/coolrent.pl\/ru\/wp-json\/wp\/v2\/product\/29886","targetHints":{"allow":["GET"]}}],"collection":[{"href":"https:\/\/coolrent.pl\/ru\/wp-json\/wp\/v2\/product"}],"about":[{"href":"https:\/\/coolrent.pl\/ru\/wp-json\/wp\/v2\/types\/product"}],"version-history":[{"count":4,"href":"https:\/\/coolrent.pl\/ru\/wp-json\/wp\/v2\/product\/29886\/revisions"}],"predecessor-version":[{"id":30353,"href":"https:\/\/coolrent.pl\/ru\/wp-json\/wp\/v2\/product\/29886\/revisions\/30353"}],"wp:featuredmedia":[{"embeddable":true,"href":"https:\/\/coolrent.pl\/ru\/wp-json\/wp\/v2\/media\/29887"}],"wp:attachment":[{"href":"https:\/\/coolrent.pl\/ru\/wp-json\/wp\/v2\/media?parent=29886"}],"wp:term":[{"taxonomy":"product_brand","embeddable":true,"href":"https:\/\/coolrent.pl\/ru\/wp-json\/wp\/v2\/product_brand?post=29886"},{"taxonomy":"product_cat","embeddable":true,"href":"https:\/\/coolrent.pl\/ru\/wp-json\/wp\/v2\/product_cat?post=29886"},{"taxonomy":"product_tag","embeddable":true,"href":"https:\/\/coolrent.pl\/ru\/wp-json\/wp\/v2\/product_tag?post=29886"}],"curies":[{"name":"wp","href":"https:\/\/api.w.org\/{rel}","templated":true}]}}