{"id":29899,"date":"2024-11-25T16:16:42","date_gmt":"2024-11-25T16:16:42","guid":{"rendered":"https:\/\/coolrent.pl\/?post_type=product&#038;p=29899"},"modified":"2026-03-08T20:38:21","modified_gmt":"2026-03-08T20:38:21","slug":"bestcraft-gwintownica-elektryczna-do-rur","status":"publish","type":"product","link":"https:\/\/coolrent.pl\/ru\/bestcraft-gwintownica-elektryczna-do-rur\/","title":{"rendered":"\u042d\u043b\u0435\u043a\u0442\u0440\u0438\u0447\u0435\u0441\u043a\u0430\u044f \u0440\u0435\u0437\u044c\u0431\u043e\u043d\u0430\u0440\u0435\u0437\u043d\u0430\u044f \u043c\u0430\u0448\u0438\u043d\u0430 \u0434\u043b\u044f \u0442\u0440\u0443\u0431 BESTCRAFT"},"content":{"rendered":"<p class=\"\" data-start=\"0\" data-end=\"335\">\u042d\u043b\u0435\u043a\u0442\u0440\u0438\u0447\u0435\u0441\u043a\u0430\u044f \u0440\u0435\u0437\u044c\u0431\u043e\u043d\u0430\u0440\u0435\u0437\u043d\u0430\u044f \u043c\u0430\u0448\u0438\u043d\u0430 \u0434\u043b\u044f \u0442\u0440\u0443\u0431 BESTCRAFT \u0432 \u0430\u0440\u0435\u043d\u0434\u0443 \u2014 \u044d\u0442\u043e \u043e\u0442\u043b\u0438\u0447\u043d\u044b\u0439 \u0432\u044b\u0431\u043e\u0440 \u043a\u0430\u043a \u0434\u043b\u044f \u043f\u0440\u043e\u0444\u0435\u0441\u0441\u0438\u043e\u043d\u0430\u043b\u043e\u0432, \u0442\u0430\u043a \u0438 \u0434\u043b\u044f \u0434\u043e\u043c\u0430\u0448\u043d\u0438\u0445 \u043c\u0430\u0441\u0442\u0435\u0440\u043e\u0432, \u043a\u043e\u0442\u043e\u0440\u044b\u043c \u043d\u0443\u0436\u043d\u043e \u043d\u0430\u0434\u0451\u0436\u043d\u043e\u0435 \u043e\u0431\u043e\u0440\u0443\u0434\u043e\u0432\u0430\u043d\u0438\u0435 \u0434\u043b\u044f \u0442\u043e\u0447\u043d\u043e\u0439 \u043d\u0430\u0440\u0435\u0437\u043a\u0438 \u0440\u0435\u0437\u044c\u0431\u044b \u043d\u0430 \u0442\u0440\u0443\u0431\u0430\u0445 \u0431\u0435\u0437 \u043d\u0435\u043e\u0431\u0445\u043e\u0434\u0438\u043c\u043e\u0441\u0442\u0438 \u043f\u0440\u0438\u043e\u0431\u0440\u0435\u0442\u0435\u043d\u0438\u044f \u0434\u043e\u0440\u043e\u0433\u043e\u0441\u0442\u043e\u044f\u0449\u0435\u0433\u043e \u0438\u043d\u0441\u0442\u0440\u0443\u043c\u0435\u043d\u0442\u0430. \u0410\u0440\u0435\u043d\u0434\u0430 \u2014 \u044d\u0442\u043e \u044d\u043a\u043e\u043d\u043e\u043c\u0438\u044f \u0432\u0440\u0435\u043c\u0435\u043d\u0438 \u0438 \u0434\u0435\u043d\u0435\u0433: \u0432\u044b \u043f\u043b\u0430\u0442\u0438\u0442\u0435 \u0442\u043e\u043b\u044c\u043a\u043e \u0442\u043e\u0433\u0434\u0430, \u043a\u043e\u0433\u0434\u0430 \u0434\u0435\u0439\u0441\u0442\u0432\u0438\u0442\u0435\u043b\u044c\u043d\u043e \u043f\u043e\u043b\u044c\u0437\u0443\u0435\u0442\u0435\u0441\u044c!<\/p>\n<p class=\"\" data-start=\"337\" data-end=\"646\">\u041c\u043e\u0434\u0435\u043b\u044c BESTCRAFT \u043e\u0441\u043d\u0430\u0449\u0435\u043d\u0430 \u043c\u043e\u0449\u043d\u044b\u043c \u0438 \u043f\u0440\u043e\u0438\u0437\u0432\u043e\u0434\u0438\u0442\u0435\u043b\u044c\u043d\u044b\u043c \u044d\u043b\u0435\u043a\u0442\u0440\u0438\u0447\u0435\u0441\u043a\u0438\u043c \u0434\u0432\u0438\u0433\u0430\u0442\u0435\u043b\u0435\u043c, \u043e\u0431\u0435\u0441\u043f\u0435\u0447\u0438\u0432\u0430\u044e\u0449\u0438\u043c \u0441\u0442\u0430\u0431\u0438\u043b\u044c\u043d\u0443\u044e \u0438 \u0431\u0435\u0441\u043f\u0435\u0440\u0435\u0431\u043e\u0439\u043d\u0443\u044e \u0440\u0430\u0431\u043e\u0442\u0443 \u0434\u0430\u0436\u0435 \u043f\u0440\u0438 \u0438\u043d\u0442\u0435\u043d\u0441\u0438\u0432\u043d\u043e\u0439 \u044d\u043a\u0441\u043f\u043b\u0443\u0430\u0442\u0430\u0446\u0438\u0438. \u042d\u0440\u0433\u043e\u043d\u043e\u043c\u0438\u0447\u043d\u0430\u044f \u043a\u043e\u043d\u0441\u0442\u0440\u0443\u043a\u0446\u0438\u044f \u0438 \u043f\u0440\u043e\u0442\u0438\u0432\u043e\u0441\u043a\u043e\u043b\u044c\u0437\u044f\u0449\u0438\u0435 \u0440\u0443\u043a\u043e\u044f\u0442\u043a\u0438 \u0433\u0430\u0440\u0430\u043d\u0442\u0438\u0440\u0443\u044e\u0442 \u043a\u043e\u043c\u0444\u043e\u0440\u0442 \u0438 \u0431\u0435\u0437\u043e\u043f\u0430\u0441\u043d\u043e\u0441\u0442\u044c \u043f\u0440\u0438 \u0438\u0441\u043f\u043e\u043b\u044c\u0437\u043e\u0432\u0430\u043d\u0438\u0438, \u0434\u0430\u0436\u0435 \u0432\u043e \u0432\u0440\u0435\u043c\u044f \u043f\u0440\u043e\u0434\u043e\u043b\u0436\u0438\u0442\u0435\u043b\u044c\u043d\u044b\u0445 \u0440\u0430\u0431\u043e\u0442.<\/p>\n<p class=\"\" data-start=\"648\" data-end=\"976\">\u042d\u043b\u0435\u043a\u0442\u0440\u0438\u0447\u0435\u0441\u043a\u0430\u044f \u0440\u0435\u0437\u044c\u0431\u043e\u043d\u0430\u0440\u0435\u0437\u043d\u0430\u044f \u043c\u0430\u0448\u0438\u043d\u0430 \u0434\u043b\u044f \u0442\u0440\u0443\u0431 BESTCRAFT \u0432 \u0430\u0440\u0435\u043d\u0434\u0443 \u0438\u0434\u0435\u0430\u043b\u044c\u043d\u043e \u043f\u043e\u0434\u0445\u043e\u0434\u0438\u0442 \u0434\u043b\u044f \u043c\u043e\u043d\u0442\u0430\u0436\u043d\u044b\u0445 \u0440\u0430\u0431\u043e\u0442 \u2014 \u0442\u0430\u043a\u0438\u0445 \u043a\u0430\u043a \u0443\u0441\u0442\u0430\u043d\u043e\u0432\u043a\u0430 \u0432\u043e\u0434\u043e\u043f\u0440\u043e\u0432\u043e\u0434\u043d\u044b\u0445, \u043a\u0430\u043d\u0430\u043b\u0438\u0437\u0430\u0446\u0438\u043e\u043d\u043d\u044b\u0445, \u0433\u0430\u0437\u043e\u0432\u044b\u0445 \u0441\u0438\u0441\u0442\u0435\u043c \u0438 \u0441\u0438\u0441\u0442\u0435\u043c \u043e\u0442\u043e\u043f\u043b\u0435\u043d\u0438\u044f. \u0411\u043b\u0430\u0433\u043e\u0434\u0430\u0440\u044f \u0432\u043e\u0437\u043c\u043e\u0436\u043d\u043e\u0441\u0442\u0438 \u0440\u0430\u0431\u043e\u0442\u044b \u0441 \u0442\u0440\u0443\u0431\u0430\u043c\u0438 \u0440\u0430\u0437\u043d\u044b\u0445 \u0434\u0438\u0430\u043c\u0435\u0442\u0440\u043e\u0432, \u044d\u0442\u043e\u0442 \u0438\u043d\u0441\u0442\u0440\u0443\u043c\u0435\u043d\u0442 \u0443\u043d\u0438\u0432\u0435\u0440\u0441\u0430\u043b\u0435\u043d \u0438 \u043f\u0440\u0430\u043a\u0442\u0438\u0447\u0435\u043d \u0432 \u043b\u044e\u0431\u044b\u0445 \u0443\u0441\u043b\u043e\u0432\u0438\u044f\u0445.<\/p>\n<p class=\"\" data-start=\"978\" data-end=\"1026\">\u041f\u0440\u0435\u0438\u043c\u0443\u0449\u0435\u0441\u0442\u0432\u0430 \u0430\u0440\u0435\u043d\u0434\u044b \u0440\u0435\u0437\u044c\u0431\u043e\u043d\u0430\u0440\u0435\u0437\u043d\u043e\u0439 \u043c\u0430\u0448\u0438\u043d\u044b BESTCRAFT \u0432 CoolRent:<\/p>\n<ul>\n<li data-start=\"1028\" data-end=\"1293\">\u041d\u0435\u0442 \u0437\u0430\u0442\u0440\u0430\u0442 \u043d\u0430 \u043f\u043e\u043a\u0443\u043f\u043a\u0443 \u0438 \u043e\u0431\u0441\u043b\u0443\u0436\u0438\u0432\u0430\u043d\u0438\u0435<\/li>\n<li data-start=\"1028\" data-end=\"1293\">\u0411\u0435\u0437 \u0437\u0430\u043b\u043e\u0433\u0430 \u0438 \u0441 \u043f\u0440\u043e\u0437\u0440\u0430\u0447\u043d\u044b\u043c\u0438 \u0443\u0441\u043b\u043e\u0432\u0438\u044f\u043c\u0438 \u0430\u0440\u0435\u043d\u0434\u044b<\/li>\n<li data-start=\"1028\" data-end=\"1293\">\u0413\u0438\u0431\u043a\u0438\u0435 \u0441\u0440\u043e\u043a\u0438 \u2014 \u0430\u0440\u0435\u043d\u0434\u0430 \u043d\u0430 \u0447\u0430\u0441\u044b, \u0434\u043d\u0438 \u0438\u043b\u0438 \u043d\u0435\u0434\u0435\u043b\u0438<\/li>\n<li data-start=\"1028\" data-end=\"1293\">\u041f\u0440\u043e\u0444\u0435\u0441\u0441\u0438\u043e\u043d\u0430\u043b\u044c\u043d\u0430\u044f \u043a\u043e\u043d\u0441\u0443\u043b\u044c\u0442\u0430\u0446\u0438\u044f \u0438 \u043f\u043e\u043c\u043e\u0449\u044c \u0432 \u043f\u043e\u0434\u0431\u043e\u0440\u0435 \u043e\u0431\u043e\u0440\u0443\u0434\u043e\u0432\u0430\u043d\u0438\u044f<\/li>\n<li data-start=\"1028\" data-end=\"1293\">Lokalizacja \u2013 Warszawa, Bia\u0142o\u0142\u0119ka \u2013 szybki odbi\u00f3r osobisty lub dostawa<\/li>\n<\/ul>\n<p class=\"\" data-start=\"1295\" data-end=\"1451\">\u041d\u0435 \u043f\u0435\u0440\u0435\u043f\u043b\u0430\u0447\u0438\u0432\u0430\u0439\u0442\u0435 \u0437\u0430 \u0438\u043d\u0441\u0442\u0440\u0443\u043c\u0435\u043d\u0442, \u043a\u043e\u0442\u043e\u0440\u044b\u0439 \u0438\u0441\u043f\u043e\u043b\u044c\u0437\u0443\u0435\u0442\u0435 \u043b\u0438\u0448\u044c \u0432\u0440\u0435\u043c\u044f \u043e\u0442 \u0432\u0440\u0435\u043c\u0435\u043d\u0438 \u2014 \u0432\u044b\u0431\u0435\u0440\u0438\u0442\u0435 \u043f\u0440\u043e\u0432\u0435\u0440\u0435\u043d\u043d\u043e\u0435 \u0440\u0435\u0448\u0435\u043d\u0438\u0435 \u0438 \u0432\u043e\u0441\u043f\u043e\u043b\u044c\u0437\u0443\u0439\u0442\u0435\u0441\u044c \u0430\u0440\u0435\u043d\u0434\u043e\u0439 \u044d\u043b\u0435\u043a\u0442\u0440\u0438\u0447\u0435\u0441\u043a\u043e\u0439 \u0440\u0435\u0437\u044c\u0431\u043e\u043d\u0430\u0440\u0435\u0437\u043d\u043e\u0439 \u043c\u0430\u0448\u0438\u043d\u044b BESTCRAFT \u0432 CoolRent!<\/p>","protected":false},"excerpt":{"rendered":"<ul>\n<li style=\"text-align: left;\">\u041c\u043e\u0449\u043d\u043e\u0441\u0442\u044c: 1800 \u0412\u0442<\/li>\n<li style=\"text-align: left;\">\u041d\u0430\u043f\u0440\u044f\u0436\u0435\u043d\u0438\u0435 230 \u0412<\/li>\n<li style=\"text-align: left;\">\u0427\u0430\u0441\u0442\u043e\u0442\u0430: 50 \u0413\u0446<\/li>\n<li style=\"text-align: left;\">\u0410\u0434\u0430\u043f\u0442\u0435\u0440\u044b: 1\/2\", 3\/4\", 1\", 1-1\/4\", 1-1\/2\", 2\"<\/li>\n<li style=\"text-align: left;\">\u0421\u043a\u043e\u0440\u043e\u0441\u0442\u044c \u0445\u043e\u043b\u043e\u0441\u0442\u043e\u0433\u043e \u0445\u043e\u0434\u0430: 28\/\u043c\u0438\u043d<\/li>\n<li style=\"text-align: left;\">\u041d\u0430\u0440\u0435\u0437\u0430\u043d\u0438\u0435 \u0440\u0435\u0437\u044c\u0431\u044b: 20,9\u201359,6 \u043c\u043c<\/li>\n<li style=\"text-align: left;\">\u0412\u0435\u0441: 18 \u043a\u0433<\/li>\n<li style=\"text-align: left;\" class=\"translation-block\">\u0414\u043e\u0441\u0442\u0430\u0432\u043a\u0430: <strong>20 z\u0142 netto<\/strong><\/li>\n<\/ul>","protected":false},"featured_media":29900,"template":"","meta":{"_monsterinsights_skip_tracking":false,"_monsterinsights_sitenote_active":false,"_monsterinsights_sitenote_note":"","_monsterinsights_sitenote_category":0},"product_brand":[],"product_cat":[112,173],"product_tag":[],"class_list":{"0":"post-29899","1":"product","2":"type-product","3":"status-publish","4":"has-post-thumbnail","6":"product_cat-obrobka-metalu-i-rur","7":"product_cat-gwintownice","9":"first","10":"instock","11":"taxable","12":"shipping-taxable","13":"purchasable","14":"product-type-simple"},"_links":{"self":[{"href":"https:\/\/coolrent.pl\/ru\/wp-json\/wp\/v2\/product\/29899","targetHints":{"allow":["GET"]}}],"collection":[{"href":"https:\/\/coolrent.pl\/ru\/wp-json\/wp\/v2\/product"}],"about":[{"href":"https:\/\/coolrent.pl\/ru\/wp-json\/wp\/v2\/types\/product"}],"version-history":[{"count":4,"href":"https:\/\/coolrent.pl\/ru\/wp-json\/wp\/v2\/product\/29899\/revisions"}],"predecessor-version":[{"id":30151,"href":"https:\/\/coolrent.pl\/ru\/wp-json\/wp\/v2\/product\/29899\/revisions\/30151"}],"wp:featuredmedia":[{"embeddable":true,"href":"https:\/\/coolrent.pl\/ru\/wp-json\/wp\/v2\/media\/29900"}],"wp:attachment":[{"href":"https:\/\/coolrent.pl\/ru\/wp-json\/wp\/v2\/media?parent=29899"}],"wp:term":[{"taxonomy":"product_brand","embeddable":true,"href":"https:\/\/coolrent.pl\/ru\/wp-json\/wp\/v2\/product_brand?post=29899"},{"taxonomy":"product_cat","embeddable":true,"href":"https:\/\/coolrent.pl\/ru\/wp-json\/wp\/v2\/product_cat?post=29899"},{"taxonomy":"product_tag","embeddable":true,"href":"https:\/\/coolrent.pl\/ru\/wp-json\/wp\/v2\/product_tag?post=29899"}],"curies":[{"name":"wp","href":"https:\/\/api.w.org\/{rel}","templated":true}]}}