{"id":29905,"date":"2024-11-25T16:30:20","date_gmt":"2024-11-25T16:30:20","guid":{"rendered":"https:\/\/coolrent.pl\/?post_type=product&#038;p=29905"},"modified":"2025-06-04T09:40:47","modified_gmt":"2025-06-04T09:40:47","slug":"hilda-niwelator-laserowy-poziomica-4d","status":"publish","type":"product","link":"https:\/\/coolrent.pl\/ru\/hilda-niwelator-laserowy-poziomica-4d\/","title":{"rendered":"HILDA \u043d\u0438\u0432\u0435\u043b\u0438\u0440 \u043b\u0430\u0437\u0435\u0440\u043d\u044b\u0439, \u0443\u0440\u043e\u0432\u0435\u043d\u044c 4D"},"content":{"rendered":"<p>HILDA Niwelator laserowy krzy\u017cowy 4D to nowoczesne narz\u0119dzie przeznaczone do precyzyjnego poziomowania i wyznaczania linii podczas prac budowlanych i remontowych. Emituje wyra\u017ane linie laserowe w czterech p\u0142aszczyznach, co umo\u017cliwia \u0142atwe wykonywanie skomplikowanych zada\u0144 zwi\u0105zanych z poziomowaniem i monta\u017cem. Dzi\u0119ki funkcji samopoziomowania i mo\u017cliwo\u015bci blokady wahad\u0142a, niwelator zapewnia wysok\u0105 dok\u0142adno\u015b\u0107 i wygod\u0119 u\u017cytkowania. Kompaktowa i solidna konstrukcja sprawia, \u017ce jest idealnym wyborem zar\u00f3wno dla profesjonalist\u00f3w, jak i majsterkowicz\u00f3w, gwarantuj\u0105c niezawodne wyniki w ka\u017cdych warunkach.<\/p>","protected":false},"excerpt":{"rendered":"<ul>\n<li style=\"text-align: left;\">\u0414\u0438\u043e\u0434: 532 \u043d\u043c<\/li>\n<li style=\"text-align: left;\">\u0420\u0430\u0434\u0438\u0443\u0441: 360\u00b0 x 4 16 (4D)<\/li>\n<li style=\"text-align: left;\">\u0412\u0435\u0440\u0442\u0438\u043a\u0430\u043b\u044c\u043d\u0430\u044f\/\u0433\u043e\u0440\u0438\u0437\u043e\u043d\u0442\u0430\u043b\u044c\u043d\u0430\u044f \u0442\u043e\u0447\u043d\u043e\u0441\u0442\u044c: 0,2 \u043c\u043c<\/li>\n<li style=\"text-align: left;\">\u0414\u0438\u0430\u043f\u0430\u0437\u043e\u043d \u0441\u0430\u043c\u043e\u0432\u044b\u0440\u0430\u0432\u043d\u0438\u0432\u0430\u043d\u0438\u044f: +\/- 3\u00b0<\/li>\n<li style=\"text-align: left;\">\u0412\u0440\u0435\u043c\u044f \u0432\u044b\u0440\u0430\u0432\u043d\u0438\u0432\u0430\u043d\u0438\u044f: 4 \u0441<\/li>\n<li style=\"text-align: left;\">\u0412\u043e\u0434\u043e\u043d\u0435\u043f\u0440\u043e\u043d\u0438\u0446\u0430\u0435\u043c\u044b\u0439: IP54<\/li>\n<li style=\"text-align: left;\">\u0420\u0430\u0431\u043e\u0447\u0438\u0439 \u0434\u0438\u0430\u043f\u0430\u0437\u043e\u043d: \u0434\u043e 30 \u043c<\/li>\n<li style=\"text-align: left;\">\u0412\u0440\u0435\u043c\u044f \u0440\u0430\u0431\u043e\u0442\u044b: 8 - 16 \u0447\u0430\u0441\u043e\u0432 \u043d\u0430 1 \u0430\u043a\u043a\u0443\u043c.<\/li>\n<li style=\"text-align: left;\">\u0422\u0438\u043f \u0434\u0435\u043c\u043f\u0444\u0438\u0440\u043e\u0432\u0430\u043d\u0438\u044f: \u043c\u0430\u0433\u043d\u0438\u0442\u043d\u044b\u0439<\/li>\n<li style=\"text-align: left;\">\u0412\u0435\u0441: 570 \u0433<\/li>\n<li style=\"text-align: left;\" class=\"translation-block\">\u0414\u043e\u0441\u0442\u0430\u0432\u043a\u0430: <strong>20 z\u0142 netto<\/strong><\/li>\n<\/ul>","protected":false},"featured_media":29908,"template":"","meta":{"_monsterinsights_skip_tracking":false,"_monsterinsights_sitenote_active":false,"_monsterinsights_sitenote_note":"","_monsterinsights_sitenote_category":0},"product_brand":[],"product_cat":[172,100,20],"product_tag":[],"class_list":{"0":"post-29905","1":"product","2":"type-product","3":"status-publish","4":"has-post-thumbnail","6":"product_cat-niwelatory","7":"product_cat-narzedzia-pomiarowe","8":"product_cat-akcesoria","10":"first","11":"instock","12":"taxable","13":"shipping-taxable","14":"purchasable","15":"product-type-simple"},"_links":{"self":[{"href":"https:\/\/coolrent.pl\/ru\/wp-json\/wp\/v2\/product\/29905","targetHints":{"allow":["GET"]}}],"collection":[{"href":"https:\/\/coolrent.pl\/ru\/wp-json\/wp\/v2\/product"}],"about":[{"href":"https:\/\/coolrent.pl\/ru\/wp-json\/wp\/v2\/types\/product"}],"version-history":[{"count":2,"href":"https:\/\/coolrent.pl\/ru\/wp-json\/wp\/v2\/product\/29905\/revisions"}],"predecessor-version":[{"id":29907,"href":"https:\/\/coolrent.pl\/ru\/wp-json\/wp\/v2\/product\/29905\/revisions\/29907"}],"wp:featuredmedia":[{"embeddable":true,"href":"https:\/\/coolrent.pl\/ru\/wp-json\/wp\/v2\/media\/29908"}],"wp:attachment":[{"href":"https:\/\/coolrent.pl\/ru\/wp-json\/wp\/v2\/media?parent=29905"}],"wp:term":[{"taxonomy":"product_brand","embeddable":true,"href":"https:\/\/coolrent.pl\/ru\/wp-json\/wp\/v2\/product_brand?post=29905"},{"taxonomy":"product_cat","embeddable":true,"href":"https:\/\/coolrent.pl\/ru\/wp-json\/wp\/v2\/product_cat?post=29905"},{"taxonomy":"product_tag","embeddable":true,"href":"https:\/\/coolrent.pl\/ru\/wp-json\/wp\/v2\/product_tag?post=29905"}],"curies":[{"name":"wp","href":"https:\/\/api.w.org\/{rel}","templated":true}]}}