{"id":30097,"date":"2025-03-23T15:03:20","date_gmt":"2025-03-23T15:03:20","guid":{"rendered":"https:\/\/coolrent.pl\/?post_type=product&#038;p=30097"},"modified":"2025-09-11T15:02:33","modified_gmt":"2025-09-11T15:02:33","slug":"walec-ogrodowy-aerator-50-cm-powermat","status":"publish","type":"product","link":"https:\/\/coolrent.pl\/ru\/walec-ogrodowy-aerator-50-cm-powermat\/","title":{"rendered":"\u041a\u0430\u0442\u043e\u043a \u0441\u0430\u0434\u043e\u0432\u044b\u0439 + \u0430\u044d\u0440\u0430\u0442\u043e\u0440 50 cm POWERMAT"},"content":{"rendered":"<h2 data-start=\"135\" data-end=\"208\">\u041a\u0430\u0442\u043e\u043a \u0441\u0430\u0434\u043e\u0432\u044b\u0439 + \u0430\u044d\u0440\u0430\u0442\u043e\u0440 50 cm POWERMAT \u2013 \u0430\u0440\u0435\u043d\u0434\u0430 \u0432 \u0412\u0430\u0440\u0448\u0430\u0432\u0435 (Bia\u0142o\u0142\u0119ka)<\/h2>\n<p data-start=\"210\" data-end=\"557\" class=\"translation-block\">\u0412 CoolRent \u0412\u0430\u0440\u0448\u0430\u0432\u0430 (Bia\u0142o\u0142\u0119ka) \u043c\u044b \u043f\u0440\u0435\u0434\u043b\u0430\u0433\u0430\u0435\u043c \u0430\u0440\u0435\u043d\u0434\u0443 \u0432\u0430\u043b\u0438\u043a\u0430 \u0434\u043b\u044f \u0433\u0430\u0437\u043e\u043d\u0430 \u2014 \u043d\u0430\u0434\u0451\u0436\u043d\u043e\u0433\u043e \u0438\u043d\u0441\u0442\u0440\u0443\u043c\u0435\u043d\u0442\u0430 \u0434\u043b\u044f \u0443\u0445\u043e\u0434\u0430 \u0437\u0430 \u0433\u0430\u0437\u043e\u043d\u0430\u043c\u0438 \u0438 \u043f\u0440\u0438\u0434\u0430\u043d\u0438\u044f \u0438\u043c \u0440\u043e\u0432\u043d\u043e\u0439, \u0443\u0445\u043e\u0436\u0435\u043d\u043d\u043e\u0439 \u043f\u043e\u0432\u0435\u0440\u0445\u043d\u043e\u0441\u0442\u0438. \u0412\u0430\u043b\u0438\u043a \u0438\u0434\u0435\u0430\u043b\u044c\u043d\u043e \u043f\u043e\u0434\u0445\u043e\u0434\u0438\u0442 \u043a\u0430\u043a \u0434\u043b\u044f \u0447\u0430\u0441\u0442\u043d\u044b\u0445 \u0443\u0447\u0430\u0441\u0442\u043a\u043e\u0432, \u0442\u0430\u043a \u0438 \u0434\u043b\u044f \u043e\u0431\u0449\u0435\u0441\u0442\u0432\u0435\u043d\u043d\u044b\u0445 \u0442\u0435\u0440\u0440\u0438\u0442\u043e\u0440\u0438\u0439, \u043e\u0431\u0435\u0441\u043f\u0435\u0447\u0438\u0432\u0430\u044f \u044d\u0444\u0444\u0435\u043a\u0442\u0438\u0432\u043d\u044b\u0439 \u0443\u0445\u043e\u0434 \u0437\u0430 \u0433\u0430\u0437\u043e\u043d\u043e\u043c.<\/p>\n<hr data-start=\"559\" data-end=\"562\" \/>\n<h3 data-start=\"564\" data-end=\"618\">\u041f\u043e\u0447\u0435\u043c\u0443 \u0441\u0442\u043e\u0438\u0442 \u0430\u0440\u0435\u043d\u0434\u043e\u0432\u0430\u0442\u044c \u043a\u0430\u0442\u043e\u043a \u0441 \u0430\u044d\u0440\u0430\u0442\u043e\u0440\u043e\u043c POWERMAT?<\/h3>\n<p data-start=\"620\" data-end=\"733\">\u0412\u0430\u043b\u0438\u043a \u043e\u0442\u043b\u0438\u0447\u0430\u0435\u0442\u0441\u044f \u043f\u0440\u043e\u0447\u043d\u043e\u0439 \u043a\u043e\u043d\u0441\u0442\u0440\u0443\u043a\u0446\u0438\u0435\u0439 \u0438 \u044d\u0440\u0433\u043e\u043d\u043e\u043c\u0438\u0447\u043d\u044b\u043c \u0434\u0438\u0437\u0430\u0439\u043d\u043e\u043c:<\/p>\n<ul data-start=\"734\" data-end=\"1076\">\n<li data-start=\"734\" data-end=\"797\">\n<p data-start=\"736\" data-end=\"797\">\u0423\u043f\u043b\u043e\u0442\u043d\u0435\u043d\u0438\u0435 \u043f\u043e\u0447\u0432\u044b \u0438 \u0443\u043b\u0443\u0447\u0448\u0435\u043d\u0438\u0435 \u043a\u043e\u043d\u0442\u0430\u043a\u0442\u0430 \u0441\u0435\u043c\u044f\u043d \u0441 \u0437\u0435\u043c\u043b\u0451\u0439 \u0434\u043b\u044f \u0440\u0430\u0432\u043d\u043e\u043c\u0435\u0440\u043d\u043e\u0433\u043e \u0440\u043e\u0441\u0442\u0430 \u0442\u0440\u0430\u0432\u044b<\/p>\n<\/li>\n<li data-start=\"798\" data-end=\"859\">\n<p data-start=\"800\" data-end=\"859\">\u041f\u0440\u043e\u0441\u0442\u043e\u0442\u0430 \u0438 \u043a\u043e\u043c\u0444\u043e\u0440\u0442 \u0438\u0441\u043f\u043e\u043b\u044c\u0437\u043e\u0432\u0430\u043d\u0438\u044f \u0431\u043b\u0430\u0433\u043e\u0434\u0430\u0440\u044f \u0443\u0434\u043e\u0431\u043d\u043e\u0439 \u0440\u0443\u0447\u043a\u0435<\/p>\n<\/li>\n<li data-start=\"860\" data-end=\"920\">\n<p data-start=\"862\" data-end=\"920\">\u041f\u043e\u0434\u0445\u043e\u0434\u0438\u0442 \u0434\u043b\u044f \u0447\u0430\u0441\u0442\u043d\u044b\u0445 \u0441\u0430\u0434\u043e\u0432 \u0438 \u043e\u0431\u0449\u0435\u0441\u0442\u0432\u0435\u043d\u043d\u044b\u0445 \u0433\u0430\u0437\u043e\u043d\u043e\u0432<\/p>\n<\/li>\n<li data-start=\"921\" data-end=\"962\">\n<p data-start=\"923\" data-end=\"962\">\u041f\u0440\u043e\u0447\u043d\u0430\u044f \u043a\u043e\u043d\u0441\u0442\u0440\u0443\u043a\u0446\u0438\u044f \u0438 \u0443\u0434\u043e\u0431\u0441\u0442\u0432\u043e \u044d\u043a\u0441\u043f\u043b\u0443\u0430\u0442\u0430\u0446\u0438\u0438<\/p>\n<\/li>\n<li data-start=\"963\" data-end=\"1016\">\n<p data-start=\"965\" data-end=\"1016\">\u041c\u043e\u0431\u0438\u043b\u044c\u043d\u043e\u0435 \u043e\u0431\u043e\u0440\u0443\u0434\u043e\u0432\u0430\u043d\u0438\u0435, \u0443\u0434\u043e\u0431\u043d\u043e\u0435 \u0432 \u0442\u0440\u0430\u043d\u0441\u043f\u043e\u0440\u0442\u0438\u0440\u043e\u0432\u043a\u0435 \u0438 \u0438\u0441\u043f\u043e\u043b\u044c\u0437\u043e\u0432\u0430\u043d\u0438\u0438<\/p>\n<\/li>\n<li data-start=\"1017\" data-end=\"1076\">\n<p data-start=\"1019\" data-end=\"1076\">\u0413\u0438\u0431\u043a\u0438\u0435 \u0443\u0441\u043b\u043e\u0432\u0438\u044f \u0430\u0440\u0435\u043d\u0434\u044b \u2013 \u043d\u0430 \u0447\u0430\u0441\u044b, \u0434\u043d\u0438 \u0438\u043b\u0438 \u0431\u043e\u043b\u0435\u0435 \u0434\u043b\u0438\u0442\u0435\u043b\u044c\u043d\u044b\u0439 \u0441\u0440\u043e\u043a<\/p>\n<\/li>\n<\/ul>\n<hr data-start=\"1078\" data-end=\"1081\" \/>\n<h3 data-start=\"1083\" data-end=\"1135\">\u041a\u0430\u043a \u0440\u0430\u0431\u043e\u0442\u0430\u0435\u0442 \u0430\u0440\u0435\u043d\u0434\u0430 \u043a\u0430\u0442\u043a\u0430 \u0441 \u0430\u044d\u0440\u0430\u0442\u043e\u0440\u043e\u043c \u0432 CoolRent?<\/h3>\n<ol data-start=\"1137\" data-end=\"1337\">\n<li data-start=\"1137\" data-end=\"1204\">\n<p data-start=\"1140\" data-end=\"1204\">\u0421\u0432\u044f\u0436\u0438\u0442\u0435\u0441\u044c \u0441 \u043d\u0430\u043c\u0438 \u043f\u043e \u0442\u0435\u043b\u0435\u0444\u043e\u043d\u0443 \u0438\u043b\u0438 \u0447\u0435\u0440\u0435\u0437 \u0444\u043e\u0440\u043c\u0443 \u043d\u0430 \u0441\u0430\u0439\u0442\u0435<\/p>\n<\/li>\n<li data-start=\"1205\" data-end=\"1264\">\n<p data-start=\"1208\" data-end=\"1264\">\u0412\u044b\u0431\u0435\u0440\u0438\u0442\u0435 \u0432\u0430\u043b\u0438\u043a \u0434\u043b\u044f \u0433\u0430\u0437\u043e\u043d\u0430 \u0438 \u0441\u043e\u0433\u043b\u0430\u0441\u0443\u0439\u0442\u0435 \u0434\u0430\u0442\u0443 \u0430\u0440\u0435\u043d\u0434\u044b<\/p>\n<\/li>\n<li data-start=\"1265\" data-end=\"1337\">\n<p data-start=\"1268\" data-end=\"1337\">\u0417\u0430\u0431\u0435\u0440\u0438\u0442\u0435 \u043e\u0431\u043e\u0440\u0443\u0434\u043e\u0432\u0430\u043d\u0438\u0435 \u0432 \u0412\u0430\u0440\u0448\u0430\u0432\u0435 (Bia\u0142o\u0142\u0119ka) \u0438\u043b\u0438 \u0432\u043e\u0441\u043f\u043e\u043b\u044c\u0437\u0443\u0439\u0442\u0435\u0441\u044c \u0434\u043e\u0441\u0442\u0430\u0432\u043a\u043e\u0439<\/p>\n<\/li>\n<\/ol>\n<p data-start=\"1339\" data-end=\"1478\" class=\"translation-block\">\u0410\u0440\u0435\u043d\u0434\u0430 \u0432 CoolRent \u043f\u043e\u0437\u0432\u043e\u043b\u044f\u0435\u0442 \u0438\u0441\u043f\u043e\u043b\u044c\u0437\u043e\u0432\u0430\u0442\u044c \u043f\u0440\u043e\u0444\u0435\u0441\u0441\u0438\u043e\u043d\u0430\u043b\u044c\u043d\u043e\u0435 \u043e\u0431\u043e\u0440\u0443\u0434\u043e\u0432\u0430\u043d\u0438\u0435 \u0431\u0435\u0437 \u043f\u043e\u043a\u0443\u043f\u043a\u0438 \u2014 \u0432\u044b \u043f\u043b\u0430\u0442\u0438\u0442\u0435 \u0442\u043e\u043b\u044c\u043a\u043e \u0437\u0430 \u0444\u0430\u043a\u0442\u0438\u0447\u0435\u0441\u043a\u043e\u0435 \u0432\u0440\u0435\u043c\u044f \u0438\u0441\u043f\u043e\u043b\u044c\u0437\u043e\u0432\u0430\u043d\u0438\u044f.<\/p>\n<hr data-start=\"1480\" data-end=\"1483\" \/>\n<h3 data-start=\"1485\" data-end=\"1541\">CoolRent \u2013 \u043f\u0440\u043e\u043a\u0430\u0442 \u0438\u043d\u0441\u0442\u0440\u0443\u043c\u0435\u043d\u0442\u043e\u0432 \u0412\u0430\u0440\u0448\u0430\u0432\u0430 Bia\u0142o\u0142\u0119ka<\/h3>\n<p data-start=\"1543\" data-end=\"1769\" class=\"translation-block\">\u0412\u0430\u043b\u0438\u043a \u0434\u043b\u044f \u0433\u0430\u0437\u043e\u043d\u0430, \u0434\u043e\u0441\u0442\u0443\u043f\u043d\u044b\u0439 \u0432 CoolRent, \u2014 \u043f\u0440\u043e\u0432\u0435\u0440\u0435\u043d\u043d\u044b\u0439 \u0438\u043d\u0441\u0442\u0440\u0443\u043c\u0435\u043d\u0442, \u043a\u043e\u0442\u043e\u0440\u044b\u0439 \u043f\u043e\u0437\u0432\u043e\u043b\u044f\u0435\u0442 \u044d\u0444\u0444\u0435\u043a\u0442\u0438\u0432\u043d\u043e \u0443\u0445\u0430\u0436\u0438\u0432\u0430\u0442\u044c \u0437\u0430 \u0433\u0430\u0437\u043e\u043d\u043e\u043c. \u0410\u0440\u0435\u043d\u0434\u0430 \u0433\u0430\u0440\u0430\u043d\u0442\u0438\u0440\u0443\u0435\u0442 \u043d\u0430\u0434\u0451\u0436\u043d\u043e\u0435 \u043e\u0431\u043e\u0440\u0443\u0434\u043e\u0432\u0430\u043d\u0438\u0435, \u043f\u0440\u043e\u0444\u0435\u0441\u0441\u0438\u043e\u043d\u0430\u043b\u044c\u043d\u043e\u0435 \u043e\u0431\u0441\u043b\u0443\u0436\u0438\u0432\u0430\u043d\u0438\u0435 \u0438 \u043f\u0440\u0438\u0432\u043b\u0435\u043a\u0430\u0442\u0435\u043b\u044c\u043d\u044b\u0435 \u0446\u0435\u043d\u044b.<\/p>","protected":false},"excerpt":{"rendered":"<ul>\n<li>\u0415\u043c\u043a\u043e\u0441\u0442\u044c \u0431\u0430\u043a\u0430: 35 \u043b<\/li>\n<li>\u0412\u0435\u0441 \u0440\u0435\u0437\u0435\u0440\u0432\u0443\u0430\u0440\u0430 \u0434\u043b\u044f \u0432\u043e\u0434\u044b: 40 \u043a\u0433<\/li>\n<li>\u0428\u0438\u0440\u0438\u043d\u0430 \u0432\u0430\u043b\u0438\u043a\u0430: 50 \u0441\u043c<\/li>\n<li>\u0414\u0438\u0430\u043c\u0435\u0442\u0440 \u0446\u0438\u043b\u0438\u043d\u0434\u0440\u0430: 30 \u0441\u043c<\/li>\n<li>\u041a\u043e\u043b\u0438\u0447\u0435\u0441\u0442\u0432\u043e \u0448\u0438\u043f\u043e\u0432: 36<\/li>\n<li>\u0420\u0430\u0437\u043c\u0435\u0440\u044b (\u0414\u0445\u0428\u0445\u0412): 110x55x30 \u0441\u043c<\/li>\n<li>\u0412\u0435\u0441 (EPTA): 11 \u043a\u0433<\/li>\n<li class=\"translation-block\">\u0414\u043e\u0441\u0442\u0430\u0432\u043a\u0430: 40 z\u0142 netto<\/li>\n<\/ul>","protected":false},"featured_media":30083,"template":"","meta":{"_monsterinsights_skip_tracking":false,"_monsterinsights_sitenote_active":false,"_monsterinsights_sitenote_note":"","_monsterinsights_sitenote_category":0},"product_brand":[],"product_cat":[78,185],"product_tag":[],"class_list":{"0":"post-30097","1":"product","2":"type-product","3":"status-publish","4":"has-post-thumbnail","6":"product_cat-ogrod-i-dom","7":"product_cat-walce-siewniki-wycinarki-do-trawy","9":"first","10":"instock","11":"taxable","12":"shipping-taxable","13":"purchasable","14":"product-type-simple"},"_links":{"self":[{"href":"https:\/\/coolrent.pl\/ru\/wp-json\/wp\/v2\/product\/30097","targetHints":{"allow":["GET"]}}],"collection":[{"href":"https:\/\/coolrent.pl\/ru\/wp-json\/wp\/v2\/product"}],"about":[{"href":"https:\/\/coolrent.pl\/ru\/wp-json\/wp\/v2\/types\/product"}],"version-history":[{"count":3,"href":"https:\/\/coolrent.pl\/ru\/wp-json\/wp\/v2\/product\/30097\/revisions"}],"predecessor-version":[{"id":30357,"href":"https:\/\/coolrent.pl\/ru\/wp-json\/wp\/v2\/product\/30097\/revisions\/30357"}],"wp:featuredmedia":[{"embeddable":true,"href":"https:\/\/coolrent.pl\/ru\/wp-json\/wp\/v2\/media\/30083"}],"wp:attachment":[{"href":"https:\/\/coolrent.pl\/ru\/wp-json\/wp\/v2\/media?parent=30097"}],"wp:term":[{"taxonomy":"product_brand","embeddable":true,"href":"https:\/\/coolrent.pl\/ru\/wp-json\/wp\/v2\/product_brand?post=30097"},{"taxonomy":"product_cat","embeddable":true,"href":"https:\/\/coolrent.pl\/ru\/wp-json\/wp\/v2\/product_cat?post=30097"},{"taxonomy":"product_tag","embeddable":true,"href":"https:\/\/coolrent.pl\/ru\/wp-json\/wp\/v2\/product_tag?post=30097"}],"curies":[{"name":"wp","href":"https:\/\/api.w.org\/{rel}","templated":true}]}}