{"id":30104,"date":"2025-03-23T16:01:53","date_gmt":"2025-03-23T16:01:53","guid":{"rendered":"https:\/\/coolrent.pl\/?post_type=product&#038;p=30104"},"modified":"2026-03-08T19:17:04","modified_gmt":"2026-03-08T19:17:04","slug":"reczna-przecinarka-do-plytek-i-glazury-120-cm-kd10677","status":"publish","type":"product","link":"https:\/\/coolrent.pl\/ru\/reczna-przecinarka-do-plytek-i-glazury-120-cm-kd10677\/","title":{"rendered":"\u0420\u0443\u0447\u043d\u043e\u0439 \u043f\u043b\u0438\u0442\u043a\u043e\u0440\u0435\u0437 120 \u0441\u043c KD10677"},"content":{"rendered":"<h2 data-start=\"137\" data-end=\"216\">\u0420\u0443\u0447\u043d\u043e\u0439 \u043f\u043b\u0438\u0442\u043a\u043e\u0440\u0435\u0437 120 \u0441\u043c KD10677 \u2013 \u0430\u0440\u0435\u043d\u0434\u0430 \u0412\u0430\u0440\u0448\u0430\u0432\u0430 (Bia\u0142o\u0142\u0119ka)<\/h2>\n<p data-start=\"218\" data-end=\"512\" class=\"translation-block\">\u0412 CoolRent \u0412\u0430\u0440\u0448\u0430\u0432\u0430 (Bia\u0142o\u0142\u0119ka) \u0434\u043e\u0441\u0442\u0443\u043f\u0435\u043d \u0432 \u0430\u0440\u0435\u043d\u0434\u0443 \u0440\u0443\u0447\u043d\u043e\u0439 \u043f\u043b\u0438\u0442\u043a\u043e\u0440\u0435\u0437 120 \u0441\u043c KD10677, \u043a\u043e\u0442\u043e\u0440\u044b\u0439 \u0438\u0434\u0435\u0430\u043b\u044c\u043d\u043e \u043f\u043e\u0434\u0445\u043e\u0434\u0438\u0442 \u0434\u043b\u044f \u0442\u043e\u0447\u043d\u043e\u0439 \u0440\u0435\u0437\u043a\u0438 \u043f\u043b\u0438\u0442\u043a\u0438 \u0438 \u043a\u0435\u0440\u0430\u043c\u0438\u043a\u0438 \u0431\u043e\u043b\u044c\u0448\u043e\u0433\u043e \u0444\u043e\u0440\u043c\u0430\u0442\u0430. \u0411\u043b\u0430\u0433\u043e\u0434\u0430\u0440\u044f \u043f\u0440\u043e\u0447\u043d\u043e\u0439 \u043a\u043e\u043d\u0441\u0442\u0440\u0443\u043a\u0446\u0438\u0438 \u0438 \u043e\u0441\u0442\u0440\u043e\u043c\u0443 \u0440\u0435\u0436\u0443\u0449\u0435\u043c\u0443 \u043b\u0435\u0437\u0432\u0438\u044e \u044d\u0442\u043e\u0442 \u0438\u043d\u0441\u0442\u0440\u0443\u043c\u0435\u043d\u0442 \u043e\u0431\u0435\u0441\u043f\u0435\u0447\u0438\u0432\u0430\u0435\u0442 \u0447\u0438\u0441\u0442\u044b\u0439 \u0438 \u0430\u043a\u043a\u0443\u0440\u0430\u0442\u043d\u044b\u0439 \u0440\u0435\u0437 \u0431\u0435\u0437 \u0441\u043a\u043e\u043b\u043e\u0432.<\/p>\n<hr data-start=\"514\" data-end=\"517\" \/>\n<h3 data-start=\"519\" data-end=\"551\">\u041f\u0440\u0435\u0438\u043c\u0443\u0449\u0435\u0441\u0442\u0432\u0430 \u043f\u043b\u0438\u0442\u043a\u043e\u0440\u0435\u0437\u0430 KD10677<\/h3>\n<ul data-start=\"553\" data-end=\"875\">\n<li data-start=\"553\" data-end=\"618\">\n<p data-start=\"555\" data-end=\"618\">\u041f\u043e\u0434\u0445\u043e\u0434\u0438\u0442 \u0434\u043b\u044f \u0440\u0435\u0437\u043a\u0438 \u043f\u043b\u0438\u0442\u043a\u0438 \u0438 \u043a\u0435\u0440\u0430\u043c\u0438\u043a\u0438 \u0434\u043b\u0438\u043d\u043e\u0439 \u0434\u043e 120 \u0441\u043c<\/p>\n<\/li>\n<li data-start=\"619\" data-end=\"661\">\n<p data-start=\"621\" data-end=\"661\">\u041f\u0440\u043e\u0447\u043d\u0430\u044f \u043a\u043e\u043d\u0441\u0442\u0440\u0443\u043a\u0446\u0438\u044f \u0438 \u0434\u043e\u043b\u0433\u043e\u0432\u0435\u0447\u043d\u044b\u0435 \u043c\u0430\u0442\u0435\u0440\u0438\u0430\u043b\u044b<\/p>\n<\/li>\n<li data-start=\"662\" data-end=\"713\">\n<p data-start=\"664\" data-end=\"713\">\u0422\u043e\u0447\u043d\u043e\u0435 \u0438 \u0447\u0438\u0441\u0442\u043e\u0435 \u0440\u0435\u0437\u0430\u043d\u0438\u0435 \u0431\u0435\u0437 \u043f\u043e\u0432\u0440\u0435\u0436\u0434\u0435\u043d\u0438\u044f \u043f\u043b\u0438\u0442\u043a\u0438<\/p>\n<\/li>\n<li data-start=\"714\" data-end=\"771\">\n<p data-start=\"716\" data-end=\"771\">\u0423\u0434\u043e\u0431\u043d\u0430\u044f \u0440\u0443\u043a\u043e\u044f\u0442\u043a\u0430 \u0438 \u043d\u0430\u043f\u0440\u0430\u0432\u043b\u044f\u044e\u0449\u0438\u0435 \u0434\u043b\u044f \u0441\u0442\u0430\u0431\u0438\u043b\u044c\u043d\u043e\u0439 \u0440\u0430\u0431\u043e\u0442\u044b<\/p>\n<\/li>\n<li data-start=\"772\" data-end=\"824\">\n<p data-start=\"774\" data-end=\"824\">\u042d\u0440\u0433\u043e\u043d\u043e\u043c\u0438\u0447\u043d\u044b\u0439 \u0434\u0438\u0437\u0430\u0439\u043d \u0434\u043b\u044f \u043a\u043e\u043c\u0444\u043e\u0440\u0442\u043d\u043e\u0433\u043e \u0438\u0441\u043f\u043e\u043b\u044c\u0437\u043e\u0432\u0430\u043d\u0438\u044f<\/p>\n<\/li>\n<li data-start=\"825\" data-end=\"875\">\n<p data-start=\"827\" data-end=\"875\">\u0418\u0434\u0435\u0430\u043b\u0435\u043d \u0434\u043b\u044f \u043f\u0440\u043e\u0444\u0435\u0441\u0441\u0438\u043e\u043d\u0430\u043b\u043e\u0432 \u0438 \u0434\u043e\u043c\u0430\u0448\u043d\u0438\u0445 \u043c\u0430\u0441\u0442\u0435\u0440\u043e\u0432<\/p>\n<\/li>\n<\/ul>\n<hr data-start=\"877\" data-end=\"880\" \/>\n<h3 data-start=\"882\" data-end=\"918\">\u0410\u0440\u0435\u043d\u0434\u0430 \u043f\u043b\u0438\u0442\u043a\u043e\u0440\u0435\u0437\u0430 \u0432 CoolRent<\/h3>\n<ol data-start=\"920\" data-end=\"1126\">\n<li data-start=\"920\" data-end=\"987\">\n<p data-start=\"923\" data-end=\"987\">\u0421\u0432\u044f\u0436\u0438\u0442\u0435\u0441\u044c \u0441 \u043d\u0430\u043c\u0438 \u043f\u043e \u0442\u0435\u043b\u0435\u0444\u043e\u043d\u0443 \u0438\u043b\u0438 \u0447\u0435\u0440\u0435\u0437 \u0444\u043e\u0440\u043c\u0443 \u043d\u0430 \u0441\u0430\u0439\u0442\u0435<\/p>\n<\/li>\n<li data-start=\"988\" data-end=\"1053\">\n<p data-start=\"991\" data-end=\"1053\">\u0417\u0430\u0431\u0440\u043e\u043d\u0438\u0440\u0443\u0439\u0442\u0435 \u0440\u0443\u0447\u043d\u043e\u0439 \u043f\u043b\u0438\u0442\u043a\u043e\u0440\u0435\u0437 KD10677 \u0438 \u0441\u043e\u0433\u043b\u0430\u0441\u0443\u0439\u0442\u0435 \u0441\u0440\u043e\u043a \u0430\u0440\u0435\u043d\u0434\u044b<\/p>\n<\/li>\n<li data-start=\"1054\" data-end=\"1126\">\n<p data-start=\"1057\" data-end=\"1126\">\u0417\u0430\u0431\u0435\u0440\u0438\u0442\u0435 \u043e\u0431\u043e\u0440\u0443\u0434\u043e\u0432\u0430\u043d\u0438\u0435 \u0432 \u0412\u0430\u0440\u0448\u0430\u0432\u0435 (Bia\u0142o\u0142\u0119ka) \u0438\u043b\u0438 \u0432\u043e\u0441\u043f\u043e\u043b\u044c\u0437\u0443\u0439\u0442\u0435\u0441\u044c \u0434\u043e\u0441\u0442\u0430\u0432\u043a\u043e\u0439<\/p>\n<\/li>\n<\/ol>\n<p data-start=\"1128\" data-end=\"1260\" class=\"translation-block\">\u041c\u044b \u043f\u0440\u0435\u0434\u043b\u0430\u0433\u0430\u0435\u043c \u0433\u0438\u0431\u043a\u0438\u0435 \u0443\u0441\u043b\u043e\u0432\u0438\u044f \u0430\u0440\u0435\u043d\u0434\u044b \u2013 \u043f\u043e\u0447\u0430\u0441\u043e\u0432\u044b\u0435, \u0441\u0443\u0442\u043e\u0447\u043d\u044b\u0435 \u0438 \u0434\u043e\u043b\u0433\u043e\u0441\u0440\u043e\u0447\u043d\u044b\u0435. \u041e\u043f\u043b\u0430\u0447\u0438\u0432\u0430\u0435\u0442\u0435 \u0442\u043e\u043b\u044c\u043a\u043e \u0444\u0430\u043a\u0442\u0438\u0447\u0435\u0441\u043a\u043e\u0435 \u0432\u0440\u0435\u043c\u044f \u0438\u0441\u043f\u043e\u043b\u044c\u0437\u043e\u0432\u0430\u043d\u0438\u044f.<\/p>\n<hr data-start=\"1262\" data-end=\"1265\" \/>\n<h3 data-start=\"1267\" data-end=\"1325\">CoolRent \u2013 \u043f\u0440\u043e\u043a\u0430\u0442 \u0438\u043d\u0441\u0442\u0440\u0443\u043c\u0435\u043d\u0442\u043e\u0432 \u0412\u0430\u0440\u0448\u0430\u0432\u0430 Bia\u0142o\u0142\u0119ka<\/h3>\n<p data-start=\"1327\" data-end=\"1468\" class=\"translation-block\">\u0410\u0440\u0435\u043d\u0434\u0430 \u043f\u043b\u0438\u0442\u043a\u043e\u0440\u0435\u0437\u0430 KD10677 120 \u0441\u043c \u0432 CoolRent \u2013 \u044d\u0442\u043e \u0433\u0430\u0440\u0430\u043d\u0442\u0438\u044f \u043a\u0430\u0447\u0435\u0441\u0442\u0432\u0435\u043d\u043d\u043e\u0433\u043e \u043e\u0431\u043e\u0440\u0443\u0434\u043e\u0432\u0430\u043d\u0438\u044f, \u0432\u044b\u0433\u043e\u0434\u043d\u044b\u0445 \u0446\u0435\u043d \u0438 \u043f\u0440\u043e\u0444\u0435\u0441\u0441\u0438\u043e\u043d\u0430\u043b\u044c\u043d\u043e\u0433\u043e \u043e\u0431\u0441\u043b\u0443\u0436\u0438\u0432\u0430\u043d\u0438\u044f.<\/p>","protected":false},"excerpt":{"rendered":"<ul>\n<li>\u0414\u043b\u0438\u043d\u0430 \u0440\u0435\u0437\u043a\u0438: 120 \u0441\u043c<\/li>\n<li>\u0412\u044b\u0441\u043e\u0442\u0430 \u0440\u0435\u0437\u043a\u0438: 4 \u2013 14 \u043c\u043c<\/li>\n<li>\u0421\u0438\u043b\u0430 \u0440\u0430\u0437\u043b\u043e\u043c\u0430 \u043f\u043b\u0438\u0442\u043a\u0438 : 800 \u043a\u0433<\/li>\n<li class=\"translation-block\">\u0414\u043e\u0441\u0442\u0430\u0432\u043a\u0430: 40 z\u0142 netto<\/li>\n<\/ul>","protected":false},"featured_media":30080,"template":"","meta":{"_monsterinsights_skip_tracking":false,"_monsterinsights_sitenote_active":false,"_monsterinsights_sitenote_note":"","_monsterinsights_sitenote_category":0},"product_brand":[],"product_cat":[123,128],"product_tag":[],"class_list":{"0":"post-30104","1":"product","2":"type-product","3":"status-publish","4":"has-post-thumbnail","6":"product_cat-obrobka-betonu-gladzi-glazury","7":"product_cat-przecinarki-do-plytek-i-glazury","9":"first","10":"instock","11":"taxable","12":"shipping-taxable","13":"purchasable","14":"product-type-simple"},"_links":{"self":[{"href":"https:\/\/coolrent.pl\/ru\/wp-json\/wp\/v2\/product\/30104","targetHints":{"allow":["GET"]}}],"collection":[{"href":"https:\/\/coolrent.pl\/ru\/wp-json\/wp\/v2\/product"}],"about":[{"href":"https:\/\/coolrent.pl\/ru\/wp-json\/wp\/v2\/types\/product"}],"version-history":[{"count":5,"href":"https:\/\/coolrent.pl\/ru\/wp-json\/wp\/v2\/product\/30104\/revisions"}],"predecessor-version":[{"id":30364,"href":"https:\/\/coolrent.pl\/ru\/wp-json\/wp\/v2\/product\/30104\/revisions\/30364"}],"wp:featuredmedia":[{"embeddable":true,"href":"https:\/\/coolrent.pl\/ru\/wp-json\/wp\/v2\/media\/30080"}],"wp:attachment":[{"href":"https:\/\/coolrent.pl\/ru\/wp-json\/wp\/v2\/media?parent=30104"}],"wp:term":[{"taxonomy":"product_brand","embeddable":true,"href":"https:\/\/coolrent.pl\/ru\/wp-json\/wp\/v2\/product_brand?post=30104"},{"taxonomy":"product_cat","embeddable":true,"href":"https:\/\/coolrent.pl\/ru\/wp-json\/wp\/v2\/product_cat?post=30104"},{"taxonomy":"product_tag","embeddable":true,"href":"https:\/\/coolrent.pl\/ru\/wp-json\/wp\/v2\/product_tag?post=30104"}],"curies":[{"name":"wp","href":"https:\/\/api.w.org\/{rel}","templated":true}]}}